{"id":4344,"date":"2026-01-04T16:36:03","date_gmt":"2026-01-04T16:36:03","guid":{"rendered":"https:\/\/3solutions.pt\/?page_id=4344"},"modified":"2026-01-04T17:59:51","modified_gmt":"2026-01-04T17:59:51","slug":"login-plataforma-3solutions","status":"publish","type":"page","link":"https:\/\/3solutions.pt\/en\/login-plataforma-3solutions\/","title":{"rendered":"Login"},"content":{"rendered":"<div data-elementor-type=\"wp-page\" data-elementor-id=\"4344\" class=\"elementor elementor-4344\">\n\t\t\t\t<div class=\"elementor-element elementor-element-57f2f38f e-flex e-con-boxed e-con e-parent\" data-id=\"57f2f38f\" data-element_type=\"container\" data-e-type=\"container\" data-settings=\"{&quot;background_background&quot;:&quot;classic&quot;}\">\n\t\t\t\t\t<div class=\"e-con-inner\">\n\t\t<div class=\"elementor-element elementor-element-1879e5c6 e-con-full e-flex e-con e-child\" data-id=\"1879e5c6\" data-element_type=\"container\" data-e-type=\"container\">\n\t\t\t\t<div class=\"elementor-element elementor-element-3c10baf4 elementor-widget elementor-widget-heading\" data-id=\"3c10baf4\" data-element_type=\"widget\" data-e-type=\"widget\" data-widget_type=\"heading.default\">\n\t\t\t\t<div class=\"elementor-widget-container\">\n\t\t\t\t\t<h1 class=\"elementor-heading-title elementor-size-default\">Login<\/h1>\t\t\t\t<\/div>\n\t\t\t\t<\/div>\n\t\t\t\t<\/div>\n\t\t\t\t\t<\/div>\n\t\t\t\t<\/div>\n\t\t<div class=\"elementor-element elementor-element-6685e576 e-flex e-con-boxed e-con e-parent\" data-id=\"6685e576\" data-element_type=\"container\" data-e-type=\"container\" data-settings=\"{&quot;background_background&quot;:&quot;classic&quot;}\">\n\t\t\t\t\t<div class=\"e-con-inner\">\n\t\t\t\t<div class=\"elementor-element elementor-element-32bdcc8 elementor-widget elementor-widget-html\" data-id=\"32bdcc8\" data-element_type=\"widget\" data-e-type=\"widget\" data-widget_type=\"html.default\">\n\t\t\t\t<div class=\"elementor-widget-container\">\n\t\t\t\t\t<form action=\"\/wp-login.php\" method=\"post\" data-trp-original-action=\"\/wp-login.php\">\r\n  <p>\r\n    <label>Utilizador<\/label><br>\r\n    <input type=\"text\" name=\"log\" required>\r\n  <\/p>\r\n\r\n  <p>\r\n    <label>Password<\/label><br>\r\n    <input type=\"password\" name=\"pwd\" required>\r\n  <\/p>\r\n\r\n  <input type=\"hidden\" name=\"redirect_to\" value=\"https:\/\/3solutions.pt\/treino-pratico-de-vendas-e-lideranca-no-retalho\/\">\r\n\r\n  <p>\r\n    <button type=\"submit\">Entrar<\/button>\r\n  <\/p>\r\n\r\n  <p>\r\n    <a href=\"\/en\/wp-login.php\/?action=lostpassword\">Esqueci-me da password<\/a>\r\n  <\/p>\r\n<input type=\"hidden\" name=\"trp-form-language\" value=\"en\"\/><\/form>\r\n\t\t\t\t<\/div>\n\t\t\t\t<\/div>\n\t\t<div class=\"elementor-element elementor-element-71dfdfb3 e-con-full e-flex e-con e-child\" data-id=\"71dfdfb3\" data-element_type=\"container\" data-e-type=\"container\">\n\t\t<div class=\"elementor-element elementor-element-4060e164 e-flex e-con-boxed e-con e-child\" data-id=\"4060e164\" data-element_type=\"container\" data-e-type=\"container\">\n\t\t\t\t\t<div class=\"e-con-inner\">\n\t\t\t\t\t<\/div>\n\t\t\t\t<\/div>\n\t\t\t\t<\/div>\n\t\t\t\t<div class=\"elementor-element elementor-element-54787fd5 elementor-widget__width-initial elementor-widget elementor-widget-image\" data-id=\"54787fd5\" data-element_type=\"widget\" data-e-type=\"widget\" data-widget_type=\"image.default\">\n\t\t\t\t<div class=\"elementor-widget-container\">\n\t\t\t\t\t\t\t\t\t\t\t\t\t\t\t<img decoding=\"async\" src=\"https:\/\/3solutions.pt\/wp-content\/uploads\/2025\/12\/3Solutions-a-empresa-de-eleicao-na-formacao-de-vendas-e-lideranca-no-retalho-de-moda-e-alimentar.jpeg\" title=\"\" alt=\"3Solutions a marca que se tem revelado como extremamente ecicaz a alcan\u00e7ar resultados no retalho\" loading=\"lazy\" \/>\t\t\t\t\t\t\t\t\t\t\t\t\t\t\t<\/div>\n\t\t\t\t<\/div>\n\t\t\t\t\t<\/div>\n\t\t\t\t<\/div>\n\t\t\t\t<\/div>","protected":false},"excerpt":{"rendered":"<p>Login Utilizador Password Entrar Esqueci-me da password<\/p>","protected":false},"author":2,"featured_media":0,"parent":0,"menu_order":0,"comment_status":"closed","ping_status":"closed","template":"","meta":{"site-sidebar-layout":"no-sidebar","site-content-layout":"page-builder","ast-site-content-layout":"full-width-container","site-content-style":"default","site-sidebar-style":"default","ast-global-header-display":"","ast-banner-title-visibility":"","ast-main-header-display":"","ast-hfb-above-header-display":"","ast-hfb-below-header-display":"","ast-hfb-mobile-header-display":"","site-post-title":"disabled","ast-breadcrumbs-content":"","ast-featured-img":"disabled","footer-sml-layout":"","ast-disable-related-posts":"","theme-transparent-header-meta":"","adv-header-id-meta":"","stick-header-meta":"","header-above-stick-meta":"","header-main-stick-meta":"","header-below-stick-meta":"","astra-migrate-meta-layouts":"set","ast-page-background-enabled":"default","ast-page-background-meta":{"desktop":{"background-color":"","background-image":"","background-repeat":"repeat","background-position":"center center","background-size":"auto","background-attachment":"scroll","background-type":"","background-media":"","overlay-type":"","overlay-color":"","overlay-opacity":"","overlay-gradient":""},"tablet":{"background-color":"","background-image":"","background-repeat":"repeat","background-position":"center center","background-size":"auto","background-attachment":"scroll","background-type":"","background-media":"","overlay-type":"","overlay-color":"","overlay-opacity":"","overlay-gradient":""},"mobile":{"background-color":"","background-image":"","background-repeat":"repeat","background-position":"center center","background-size":"auto","background-attachment":"scroll","background-type":"","background-media":"","overlay-type":"","overlay-color":"","overlay-opacity":"","overlay-gradient":""}},"ast-content-background-meta":{"desktop":{"background-color":"var(--ast-global-color-5)","background-image":"","background-repeat":"repeat","background-position":"center center","background-size":"auto","background-attachment":"scroll","background-type":"","background-media":"","overlay-type":"","overlay-color":"","overlay-opacity":"","overlay-gradient":""},"tablet":{"background-color":"var(--ast-global-color-5)","background-image":"","background-repeat":"repeat","background-position":"center center","background-size":"auto","background-attachment":"scroll","background-type":"","background-media":"","overlay-type":"","overlay-color":"","overlay-opacity":"","overlay-gradient":""},"mobile":{"background-color":"var(--ast-global-color-5)","background-image":"","background-repeat":"repeat","background-position":"center center","background-size":"auto","background-attachment":"scroll","background-type":"","background-media":"","overlay-type":"","overlay-color":"","overlay-opacity":"","overlay-gradient":""}},"footnotes":""},"class_list":["post-4344","page","type-page","status-publish","hentry"],"yoast_head":"<!-- This site is optimized with the Yoast SEO plugin v27.2 - https:\/\/yoast.com\/product\/yoast-seo-wordpress\/ -->\n<title>Login 3Solutions | Treino Pr\u00e1tico de Vendas, Lideran\u00e7a e Comunica\u00e7\u00e3o<\/title>\n<meta name=\"description\" content=\"Acede \u00e0 plataforma 3Solutions para treinar vendas, briefings e comunica\u00e7\u00e3o em cen\u00e1rios reais de loja. Sess\u00f5es pr\u00e1ticas, m\u00e9todo claro e aplica\u00e7\u00e3o imediata.\" \/>\n<meta name=\"robots\" content=\"index, follow, max-snippet:-1, max-image-preview:large, max-video-preview:-1\" \/>\n<link rel=\"canonical\" href=\"https:\/\/3solutions.pt\/en\/login-plataforma-3solutions\/\" \/>\n<meta property=\"og:locale\" content=\"en_GB\" \/>\n<meta property=\"og:type\" content=\"article\" \/>\n<meta property=\"og:title\" content=\"Login 3Solutions | Treino Pr\u00e1tico de Vendas, Lideran\u00e7a e Comunica\u00e7\u00e3o\" \/>\n<meta property=\"og:description\" content=\"Acede \u00e0 plataforma 3Solutions para treinar vendas, briefings e comunica\u00e7\u00e3o em cen\u00e1rios reais de loja. Sess\u00f5es pr\u00e1ticas, m\u00e9todo claro e aplica\u00e7\u00e3o imediata.\" \/>\n<meta property=\"og:url\" content=\"https:\/\/3solutions.pt\/en\/login-plataforma-3solutions\/\" \/>\n<meta property=\"og:site_name\" content=\"3Solutions Consultoria em Marketing e Gest\u00e3o\" \/>\n<meta property=\"article:publisher\" content=\"https:\/\/www.facebook.com\/share\/17VAXrDnwy\/\" \/>\n<meta property=\"article:modified_time\" content=\"2026-01-04T17:59:51+00:00\" \/>\n<meta property=\"og:image\" content=\"https:\/\/3solutions.pt\/wp-content\/uploads\/2025\/12\/3Solutions-a-empresa-de-eleicao-na-formacao-de-vendas-e-lideranca-no-retalho-de-moda-e-alimentar.jpeg\" \/>\n<meta name=\"twitter:card\" content=\"summary_large_image\" \/>\n<meta name=\"twitter:label1\" content=\"Estimated reading time\" \/>\n\t<meta name=\"twitter:data1\" content=\"1 minute\" \/>\n<script type=\"application\/ld+json\" class=\"yoast-schema-graph\">{\"@context\":\"https:\/\/schema.org\",\"@graph\":[{\"@type\":\"WebPage\",\"@id\":\"https:\/\/3solutions.pt\/login-plataforma-3solutions\/\",\"url\":\"https:\/\/3solutions.pt\/login-plataforma-3solutions\/\",\"name\":\"Login 3Solutions | Treino Pr\u00e1tico de Vendas, Lideran\u00e7a e Comunica\u00e7\u00e3o\",\"isPartOf\":{\"@id\":\"https:\/\/3solutions.pt\/#website\"},\"primaryImageOfPage\":{\"@id\":\"https:\/\/3solutions.pt\/login-plataforma-3solutions\/#primaryimage\"},\"image\":{\"@id\":\"https:\/\/3solutions.pt\/login-plataforma-3solutions\/#primaryimage\"},\"thumbnailUrl\":\"https:\/\/3solutions.pt\/wp-content\/uploads\/2025\/12\/3Solutions-a-empresa-de-eleicao-na-formacao-de-vendas-e-lideranca-no-retalho-de-moda-e-alimentar.jpeg\",\"datePublished\":\"2026-01-04T16:36:03+00:00\",\"dateModified\":\"2026-01-04T17:59:51+00:00\",\"description\":\"Acede \u00e0 plataforma 3Solutions para treinar vendas, briefings e comunica\u00e7\u00e3o em cen\u00e1rios reais de loja. Sess\u00f5es pr\u00e1ticas, m\u00e9todo claro e aplica\u00e7\u00e3o imediata.\",\"breadcrumb\":{\"@id\":\"https:\/\/3solutions.pt\/login-plataforma-3solutions\/#breadcrumb\"},\"inLanguage\":\"en-GB\",\"potentialAction\":[{\"@type\":\"ReadAction\",\"target\":[\"https:\/\/3solutions.pt\/login-plataforma-3solutions\/\"]}]},{\"@type\":\"ImageObject\",\"inLanguage\":\"en-GB\",\"@id\":\"https:\/\/3solutions.pt\/login-plataforma-3solutions\/#primaryimage\",\"url\":\"https:\/\/3solutions.pt\/wp-content\/uploads\/2025\/12\/3Solutions-a-empresa-de-eleicao-na-formacao-de-vendas-e-lideranca-no-retalho-de-moda-e-alimentar.jpeg\",\"contentUrl\":\"https:\/\/3solutions.pt\/wp-content\/uploads\/2025\/12\/3Solutions-a-empresa-de-eleicao-na-formacao-de-vendas-e-lideranca-no-retalho-de-moda-e-alimentar.jpeg\"},{\"@type\":\"BreadcrumbList\",\"@id\":\"https:\/\/3solutions.pt\/login-plataforma-3solutions\/#breadcrumb\",\"itemListElement\":[{\"@type\":\"ListItem\",\"position\":1,\"name\":\"In\u00edcio\",\"item\":\"https:\/\/3solutions.pt\/\"},{\"@type\":\"ListItem\",\"position\":2,\"name\":\"Login\"}]},{\"@type\":\"WebSite\",\"@id\":\"https:\/\/3solutions.pt\/#website\",\"url\":\"https:\/\/3solutions.pt\/\",\"name\":\"3Solutions Consultoria em Marketing e Gest\u00e3o\",\"description\":\"Consultoria e Marketing Digital\",\"publisher\":{\"@id\":\"https:\/\/3solutions.pt\/#organization\"},\"potentialAction\":[{\"@type\":\"SearchAction\",\"target\":{\"@type\":\"EntryPoint\",\"urlTemplate\":\"https:\/\/3solutions.pt\/?s={search_term_string}\"},\"query-input\":{\"@type\":\"PropertyValueSpecification\",\"valueRequired\":true,\"valueName\":\"search_term_string\"}}],\"inLanguage\":\"en-GB\"},{\"@type\":\"Organization\",\"@id\":\"https:\/\/3solutions.pt\/#organization\",\"name\":\"3Solutions Consultoria em Marketing e Gest\u00e3o\",\"url\":\"https:\/\/3solutions.pt\/\",\"logo\":{\"@type\":\"ImageObject\",\"inLanguage\":\"en-GB\",\"@id\":\"https:\/\/3solutions.pt\/#\/schema\/logo\/image\/\",\"url\":\"https:\/\/3solutions.pt\/wp-content\/uploads\/2025\/12\/cropped-Prancheta-1-copia-6-scaled-1.png\",\"contentUrl\":\"https:\/\/3solutions.pt\/wp-content\/uploads\/2025\/12\/cropped-Prancheta-1-copia-6-scaled-1.png\",\"width\":2559,\"height\":855,\"caption\":\"3Solutions Consultoria em Marketing e Gest\u00e3o\"},\"image\":{\"@id\":\"https:\/\/3solutions.pt\/#\/schema\/logo\/image\/\"},\"sameAs\":[\"https:\/\/www.facebook.com\/share\/17VAXrDnwy\/\",\"https:\/\/www.instagram.com\/wespeakretail?igsh=d2Y0a2RzY29nN2Fv\"]}]}<\/script>\n<!-- \/ Yoast SEO plugin. -->","yoast_head_json":{"title":"Login 3Solutions | Treino Pr\u00e1tico de Vendas, Lideran\u00e7a e Comunica\u00e7\u00e3o","description":"Acede \u00e0 plataforma 3Solutions para treinar vendas, briefings e comunica\u00e7\u00e3o em cen\u00e1rios reais de loja. Sess\u00f5es pr\u00e1ticas, m\u00e9todo claro e aplica\u00e7\u00e3o imediata.","robots":{"index":"index","follow":"follow","max-snippet":"max-snippet:-1","max-image-preview":"max-image-preview:large","max-video-preview":"max-video-preview:-1"},"canonical":"https:\/\/3solutions.pt\/en\/login-plataforma-3solutions\/","og_locale":"en_GB","og_type":"article","og_title":"Login 3Solutions | Treino Pr\u00e1tico de Vendas, Lideran\u00e7a e Comunica\u00e7\u00e3o","og_description":"Acede \u00e0 plataforma 3Solutions para treinar vendas, briefings e comunica\u00e7\u00e3o em cen\u00e1rios reais de loja. Sess\u00f5es pr\u00e1ticas, m\u00e9todo claro e aplica\u00e7\u00e3o imediata.","og_url":"https:\/\/3solutions.pt\/en\/login-plataforma-3solutions\/","og_site_name":"3Solutions Consultoria em Marketing e Gest\u00e3o","article_publisher":"https:\/\/www.facebook.com\/share\/17VAXrDnwy\/","article_modified_time":"2026-01-04T17:59:51+00:00","og_image":[{"url":"https:\/\/3solutions.pt\/wp-content\/uploads\/2025\/12\/3Solutions-a-empresa-de-eleicao-na-formacao-de-vendas-e-lideranca-no-retalho-de-moda-e-alimentar.jpeg","type":"","width":"","height":""}],"twitter_card":"summary_large_image","twitter_misc":{"Estimated reading time":"1 minute"},"schema":{"@context":"https:\/\/schema.org","@graph":[{"@type":"WebPage","@id":"https:\/\/3solutions.pt\/login-plataforma-3solutions\/","url":"https:\/\/3solutions.pt\/login-plataforma-3solutions\/","name":"Login 3Solutions | Treino Pr\u00e1tico de Vendas, Lideran\u00e7a e Comunica\u00e7\u00e3o","isPartOf":{"@id":"https:\/\/3solutions.pt\/#website"},"primaryImageOfPage":{"@id":"https:\/\/3solutions.pt\/login-plataforma-3solutions\/#primaryimage"},"image":{"@id":"https:\/\/3solutions.pt\/login-plataforma-3solutions\/#primaryimage"},"thumbnailUrl":"https:\/\/3solutions.pt\/wp-content\/uploads\/2025\/12\/3Solutions-a-empresa-de-eleicao-na-formacao-de-vendas-e-lideranca-no-retalho-de-moda-e-alimentar.jpeg","datePublished":"2026-01-04T16:36:03+00:00","dateModified":"2026-01-04T17:59:51+00:00","description":"Acede \u00e0 plataforma 3Solutions para treinar vendas, briefings e comunica\u00e7\u00e3o em cen\u00e1rios reais de loja. Sess\u00f5es pr\u00e1ticas, m\u00e9todo claro e aplica\u00e7\u00e3o imediata.","breadcrumb":{"@id":"https:\/\/3solutions.pt\/login-plataforma-3solutions\/#breadcrumb"},"inLanguage":"en-GB","potentialAction":[{"@type":"ReadAction","target":["https:\/\/3solutions.pt\/login-plataforma-3solutions\/"]}]},{"@type":"ImageObject","inLanguage":"en-GB","@id":"https:\/\/3solutions.pt\/login-plataforma-3solutions\/#primaryimage","url":"https:\/\/3solutions.pt\/wp-content\/uploads\/2025\/12\/3Solutions-a-empresa-de-eleicao-na-formacao-de-vendas-e-lideranca-no-retalho-de-moda-e-alimentar.jpeg","contentUrl":"https:\/\/3solutions.pt\/wp-content\/uploads\/2025\/12\/3Solutions-a-empresa-de-eleicao-na-formacao-de-vendas-e-lideranca-no-retalho-de-moda-e-alimentar.jpeg"},{"@type":"BreadcrumbList","@id":"https:\/\/3solutions.pt\/login-plataforma-3solutions\/#breadcrumb","itemListElement":[{"@type":"ListItem","position":1,"name":"In\u00edcio","item":"https:\/\/3solutions.pt\/"},{"@type":"ListItem","position":2,"name":"Login"}]},{"@type":"WebSite","@id":"https:\/\/3solutions.pt\/#website","url":"https:\/\/3solutions.pt\/","name":"3Solutions Consultoria em Marketing e Gest\u00e3o","description":"Consultoria e Marketing Digital","publisher":{"@id":"https:\/\/3solutions.pt\/#organization"},"potentialAction":[{"@type":"SearchAction","target":{"@type":"EntryPoint","urlTemplate":"https:\/\/3solutions.pt\/?s={search_term_string}"},"query-input":{"@type":"PropertyValueSpecification","valueRequired":true,"valueName":"search_term_string"}}],"inLanguage":"en-GB"},{"@type":"Organization","@id":"https:\/\/3solutions.pt\/#organization","name":"3Solutions Consultoria em Marketing e Gest\u00e3o","url":"https:\/\/3solutions.pt\/","logo":{"@type":"ImageObject","inLanguage":"en-GB","@id":"https:\/\/3solutions.pt\/#\/schema\/logo\/image\/","url":"https:\/\/3solutions.pt\/wp-content\/uploads\/2025\/12\/cropped-Prancheta-1-copia-6-scaled-1.png","contentUrl":"https:\/\/3solutions.pt\/wp-content\/uploads\/2025\/12\/cropped-Prancheta-1-copia-6-scaled-1.png","width":2559,"height":855,"caption":"3Solutions Consultoria em Marketing e Gest\u00e3o"},"image":{"@id":"https:\/\/3solutions.pt\/#\/schema\/logo\/image\/"},"sameAs":["https:\/\/www.facebook.com\/share\/17VAXrDnwy\/","https:\/\/www.instagram.com\/wespeakretail?igsh=d2Y0a2RzY29nN2Fv"]}]}},"_links":{"self":[{"href":"https:\/\/3solutions.pt\/en\/wp-json\/wp\/v2\/pages\/4344","targetHints":{"allow":["GET"]}}],"collection":[{"href":"https:\/\/3solutions.pt\/en\/wp-json\/wp\/v2\/pages"}],"about":[{"href":"https:\/\/3solutions.pt\/en\/wp-json\/wp\/v2\/types\/page"}],"author":[{"embeddable":true,"href":"https:\/\/3solutions.pt\/en\/wp-json\/wp\/v2\/users\/2"}],"replies":[{"embeddable":true,"href":"https:\/\/3solutions.pt\/en\/wp-json\/wp\/v2\/comments?post=4344"}],"version-history":[{"count":10,"href":"https:\/\/3solutions.pt\/en\/wp-json\/wp\/v2\/pages\/4344\/revisions"}],"predecessor-version":[{"id":4366,"href":"https:\/\/3solutions.pt\/en\/wp-json\/wp\/v2\/pages\/4344\/revisions\/4366"}],"wp:attachment":[{"href":"https:\/\/3solutions.pt\/en\/wp-json\/wp\/v2\/media?parent=4344"}],"curies":[{"name":"wp","href":"https:\/\/api.w.org\/{rel}","templated":true}]}}