{"id":3294,"date":"2025-12-15T14:10:27","date_gmt":"2025-12-15T14:10:27","guid":{"rendered":"https:\/\/3solutions.pt\/?page_id=3294"},"modified":"2026-03-06T18:26:07","modified_gmt":"2026-03-06T18:26:07","slug":"formacao-em-recrutamento-e-entrevistas-para-gerentes-de-loja","status":"publish","type":"page","link":"https:\/\/3solutions.pt\/en\/formacao-em-recrutamento-e-entrevistas-para-gerentes-de-loja\/","title":{"rendered":"Forma\u00e7\u00e3o em Recrutamento e Entrevistas para Gerentes de Loja"},"content":{"rendered":"<div data-elementor-type=\"wp-page\" data-elementor-id=\"3294\" class=\"elementor elementor-3294\">\n\t\t\t\t<div class=\"elementor-element elementor-element-475985ea e-flex e-con-boxed e-con e-parent\" data-id=\"475985ea\" data-element_type=\"container\" data-e-type=\"container\" data-settings=\"{&quot;background_background&quot;:&quot;classic&quot;}\">\n\t\t\t\t\t<div class=\"e-con-inner\">\n\t\t<div class=\"elementor-element elementor-element-59e7dfb3 e-con-full e-flex e-con e-child\" data-id=\"59e7dfb3\" data-element_type=\"container\" data-e-type=\"container\">\n\t\t\t\t<div class=\"elementor-element elementor-element-654207e8 elementor-widget elementor-widget-heading\" data-id=\"654207e8\" data-element_type=\"widget\" data-e-type=\"widget\" data-widget_type=\"heading.default\">\n\t\t\t\t<div class=\"elementor-widget-container\">\n\t\t\t\t\t<h1 class=\"elementor-heading-title elementor-size-default\">Gerentes de Loja<br>Recrutamento<\/h1>\t\t\t\t<\/div>\n\t\t\t\t<\/div>\n\t\t\t\t<\/div>\n\t\t\t\t\t<\/div>\n\t\t\t\t<\/div>\n\t\t<div class=\"elementor-element elementor-element-53d92bf5 e-flex e-con-boxed e-con e-parent\" data-id=\"53d92bf5\" data-element_type=\"container\" data-e-type=\"container\" data-settings=\"{&quot;background_background&quot;:&quot;classic&quot;}\">\n\t\t\t\t\t<div class=\"e-con-inner\">\n\t\t<div class=\"elementor-element elementor-element-5cd28bf1 e-con-full e-flex e-con e-child\" data-id=\"5cd28bf1\" data-element_type=\"container\" data-e-type=\"container\">\n\t\t<div class=\"elementor-element elementor-element-78915c41 e-flex e-con-boxed e-con e-child\" data-id=\"78915c41\" data-element_type=\"container\" data-e-type=\"container\">\n\t\t\t\t\t<div class=\"e-con-inner\">\n\t\t<div class=\"elementor-element elementor-element-3acac58 e-con-full e-flex e-con e-child\" data-id=\"3acac58\" data-element_type=\"container\" data-e-type=\"container\">\n\t\t\t\t<div class=\"elementor-element elementor-element-579ee2c7 elementor-widget elementor-widget-heading\" data-id=\"579ee2c7\" data-element_type=\"widget\" data-e-type=\"widget\" data-widget_type=\"heading.default\">\n\t\t\t\t<div class=\"elementor-widget-container\">\n\t\t\t\t\t<h2 class=\"elementor-heading-title elementor-size-default\">Recrutamento e Entrevistas no Retalho para Gerentes e Respons\u00e1veis de Loja<\/h2>\t\t\t\t<\/div>\n\t\t\t\t<\/div>\n\t\t\t\t<div class=\"elementor-element elementor-element-8e69910 elementor-widget elementor-widget-button\" data-id=\"8e69910\" data-element_type=\"widget\" data-e-type=\"widget\" data-widget_type=\"button.default\">\n\t\t\t\t<div class=\"elementor-widget-container\">\n\t\t\t\t\t\t\t\t\t<div class=\"elementor-button-wrapper\">\n\t\t\t\t\t<a class=\"elementor-button elementor-button-link elementor-size-sm\" href=\"https:\/\/3solutions.pt\/en\/agendar-um-diagnostico-gratuito-de-consultoria-em-gestao-e-marketing\/\">\n\t\t\t\t\t\t<span class=\"elementor-button-content-wrapper\">\n\t\t\t\t\t\t\t\t\t<span class=\"elementor-button-text\">Book a Free Diagnostic<\/span>\n\t\t\t\t\t<\/span>\n\t\t\t\t\t<\/a>\n\t\t\t\t<\/div>\n\t\t\t\t\t\t\t\t<\/div>\n\t\t\t\t<\/div>\n\t\t\t\t<\/div>\n\t\t<div class=\"elementor-element elementor-element-7e247ba0 e-con-full e-flex e-con e-child\" data-id=\"7e247ba0\" data-element_type=\"container\" data-e-type=\"container\">\n\t\t\t\t<div class=\"elementor-element elementor-element-62a70695 elementor-widget__width-initial elementor-widget elementor-widget-image\" data-id=\"62a70695\" data-element_type=\"widget\" data-e-type=\"widget\" data-widget_type=\"image.default\">\n\t\t\t\t<div class=\"elementor-widget-container\">\n\t\t\t\t\t\t\t\t\t\t\t\t\t\t\t<img fetchpriority=\"high\" decoding=\"async\" width=\"1143\" height=\"762\" src=\"https:\/\/3solutions.pt\/wp-content\/uploads\/2025\/12\/Formacao-em-Recrutamento-para-Gerentes-de-Loja-1.jpg\" class=\"attachment-full size-full wp-image-3299\" alt=\"\" srcset=\"https:\/\/3solutions.pt\/wp-content\/uploads\/2025\/12\/Formacao-em-Recrutamento-para-Gerentes-de-Loja-1.jpg 1143w, https:\/\/3solutions.pt\/wp-content\/uploads\/2025\/12\/Formacao-em-Recrutamento-para-Gerentes-de-Loja-1-300x200.jpg 300w, https:\/\/3solutions.pt\/wp-content\/uploads\/2025\/12\/Formacao-em-Recrutamento-para-Gerentes-de-Loja-1-1024x683.jpg 1024w, https:\/\/3solutions.pt\/wp-content\/uploads\/2025\/12\/Formacao-em-Recrutamento-para-Gerentes-de-Loja-1-768x512.jpg 768w, https:\/\/3solutions.pt\/wp-content\/uploads\/2025\/12\/Formacao-em-Recrutamento-para-Gerentes-de-Loja-1-18x12.jpg 18w\" sizes=\"(max-width: 1143px) 100vw, 1143px\" \/>\t\t\t\t\t\t\t\t\t\t\t\t\t\t\t<\/div>\n\t\t\t\t<\/div>\n\t\t\t\t<\/div>\n\t\t\t\t\t<\/div>\n\t\t\t\t<\/div>\n\t\t\t\t<div class=\"elementor-element elementor-element-3d0ca99b elementor-widget elementor-widget-text-editor\" data-id=\"3d0ca99b\" data-element_type=\"widget\" data-e-type=\"widget\" data-widget_type=\"text-editor.default\">\n\t\t\t\t<div class=\"elementor-widget-container\">\n\t\t\t\t\t\t\t\t\t<p data-start=\"424\" data-end=\"763\">Embora trabalhemos com conte\u00fados estruturados e boas pr\u00e1ticas consolidadas, a nossa forma\u00e7\u00e3o em recrutamento e entrevistas nunca parte de modelos fechados. Cada loja, cada marca e cada equipa t\u00eam necessidades diferentes, e por isso este m\u00f3dulo \u00e9 sempre ajustado ao contexto real do neg\u00f3cio, ao perfil de cliente e \u00e0 cultura da organiza\u00e7\u00e3o.<\/p><p data-start=\"765\" data-end=\"1169\">A <strong data-start=\"767\" data-end=\"831\">Forma\u00e7\u00e3o em Recrutamento e Entrevistas para Gerentes de Loja<\/strong> foi criada para apoiar gerentes, respons\u00e1veis, store managers e chefias de loja que participam ativamente na sele\u00e7\u00e3o de pessoas e sentem a dificuldade de encontrar perfis adequados \u00e0 realidade do retalho. O objetivo \u00e9 ajudar quem lidera a tomar decis\u00f5es mais seguras no recrutamento, reduzindo erros, rotatividade e desgaste das equipas.<\/p><p data-start=\"1171\" data-end=\"1499\">Neste m\u00f3dulo, trabalhamos a capacidade de definir perfis claros, analisar candidaturas, conduzir entrevistas estruturadas e observar comportamentos relevantes para o desempenho em loja. O foco est\u00e1 em identificar atitudes, compet\u00eancias e alinhamento com a fun\u00e7\u00e3o e com a marca, indo al\u00e9m do curr\u00edculo e da experi\u00eancia declarada.<\/p><p data-start=\"1501\" data-end=\"1863\">Para a empresa, esta forma\u00e7\u00e3o contribui para equipas mais est\u00e1veis, alinhadas e produtivas, com impacto direto na qualidade do atendimento e nos resultados. Para gerentes e respons\u00e1veis de loja, permite ganhar confian\u00e7a no processo de recrutamento, melhorar a qualidade das contrata\u00e7\u00f5es e assumir um papel mais ativo e estrat\u00e9gico na constru\u00e7\u00e3o das suas equipas.<\/p>\t\t\t\t\t\t\t\t<\/div>\n\t\t\t\t<\/div>\n\t\t\t\t<div class=\"elementor-element elementor-element-2fa94f93 elementor-widget elementor-widget-button\" data-id=\"2fa94f93\" data-element_type=\"widget\" data-e-type=\"widget\" data-widget_type=\"button.default\">\n\t\t\t\t<div class=\"elementor-widget-container\">\n\t\t\t\t\t\t\t\t\t<div class=\"elementor-button-wrapper\">\n\t\t\t\t\t<a class=\"elementor-button elementor-button-link elementor-size-sm\" href=\"https:\/\/wa.me\/351918880051?text=Ol\u00e1,%20quero%20saber%20mais%20sobre%20a%20consultoria.%20%20\ud83d\udc49%20Quero%20saber%20mais%20via%20WhatsApp%20\">\n\t\t\t\t\t\t<span class=\"elementor-button-content-wrapper\">\n\t\t\t\t\t\t<span class=\"elementor-button-icon\">\n\t\t\t\t<i aria-hidden=\"true\" class=\"fab fa-whatsapp\"><\/i>\t\t\t<\/span>\n\t\t\t\t\t\t\t\t\t<span class=\"elementor-button-text\">Learn More<\/span>\n\t\t\t\t\t<\/span>\n\t\t\t\t\t<\/a>\n\t\t\t\t<\/div>\n\t\t\t\t\t\t\t\t<\/div>\n\t\t\t\t<\/div>\n\t\t\t\t<\/div>\n\t\t\t\t\t<\/div>\n\t\t\t\t<\/div>\n\t\t\t\t<\/div>","protected":false},"excerpt":{"rendered":"<p>Gerentes de LojaRecrutamento Recrutamento e Entrevistas no Retalho para Gerentes e Respons\u00e1veis de Loja Agendar Diagn\u00f3stico Gratuito Embora trabalhemos com conte\u00fados estruturados e boas pr\u00e1ticas consolidadas, a nossa forma\u00e7\u00e3o em recrutamento e entrevistas nunca parte de modelos fechados. Cada loja, cada marca e cada equipa t\u00eam necessidades diferentes, e por isso este m\u00f3dulo \u00e9 sempre [&hellip;]<\/p>\n","protected":false},"author":2,"featured_media":3296,"parent":0,"menu_order":0,"comment_status":"closed","ping_status":"closed","template":"","meta":{"site-sidebar-layout":"no-sidebar","site-content-layout":"page-builder","ast-site-content-layout":"full-width-container","site-content-style":"default","site-sidebar-style":"default","ast-global-header-display":"","ast-banner-title-visibility":"","ast-main-header-display":"","ast-hfb-above-header-display":"","ast-hfb-below-header-display":"","ast-hfb-mobile-header-display":"","site-post-title":"disabled","ast-breadcrumbs-content":"","ast-featured-img":"disabled","footer-sml-layout":"","ast-disable-related-posts":"","theme-transparent-header-meta":"","adv-header-id-meta":"","stick-header-meta":"","header-above-stick-meta":"","header-main-stick-meta":"","header-below-stick-meta":"","astra-migrate-meta-layouts":"set","ast-page-background-enabled":"default","ast-page-background-meta":{"desktop":{"background-color":"","background-image":"","background-repeat":"repeat","background-position":"center center","background-size":"auto","background-attachment":"scroll","background-type":"","background-media":"","overlay-type":"","overlay-color":"","overlay-opacity":"","overlay-gradient":""},"tablet":{"background-color":"","background-image":"","background-repeat":"repeat","background-position":"center center","background-size":"auto","background-attachment":"scroll","background-type":"","background-media":"","overlay-type":"","overlay-color":"","overlay-opacity":"","overlay-gradient":""},"mobile":{"background-color":"","background-image":"","background-repeat":"repeat","background-position":"center center","background-size":"auto","background-attachment":"scroll","background-type":"","background-media":"","overlay-type":"","overlay-color":"","overlay-opacity":"","overlay-gradient":""}},"ast-content-background-meta":{"desktop":{"background-color":"var(--ast-global-color-5)","background-image":"","background-repeat":"repeat","background-position":"center center","background-size":"auto","background-attachment":"scroll","background-type":"","background-media":"","overlay-type":"","overlay-color":"","overlay-opacity":"","overlay-gradient":""},"tablet":{"background-color":"var(--ast-global-color-5)","background-image":"","background-repeat":"repeat","background-position":"center center","background-size":"auto","background-attachment":"scroll","background-type":"","background-media":"","overlay-type":"","overlay-color":"","overlay-opacity":"","overlay-gradient":""},"mobile":{"background-color":"var(--ast-global-color-5)","background-image":"","background-repeat":"repeat","background-position":"center center","background-size":"auto","background-attachment":"scroll","background-type":"","background-media":"","overlay-type":"","overlay-color":"","overlay-opacity":"","overlay-gradient":""}},"footnotes":""},"class_list":["post-3294","page","type-page","status-publish","has-post-thumbnail","hentry"],"yoast_head":"<!-- This site is optimized with the Yoast SEO plugin v27.5 - https:\/\/yoast.com\/product\/yoast-seo-wordpress\/ -->\n<title>Forma\u00e7\u00e3o em Recrutamento e Entrevistas para Gerentes de Loja | 3Solutions<\/title>\n<meta name=\"description\" content=\"Forma\u00e7\u00e3o em recrutamento e entrevistas para gerentes, respons\u00e1veis e store managers. Apoio pr\u00e1tico na sele\u00e7\u00e3o de perfis adequados \u00e0 realidade do retalho.\" \/>\n<meta name=\"robots\" content=\"index, follow, max-snippet:-1, max-image-preview:large, max-video-preview:-1\" \/>\n<link rel=\"canonical\" href=\"https:\/\/3solutions.pt\/en\/formacao-em-recrutamento-e-entrevistas-para-gerentes-de-loja\/\" \/>\n<meta property=\"og:locale\" content=\"en_GB\" \/>\n<meta property=\"og:type\" content=\"article\" \/>\n<meta property=\"og:title\" content=\"Forma\u00e7\u00e3o em Recrutamento e Entrevistas para Gerentes de Loja | 3Solutions\" \/>\n<meta property=\"og:description\" content=\"Forma\u00e7\u00e3o em recrutamento e entrevistas para gerentes, respons\u00e1veis e store managers. Apoio pr\u00e1tico na sele\u00e7\u00e3o de perfis adequados \u00e0 realidade do retalho.\" \/>\n<meta property=\"og:url\" content=\"https:\/\/3solutions.pt\/en\/formacao-em-recrutamento-e-entrevistas-para-gerentes-de-loja\/\" \/>\n<meta property=\"og:site_name\" content=\"3Solutions Consultoria em Marketing e Gest\u00e3o\" \/>\n<meta property=\"article:publisher\" content=\"https:\/\/www.facebook.com\/share\/17VAXrDnwy\/\" \/>\n<meta property=\"article:modified_time\" content=\"2026-03-06T18:26:07+00:00\" \/>\n<meta property=\"og:image\" content=\"https:\/\/3solutions.pt\/wp-content\/uploads\/2025\/12\/Formacao-em-Recrutamento-para-Gerentes-de-Loja.jpg\" \/>\n\t<meta property=\"og:image:width\" content=\"1143\" \/>\n\t<meta property=\"og:image:height\" content=\"762\" \/>\n\t<meta property=\"og:image:type\" content=\"image\/jpeg\" \/>\n<meta name=\"twitter:card\" content=\"summary_large_image\" \/>\n<meta name=\"twitter:label1\" content=\"Estimated reading time\" \/>\n\t<meta name=\"twitter:data1\" content=\"2 minutes\" \/>\n<script type=\"application\/ld+json\" class=\"yoast-schema-graph\">{\"@context\":\"https:\\\/\\\/schema.org\",\"@graph\":[{\"@type\":\"WebPage\",\"@id\":\"https:\\\/\\\/3solutions.pt\\\/formacao-em-recrutamento-e-entrevistas-para-gerentes-de-loja\\\/\",\"url\":\"https:\\\/\\\/3solutions.pt\\\/formacao-em-recrutamento-e-entrevistas-para-gerentes-de-loja\\\/\",\"name\":\"Forma\u00e7\u00e3o em Recrutamento e Entrevistas para Gerentes de Loja | 3Solutions\",\"isPartOf\":{\"@id\":\"https:\\\/\\\/3solutions.pt\\\/#website\"},\"primaryImageOfPage\":{\"@id\":\"https:\\\/\\\/3solutions.pt\\\/formacao-em-recrutamento-e-entrevistas-para-gerentes-de-loja\\\/#primaryimage\"},\"image\":{\"@id\":\"https:\\\/\\\/3solutions.pt\\\/formacao-em-recrutamento-e-entrevistas-para-gerentes-de-loja\\\/#primaryimage\"},\"thumbnailUrl\":\"https:\\\/\\\/3solutions.pt\\\/wp-content\\\/uploads\\\/2025\\\/12\\\/Formacao-em-Recrutamento-para-Gerentes-de-Loja.jpg\",\"datePublished\":\"2025-12-15T14:10:27+00:00\",\"dateModified\":\"2026-03-06T18:26:07+00:00\",\"description\":\"Forma\u00e7\u00e3o em recrutamento e entrevistas para gerentes, respons\u00e1veis e store managers. Apoio pr\u00e1tico na sele\u00e7\u00e3o de perfis adequados \u00e0 realidade do retalho.\",\"breadcrumb\":{\"@id\":\"https:\\\/\\\/3solutions.pt\\\/formacao-em-recrutamento-e-entrevistas-para-gerentes-de-loja\\\/#breadcrumb\"},\"inLanguage\":\"en-GB\",\"potentialAction\":[{\"@type\":\"ReadAction\",\"target\":[\"https:\\\/\\\/3solutions.pt\\\/formacao-em-recrutamento-e-entrevistas-para-gerentes-de-loja\\\/\"]}]},{\"@type\":\"ImageObject\",\"inLanguage\":\"en-GB\",\"@id\":\"https:\\\/\\\/3solutions.pt\\\/formacao-em-recrutamento-e-entrevistas-para-gerentes-de-loja\\\/#primaryimage\",\"url\":\"https:\\\/\\\/3solutions.pt\\\/wp-content\\\/uploads\\\/2025\\\/12\\\/Formacao-em-Recrutamento-para-Gerentes-de-Loja.jpg\",\"contentUrl\":\"https:\\\/\\\/3solutions.pt\\\/wp-content\\\/uploads\\\/2025\\\/12\\\/Formacao-em-Recrutamento-para-Gerentes-de-Loja.jpg\",\"width\":1143,\"height\":762},{\"@type\":\"BreadcrumbList\",\"@id\":\"https:\\\/\\\/3solutions.pt\\\/formacao-em-recrutamento-e-entrevistas-para-gerentes-de-loja\\\/#breadcrumb\",\"itemListElement\":[{\"@type\":\"ListItem\",\"position\":1,\"name\":\"In\u00edcio\",\"item\":\"https:\\\/\\\/3solutions.pt\\\/\"},{\"@type\":\"ListItem\",\"position\":2,\"name\":\"Forma\u00e7\u00e3o em Recrutamento e Entrevistas para Gerentes de Loja\"}]},{\"@type\":\"WebSite\",\"@id\":\"https:\\\/\\\/3solutions.pt\\\/#website\",\"url\":\"https:\\\/\\\/3solutions.pt\\\/\",\"name\":\"3Solutions Consultoria em Marketing e Gest\u00e3o\",\"description\":\"Consultoria e Marketing Digital\",\"publisher\":{\"@id\":\"https:\\\/\\\/3solutions.pt\\\/#organization\"},\"potentialAction\":[{\"@type\":\"SearchAction\",\"target\":{\"@type\":\"EntryPoint\",\"urlTemplate\":\"https:\\\/\\\/3solutions.pt\\\/?s={search_term_string}\"},\"query-input\":{\"@type\":\"PropertyValueSpecification\",\"valueRequired\":true,\"valueName\":\"search_term_string\"}}],\"inLanguage\":\"en-GB\"},{\"@type\":\"Organization\",\"@id\":\"https:\\\/\\\/3solutions.pt\\\/#organization\",\"name\":\"3Solutions Consultoria em Marketing e Gest\u00e3o\",\"url\":\"https:\\\/\\\/3solutions.pt\\\/\",\"logo\":{\"@type\":\"ImageObject\",\"inLanguage\":\"en-GB\",\"@id\":\"https:\\\/\\\/3solutions.pt\\\/#\\\/schema\\\/logo\\\/image\\\/\",\"url\":\"https:\\\/\\\/3solutions.pt\\\/wp-content\\\/uploads\\\/2025\\\/12\\\/cropped-Prancheta-1-copia-6-scaled-1.png\",\"contentUrl\":\"https:\\\/\\\/3solutions.pt\\\/wp-content\\\/uploads\\\/2025\\\/12\\\/cropped-Prancheta-1-copia-6-scaled-1.png\",\"width\":2559,\"height\":855,\"caption\":\"3Solutions Consultoria em Marketing e Gest\u00e3o\"},\"image\":{\"@id\":\"https:\\\/\\\/3solutions.pt\\\/#\\\/schema\\\/logo\\\/image\\\/\"},\"sameAs\":[\"https:\\\/\\\/www.facebook.com\\\/share\\\/17VAXrDnwy\\\/\",\"https:\\\/\\\/www.instagram.com\\\/wespeakretail?igsh=d2Y0a2RzY29nN2Fv\"]}]}<\/script>\n<!-- \/ Yoast SEO plugin. -->","yoast_head_json":{"title":"Forma\u00e7\u00e3o em Recrutamento e Entrevistas para Gerentes de Loja | 3Solutions","description":"Forma\u00e7\u00e3o em recrutamento e entrevistas para gerentes, respons\u00e1veis e store managers. Apoio pr\u00e1tico na sele\u00e7\u00e3o de perfis adequados \u00e0 realidade do retalho.","robots":{"index":"index","follow":"follow","max-snippet":"max-snippet:-1","max-image-preview":"max-image-preview:large","max-video-preview":"max-video-preview:-1"},"canonical":"https:\/\/3solutions.pt\/en\/formacao-em-recrutamento-e-entrevistas-para-gerentes-de-loja\/","og_locale":"en_GB","og_type":"article","og_title":"Forma\u00e7\u00e3o em Recrutamento e Entrevistas para Gerentes de Loja | 3Solutions","og_description":"Forma\u00e7\u00e3o em recrutamento e entrevistas para gerentes, respons\u00e1veis e store managers. Apoio pr\u00e1tico na sele\u00e7\u00e3o de perfis adequados \u00e0 realidade do retalho.","og_url":"https:\/\/3solutions.pt\/en\/formacao-em-recrutamento-e-entrevistas-para-gerentes-de-loja\/","og_site_name":"3Solutions Consultoria em Marketing e Gest\u00e3o","article_publisher":"https:\/\/www.facebook.com\/share\/17VAXrDnwy\/","article_modified_time":"2026-03-06T18:26:07+00:00","og_image":[{"width":1143,"height":762,"url":"https:\/\/3solutions.pt\/wp-content\/uploads\/2025\/12\/Formacao-em-Recrutamento-para-Gerentes-de-Loja.jpg","type":"image\/jpeg"}],"twitter_card":"summary_large_image","twitter_misc":{"Estimated reading time":"2 minutes"},"schema":{"@context":"https:\/\/schema.org","@graph":[{"@type":"WebPage","@id":"https:\/\/3solutions.pt\/formacao-em-recrutamento-e-entrevistas-para-gerentes-de-loja\/","url":"https:\/\/3solutions.pt\/formacao-em-recrutamento-e-entrevistas-para-gerentes-de-loja\/","name":"Forma\u00e7\u00e3o em Recrutamento e Entrevistas para Gerentes de Loja | 3Solutions","isPartOf":{"@id":"https:\/\/3solutions.pt\/#website"},"primaryImageOfPage":{"@id":"https:\/\/3solutions.pt\/formacao-em-recrutamento-e-entrevistas-para-gerentes-de-loja\/#primaryimage"},"image":{"@id":"https:\/\/3solutions.pt\/formacao-em-recrutamento-e-entrevistas-para-gerentes-de-loja\/#primaryimage"},"thumbnailUrl":"https:\/\/3solutions.pt\/wp-content\/uploads\/2025\/12\/Formacao-em-Recrutamento-para-Gerentes-de-Loja.jpg","datePublished":"2025-12-15T14:10:27+00:00","dateModified":"2026-03-06T18:26:07+00:00","description":"Forma\u00e7\u00e3o em recrutamento e entrevistas para gerentes, respons\u00e1veis e store managers. Apoio pr\u00e1tico na sele\u00e7\u00e3o de perfis adequados \u00e0 realidade do retalho.","breadcrumb":{"@id":"https:\/\/3solutions.pt\/formacao-em-recrutamento-e-entrevistas-para-gerentes-de-loja\/#breadcrumb"},"inLanguage":"en-GB","potentialAction":[{"@type":"ReadAction","target":["https:\/\/3solutions.pt\/formacao-em-recrutamento-e-entrevistas-para-gerentes-de-loja\/"]}]},{"@type":"ImageObject","inLanguage":"en-GB","@id":"https:\/\/3solutions.pt\/formacao-em-recrutamento-e-entrevistas-para-gerentes-de-loja\/#primaryimage","url":"https:\/\/3solutions.pt\/wp-content\/uploads\/2025\/12\/Formacao-em-Recrutamento-para-Gerentes-de-Loja.jpg","contentUrl":"https:\/\/3solutions.pt\/wp-content\/uploads\/2025\/12\/Formacao-em-Recrutamento-para-Gerentes-de-Loja.jpg","width":1143,"height":762},{"@type":"BreadcrumbList","@id":"https:\/\/3solutions.pt\/formacao-em-recrutamento-e-entrevistas-para-gerentes-de-loja\/#breadcrumb","itemListElement":[{"@type":"ListItem","position":1,"name":"In\u00edcio","item":"https:\/\/3solutions.pt\/"},{"@type":"ListItem","position":2,"name":"Forma\u00e7\u00e3o em Recrutamento e Entrevistas para Gerentes de Loja"}]},{"@type":"WebSite","@id":"https:\/\/3solutions.pt\/#website","url":"https:\/\/3solutions.pt\/","name":"3Solutions Consultoria em Marketing e Gest\u00e3o","description":"Consultoria e Marketing Digital","publisher":{"@id":"https:\/\/3solutions.pt\/#organization"},"potentialAction":[{"@type":"SearchAction","target":{"@type":"EntryPoint","urlTemplate":"https:\/\/3solutions.pt\/?s={search_term_string}"},"query-input":{"@type":"PropertyValueSpecification","valueRequired":true,"valueName":"search_term_string"}}],"inLanguage":"en-GB"},{"@type":"Organization","@id":"https:\/\/3solutions.pt\/#organization","name":"3Solutions Consultoria em Marketing e Gest\u00e3o","url":"https:\/\/3solutions.pt\/","logo":{"@type":"ImageObject","inLanguage":"en-GB","@id":"https:\/\/3solutions.pt\/#\/schema\/logo\/image\/","url":"https:\/\/3solutions.pt\/wp-content\/uploads\/2025\/12\/cropped-Prancheta-1-copia-6-scaled-1.png","contentUrl":"https:\/\/3solutions.pt\/wp-content\/uploads\/2025\/12\/cropped-Prancheta-1-copia-6-scaled-1.png","width":2559,"height":855,"caption":"3Solutions Consultoria em Marketing e Gest\u00e3o"},"image":{"@id":"https:\/\/3solutions.pt\/#\/schema\/logo\/image\/"},"sameAs":["https:\/\/www.facebook.com\/share\/17VAXrDnwy\/","https:\/\/www.instagram.com\/wespeakretail?igsh=d2Y0a2RzY29nN2Fv"]}]}},"_links":{"self":[{"href":"https:\/\/3solutions.pt\/en\/wp-json\/wp\/v2\/pages\/3294","targetHints":{"allow":["GET"]}}],"collection":[{"href":"https:\/\/3solutions.pt\/en\/wp-json\/wp\/v2\/pages"}],"about":[{"href":"https:\/\/3solutions.pt\/en\/wp-json\/wp\/v2\/types\/page"}],"author":[{"embeddable":true,"href":"https:\/\/3solutions.pt\/en\/wp-json\/wp\/v2\/users\/2"}],"replies":[{"embeddable":true,"href":"https:\/\/3solutions.pt\/en\/wp-json\/wp\/v2\/comments?post=3294"}],"version-history":[{"count":13,"href":"https:\/\/3solutions.pt\/en\/wp-json\/wp\/v2\/pages\/3294\/revisions"}],"predecessor-version":[{"id":5473,"href":"https:\/\/3solutions.pt\/en\/wp-json\/wp\/v2\/pages\/3294\/revisions\/5473"}],"wp:featuredmedia":[{"embeddable":true,"href":"https:\/\/3solutions.pt\/en\/wp-json\/wp\/v2\/media\/3296"}],"wp:attachment":[{"href":"https:\/\/3solutions.pt\/en\/wp-json\/wp\/v2\/media?parent=3294"}],"curies":[{"name":"wp","href":"https:\/\/api.w.org\/{rel}","templated":true}]}}