{"id":3284,"date":"2025-12-15T14:00:58","date_gmt":"2025-12-15T14:00:58","guid":{"rendered":"https:\/\/3solutions.pt\/?page_id=3284"},"modified":"2026-03-06T18:24:54","modified_gmt":"2026-03-06T18:24:54","slug":"formacao-logistica-loja-gestao-armazem","status":"publish","type":"page","link":"https:\/\/3solutions.pt\/en\/formacao-logistica-loja-gestao-armazem\/","title":{"rendered":"Log\u00edstica de Loja &amp; Armaz\u00e9m (Gerentes \/ Respons\u00e1veis de Loja)"},"content":{"rendered":"<div data-elementor-type=\"wp-page\" data-elementor-id=\"3284\" class=\"elementor elementor-3284\">\n\t\t\t\t<div class=\"elementor-element elementor-element-68a976dd e-flex e-con-boxed e-con e-parent\" data-id=\"68a976dd\" data-element_type=\"container\" data-e-type=\"container\" data-settings=\"{&quot;background_background&quot;:&quot;classic&quot;}\">\n\t\t\t\t\t<div class=\"e-con-inner\">\n\t\t<div class=\"elementor-element elementor-element-11fca467 e-con-full e-flex e-con e-child\" data-id=\"11fca467\" data-element_type=\"container\" data-e-type=\"container\">\n\t\t\t\t<div class=\"elementor-element elementor-element-3aecb898 elementor-widget elementor-widget-heading\" data-id=\"3aecb898\" data-element_type=\"widget\" data-e-type=\"widget\" data-widget_type=\"heading.default\">\n\t\t\t\t<div class=\"elementor-widget-container\">\n\t\t\t\t\t<h1 class=\"elementor-heading-title elementor-size-default\">Gestores de Loja\nLog\u00edstica &amp; <br>Armaz\u00e9m<\/h1>\t\t\t\t<\/div>\n\t\t\t\t<\/div>\n\t\t\t\t<\/div>\n\t\t\t\t\t<\/div>\n\t\t\t\t<\/div>\n\t\t<div class=\"elementor-element elementor-element-4f8604ce e-flex e-con-boxed e-con e-parent\" data-id=\"4f8604ce\" data-element_type=\"container\" data-e-type=\"container\" data-settings=\"{&quot;background_background&quot;:&quot;classic&quot;}\">\n\t\t\t\t\t<div class=\"e-con-inner\">\n\t\t<div class=\"elementor-element elementor-element-563ff3dd e-con-full e-flex e-con e-child\" data-id=\"563ff3dd\" data-element_type=\"container\" data-e-type=\"container\">\n\t\t<div class=\"elementor-element elementor-element-40aeb01 e-flex e-con-boxed e-con e-child\" data-id=\"40aeb01\" data-element_type=\"container\" data-e-type=\"container\">\n\t\t\t\t\t<div class=\"e-con-inner\">\n\t\t<div class=\"elementor-element elementor-element-29e87163 e-con-full e-flex e-con e-child\" data-id=\"29e87163\" data-element_type=\"container\" data-e-type=\"container\">\n\t\t\t\t<div class=\"elementor-element elementor-element-5e65e578 elementor-widget elementor-widget-heading\" data-id=\"5e65e578\" data-element_type=\"widget\" data-e-type=\"widget\" data-widget_type=\"heading.default\">\n\t\t\t\t<div class=\"elementor-widget-container\">\n\t\t\t\t\t<h2 class=\"elementor-heading-title elementor-size-default\"><h3 data-start=\"343\" data-end=\"399\"><strong data-start=\"347\" data-end=\"399\">Log\u00edstica de Loja e Gest\u00e3o de Armaz\u00e9m no Retalho<\/strong><span style=\"font-size: 3rem;font-style: inherit\"><\/span><\/h3><\/h2>\t\t\t\t<\/div>\n\t\t\t\t<\/div>\n\t\t\t\t<div class=\"elementor-element elementor-element-55695674 elementor-widget elementor-widget-button\" data-id=\"55695674\" data-element_type=\"widget\" data-e-type=\"widget\" data-widget_type=\"button.default\">\n\t\t\t\t<div class=\"elementor-widget-container\">\n\t\t\t\t\t\t\t\t\t<div class=\"elementor-button-wrapper\">\n\t\t\t\t\t<a class=\"elementor-button elementor-button-link elementor-size-sm\" href=\"https:\/\/3solutions.pt\/en\/agendar-um-diagnostico-gratuito-de-consultoria-em-gestao-e-marketing\/\">\n\t\t\t\t\t\t<span class=\"elementor-button-content-wrapper\">\n\t\t\t\t\t\t\t\t\t<span class=\"elementor-button-text\">Book a Free Diagnostic<\/span>\n\t\t\t\t\t<\/span>\n\t\t\t\t\t<\/a>\n\t\t\t\t<\/div>\n\t\t\t\t\t\t\t\t<\/div>\n\t\t\t\t<\/div>\n\t\t\t\t<\/div>\n\t\t<div class=\"elementor-element elementor-element-2a9b4bf6 e-con-full e-flex e-con e-child\" data-id=\"2a9b4bf6\" data-element_type=\"container\" data-e-type=\"container\">\n\t\t\t\t<div class=\"elementor-element elementor-element-2033904b elementor-widget__width-initial elementor-widget elementor-widget-image\" data-id=\"2033904b\" data-element_type=\"widget\" data-e-type=\"widget\" data-widget_type=\"image.default\">\n\t\t\t\t<div class=\"elementor-widget-container\">\n\t\t\t\t\t\t\t\t\t\t\t\t\t\t\t<img fetchpriority=\"high\" decoding=\"async\" width=\"810\" height=\"540\" src=\"https:\/\/3solutions.pt\/wp-content\/uploads\/2025\/12\/Formacao-em-Logistica-de-Loja.jpg\" class=\"attachment-full size-full wp-image-3287\" alt=\"\" srcset=\"https:\/\/3solutions.pt\/wp-content\/uploads\/2025\/12\/Formacao-em-Logistica-de-Loja.jpg 810w, https:\/\/3solutions.pt\/wp-content\/uploads\/2025\/12\/Formacao-em-Logistica-de-Loja-300x200.jpg 300w, https:\/\/3solutions.pt\/wp-content\/uploads\/2025\/12\/Formacao-em-Logistica-de-Loja-768x512.jpg 768w, https:\/\/3solutions.pt\/wp-content\/uploads\/2025\/12\/Formacao-em-Logistica-de-Loja-18x12.jpg 18w\" sizes=\"(max-width: 810px) 100vw, 810px\" \/>\t\t\t\t\t\t\t\t\t\t\t\t\t\t\t<\/div>\n\t\t\t\t<\/div>\n\t\t\t\t<\/div>\n\t\t\t\t\t<\/div>\n\t\t\t\t<\/div>\n\t\t\t\t<div class=\"elementor-element elementor-element-48ca19eb elementor-widget elementor-widget-text-editor\" data-id=\"48ca19eb\" data-element_type=\"widget\" data-e-type=\"widget\" data-widget_type=\"text-editor.default\">\n\t\t\t\t<div class=\"elementor-widget-container\">\n\t\t\t\t\t\t\t\t\t<p data-start=\"454\" data-end=\"814\">Embora trabalhemos com conte\u00fados estruturados e boas pr\u00e1ticas consolidadas, a nossa forma\u00e7\u00e3o em log\u00edstica de loja e gest\u00e3o de armaz\u00e9m nunca parte de modelos fechados. Cada loja tem volumes, layouts, equipas e ritmos diferentes, e por isso este m\u00f3dulo \u00e9 sempre adaptado \u00e0 realidade concreta da opera\u00e7\u00e3o, ao tipo de produto e \u00e0 din\u00e2mica di\u00e1ria do ponto de venda.<\/p><p data-start=\"816\" data-end=\"1182\">A <strong data-start=\"818\" data-end=\"871\">Forma\u00e7\u00e3o em Log\u00edstica de Loja e Gest\u00e3o de Armaz\u00e9m<\/strong> foi desenvolvida para gestores, respons\u00e1veis, store managers e chefias de loja que precisam de garantir que o stock certo est\u00e1 dispon\u00edvel no momento certo, com organiza\u00e7\u00e3o, controlo e fluidez operacional. O foco est\u00e1 em melhorar a forma como o stock entra, circula, \u00e9 armazenado, reposto e apresentado em loja.<\/p><p data-start=\"1184\" data-end=\"1616\">Neste m\u00f3dulo, trabalhamos a liga\u00e7\u00e3o entre log\u00edstica, vendas e exposi\u00e7\u00e3o, ajudando os respons\u00e1veis de loja a identificar falhas, desperd\u00edcios e gargalos que afetam diretamente a produtividade da equipa, a experi\u00eancia do cliente e os resultados. A forma\u00e7\u00e3o incide sobre organiza\u00e7\u00e3o de armaz\u00e9m, processos de rece\u00e7\u00e3o, reposi\u00e7\u00e3o, invent\u00e1rios, controlo de stock vis\u00edvel e defini\u00e7\u00e3o de rotinas claras que facilitem o dia a dia da opera\u00e7\u00e3o.<\/p><p data-start=\"1618\" data-end=\"1989\">Para a empresa, esta forma\u00e7\u00e3o contribui para maior efici\u00eancia operacional, redu\u00e7\u00e3o de erros e perdas, melhor aproveitamento do stock e maior consist\u00eancia entre lojas. Para gestores e respons\u00e1veis de loja, permite ganhar controlo sobre a opera\u00e7\u00e3o log\u00edstica, reduzir stress, otimizar o tempo da equipa e garantir uma loja mais organizada, preparada e orientada para vender.<\/p><p data-start=\"1991\" data-end=\"2209\">\u00a0<\/p>\t\t\t\t\t\t\t\t<\/div>\n\t\t\t\t<\/div>\n\t\t\t\t<div class=\"elementor-element elementor-element-6df640fe elementor-widget elementor-widget-button\" data-id=\"6df640fe\" data-element_type=\"widget\" data-e-type=\"widget\" data-widget_type=\"button.default\">\n\t\t\t\t<div class=\"elementor-widget-container\">\n\t\t\t\t\t\t\t\t\t<div class=\"elementor-button-wrapper\">\n\t\t\t\t\t<a class=\"elementor-button elementor-button-link elementor-size-sm\" href=\"https:\/\/wa.me\/351918880051?text=Ol\u00e1,%20quero%20saber%20mais%20sobre%20a%20consultoria.%20%20\ud83d\udc49%20Quero%20saber%20mais%20via%20WhatsApp%20\" target=\"_blank\">\n\t\t\t\t\t\t<span class=\"elementor-button-content-wrapper\">\n\t\t\t\t\t\t<span class=\"elementor-button-icon\">\n\t\t\t\t<i aria-hidden=\"true\" class=\"fab fa-whatsapp\"><\/i>\t\t\t<\/span>\n\t\t\t\t\t\t\t\t\t<span class=\"elementor-button-text\">Learn More<\/span>\n\t\t\t\t\t<\/span>\n\t\t\t\t\t<\/a>\n\t\t\t\t<\/div>\n\t\t\t\t\t\t\t\t<\/div>\n\t\t\t\t<\/div>\n\t\t\t\t<div class=\"elementor-element elementor-element-4b3fe0d5 elementor-widget elementor-widget-heading\" data-id=\"4b3fe0d5\" data-element_type=\"widget\" data-e-type=\"widget\" data-widget_type=\"heading.default\">\n\t\t\t\t<div class=\"elementor-widget-container\">\n\t\t\t\t\t<h6 class=\"elementor-heading-title elementor-size-default\"><span data-start=\"1991\" data-end=\"2209\" style=\"font-family: Montserrat, sans-serif;font-size: 16px;letter-spacing: normal;text-align: left;text-transform: none\">Esta forma\u00e7\u00e3o ajuda gestores, respons\u00e1veis e store managers a melhorar a log\u00edstica de loja, a organiza\u00e7\u00e3o do armaz\u00e9m e a gest\u00e3o de stock, assegurando efici\u00eancia operacional e impacto real nos resultados do retalho.<\/span><\/h6>\t\t\t\t<\/div>\n\t\t\t\t<\/div>\n\t\t\t\t<\/div>\n\t\t\t\t\t<\/div>\n\t\t\t\t<\/div>\n\t\t\t\t<\/div>","protected":false},"excerpt":{"rendered":"<p>Gestores de Loja Log\u00edstica &amp; Armaz\u00e9m Log\u00edstica de Loja e Gest\u00e3o de Armaz\u00e9m no Retalho Agendar Diagn\u00f3stico Gratuito Embora trabalhemos com conte\u00fados estruturados e boas pr\u00e1ticas consolidadas, a nossa forma\u00e7\u00e3o em log\u00edstica de loja e gest\u00e3o de armaz\u00e9m nunca parte de modelos fechados. Cada loja tem volumes, layouts, equipas e ritmos diferentes, e por isso [&hellip;]<\/p>\n","protected":false},"author":2,"featured_media":0,"parent":0,"menu_order":0,"comment_status":"closed","ping_status":"closed","template":"","meta":{"site-sidebar-layout":"no-sidebar","site-content-layout":"page-builder","ast-site-content-layout":"full-width-container","site-content-style":"default","site-sidebar-style":"default","ast-global-header-display":"","ast-banner-title-visibility":"","ast-main-header-display":"","ast-hfb-above-header-display":"","ast-hfb-below-header-display":"","ast-hfb-mobile-header-display":"","site-post-title":"disabled","ast-breadcrumbs-content":"","ast-featured-img":"disabled","footer-sml-layout":"","ast-disable-related-posts":"","theme-transparent-header-meta":"","adv-header-id-meta":"","stick-header-meta":"","header-above-stick-meta":"","header-main-stick-meta":"","header-below-stick-meta":"","astra-migrate-meta-layouts":"set","ast-page-background-enabled":"default","ast-page-background-meta":{"desktop":{"background-color":"","background-image":"","background-repeat":"repeat","background-position":"center center","background-size":"auto","background-attachment":"scroll","background-type":"","background-media":"","overlay-type":"","overlay-color":"","overlay-opacity":"","overlay-gradient":""},"tablet":{"background-color":"","background-image":"","background-repeat":"repeat","background-position":"center center","background-size":"auto","background-attachment":"scroll","background-type":"","background-media":"","overlay-type":"","overlay-color":"","overlay-opacity":"","overlay-gradient":""},"mobile":{"background-color":"","background-image":"","background-repeat":"repeat","background-position":"center center","background-size":"auto","background-attachment":"scroll","background-type":"","background-media":"","overlay-type":"","overlay-color":"","overlay-opacity":"","overlay-gradient":""}},"ast-content-background-meta":{"desktop":{"background-color":"var(--ast-global-color-5)","background-image":"","background-repeat":"repeat","background-position":"center center","background-size":"auto","background-attachment":"scroll","background-type":"","background-media":"","overlay-type":"","overlay-color":"","overlay-opacity":"","overlay-gradient":""},"tablet":{"background-color":"var(--ast-global-color-5)","background-image":"","background-repeat":"repeat","background-position":"center center","background-size":"auto","background-attachment":"scroll","background-type":"","background-media":"","overlay-type":"","overlay-color":"","overlay-opacity":"","overlay-gradient":""},"mobile":{"background-color":"var(--ast-global-color-5)","background-image":"","background-repeat":"repeat","background-position":"center center","background-size":"auto","background-attachment":"scroll","background-type":"","background-media":"","overlay-type":"","overlay-color":"","overlay-opacity":"","overlay-gradient":""}},"footnotes":""},"class_list":["post-3284","page","type-page","status-publish","hentry"],"yoast_head":"<!-- This site is optimized with the Yoast SEO plugin v27.5 - https:\/\/yoast.com\/product\/yoast-seo-wordpress\/ -->\n<title>Forma\u00e7\u00e3o em Log\u00edstica de Loja e Gest\u00e3o de Armaz\u00e9m | 3Solutions<\/title>\n<meta name=\"description\" content=\"Forma\u00e7\u00e3o em log\u00edstica de loja e gest\u00e3o de armaz\u00e9m para gerentes, respons\u00e1veis e store managers. Foco em stock, invent\u00e1rios, organiza\u00e7\u00e3o e efici\u00eancia operacional.\" \/>\n<meta name=\"robots\" content=\"index, follow, max-snippet:-1, max-image-preview:large, max-video-preview:-1\" \/>\n<link rel=\"canonical\" href=\"https:\/\/3solutions.pt\/en\/formacao-logistica-loja-gestao-armazem\/\" \/>\n<meta property=\"og:locale\" content=\"en_GB\" \/>\n<meta property=\"og:type\" content=\"article\" \/>\n<meta property=\"og:title\" content=\"Forma\u00e7\u00e3o em Log\u00edstica de Loja e Gest\u00e3o de Armaz\u00e9m | 3Solutions\" \/>\n<meta property=\"og:description\" content=\"Forma\u00e7\u00e3o em log\u00edstica de loja e gest\u00e3o de armaz\u00e9m para gerentes, respons\u00e1veis e store managers. Foco em stock, invent\u00e1rios, organiza\u00e7\u00e3o e efici\u00eancia operacional.\" \/>\n<meta property=\"og:url\" content=\"https:\/\/3solutions.pt\/en\/formacao-logistica-loja-gestao-armazem\/\" \/>\n<meta property=\"og:site_name\" content=\"3Solutions Consultoria em Marketing e Gest\u00e3o\" \/>\n<meta property=\"article:publisher\" content=\"https:\/\/www.facebook.com\/share\/17VAXrDnwy\/\" \/>\n<meta property=\"article:modified_time\" content=\"2026-03-06T18:24:54+00:00\" \/>\n<meta property=\"og:image\" content=\"https:\/\/3solutions.pt\/wp-content\/uploads\/2025\/12\/Formacao-em-Logistica-de-Loja.jpg\" \/>\n\t<meta property=\"og:image:width\" content=\"810\" \/>\n\t<meta property=\"og:image:height\" content=\"540\" \/>\n\t<meta property=\"og:image:type\" content=\"image\/jpeg\" \/>\n<meta name=\"twitter:card\" content=\"summary_large_image\" \/>\n<meta name=\"twitter:label1\" content=\"Estimated reading time\" \/>\n\t<meta name=\"twitter:data1\" content=\"2 minutes\" \/>\n<script type=\"application\/ld+json\" class=\"yoast-schema-graph\">{\"@context\":\"https:\\\/\\\/schema.org\",\"@graph\":[{\"@type\":\"WebPage\",\"@id\":\"https:\\\/\\\/3solutions.pt\\\/formacao-logistica-loja-gestao-armazem\\\/\",\"url\":\"https:\\\/\\\/3solutions.pt\\\/formacao-logistica-loja-gestao-armazem\\\/\",\"name\":\"Forma\u00e7\u00e3o em Log\u00edstica de Loja e Gest\u00e3o de Armaz\u00e9m | 3Solutions\",\"isPartOf\":{\"@id\":\"https:\\\/\\\/3solutions.pt\\\/#website\"},\"primaryImageOfPage\":{\"@id\":\"https:\\\/\\\/3solutions.pt\\\/formacao-logistica-loja-gestao-armazem\\\/#primaryimage\"},\"image\":{\"@id\":\"https:\\\/\\\/3solutions.pt\\\/formacao-logistica-loja-gestao-armazem\\\/#primaryimage\"},\"thumbnailUrl\":\"https:\\\/\\\/3solutions.pt\\\/wp-content\\\/uploads\\\/2025\\\/12\\\/Formacao-em-Logistica-de-Loja.jpg\",\"datePublished\":\"2025-12-15T14:00:58+00:00\",\"dateModified\":\"2026-03-06T18:24:54+00:00\",\"description\":\"Forma\u00e7\u00e3o em log\u00edstica de loja e gest\u00e3o de armaz\u00e9m para gerentes, respons\u00e1veis e store managers. Foco em stock, invent\u00e1rios, organiza\u00e7\u00e3o e efici\u00eancia operacional.\",\"breadcrumb\":{\"@id\":\"https:\\\/\\\/3solutions.pt\\\/formacao-logistica-loja-gestao-armazem\\\/#breadcrumb\"},\"inLanguage\":\"en-GB\",\"potentialAction\":[{\"@type\":\"ReadAction\",\"target\":[\"https:\\\/\\\/3solutions.pt\\\/formacao-logistica-loja-gestao-armazem\\\/\"]}]},{\"@type\":\"ImageObject\",\"inLanguage\":\"en-GB\",\"@id\":\"https:\\\/\\\/3solutions.pt\\\/formacao-logistica-loja-gestao-armazem\\\/#primaryimage\",\"url\":\"https:\\\/\\\/3solutions.pt\\\/wp-content\\\/uploads\\\/2025\\\/12\\\/Formacao-em-Logistica-de-Loja.jpg\",\"contentUrl\":\"https:\\\/\\\/3solutions.pt\\\/wp-content\\\/uploads\\\/2025\\\/12\\\/Formacao-em-Logistica-de-Loja.jpg\"},{\"@type\":\"BreadcrumbList\",\"@id\":\"https:\\\/\\\/3solutions.pt\\\/formacao-logistica-loja-gestao-armazem\\\/#breadcrumb\",\"itemListElement\":[{\"@type\":\"ListItem\",\"position\":1,\"name\":\"In\u00edcio\",\"item\":\"https:\\\/\\\/3solutions.pt\\\/\"},{\"@type\":\"ListItem\",\"position\":2,\"name\":\"Log\u00edstica de Loja &amp; Armaz\u00e9m (Gerentes \\\/ Respons\u00e1veis de Loja)\"}]},{\"@type\":\"WebSite\",\"@id\":\"https:\\\/\\\/3solutions.pt\\\/#website\",\"url\":\"https:\\\/\\\/3solutions.pt\\\/\",\"name\":\"3Solutions Consultoria em Marketing e Gest\u00e3o\",\"description\":\"Consultoria e Marketing Digital\",\"publisher\":{\"@id\":\"https:\\\/\\\/3solutions.pt\\\/#organization\"},\"potentialAction\":[{\"@type\":\"SearchAction\",\"target\":{\"@type\":\"EntryPoint\",\"urlTemplate\":\"https:\\\/\\\/3solutions.pt\\\/?s={search_term_string}\"},\"query-input\":{\"@type\":\"PropertyValueSpecification\",\"valueRequired\":true,\"valueName\":\"search_term_string\"}}],\"inLanguage\":\"en-GB\"},{\"@type\":\"Organization\",\"@id\":\"https:\\\/\\\/3solutions.pt\\\/#organization\",\"name\":\"3Solutions Consultoria em Marketing e Gest\u00e3o\",\"url\":\"https:\\\/\\\/3solutions.pt\\\/\",\"logo\":{\"@type\":\"ImageObject\",\"inLanguage\":\"en-GB\",\"@id\":\"https:\\\/\\\/3solutions.pt\\\/#\\\/schema\\\/logo\\\/image\\\/\",\"url\":\"https:\\\/\\\/3solutions.pt\\\/wp-content\\\/uploads\\\/2025\\\/12\\\/cropped-Prancheta-1-copia-6-scaled-1.png\",\"contentUrl\":\"https:\\\/\\\/3solutions.pt\\\/wp-content\\\/uploads\\\/2025\\\/12\\\/cropped-Prancheta-1-copia-6-scaled-1.png\",\"width\":2559,\"height\":855,\"caption\":\"3Solutions Consultoria em Marketing e Gest\u00e3o\"},\"image\":{\"@id\":\"https:\\\/\\\/3solutions.pt\\\/#\\\/schema\\\/logo\\\/image\\\/\"},\"sameAs\":[\"https:\\\/\\\/www.facebook.com\\\/share\\\/17VAXrDnwy\\\/\",\"https:\\\/\\\/www.instagram.com\\\/wespeakretail?igsh=d2Y0a2RzY29nN2Fv\"]}]}<\/script>\n<!-- \/ Yoast SEO plugin. -->","yoast_head_json":{"title":"Forma\u00e7\u00e3o em Log\u00edstica de Loja e Gest\u00e3o de Armaz\u00e9m | 3Solutions","description":"Forma\u00e7\u00e3o em log\u00edstica de loja e gest\u00e3o de armaz\u00e9m para gerentes, respons\u00e1veis e store managers. Foco em stock, invent\u00e1rios, organiza\u00e7\u00e3o e efici\u00eancia operacional.","robots":{"index":"index","follow":"follow","max-snippet":"max-snippet:-1","max-image-preview":"max-image-preview:large","max-video-preview":"max-video-preview:-1"},"canonical":"https:\/\/3solutions.pt\/en\/formacao-logistica-loja-gestao-armazem\/","og_locale":"en_GB","og_type":"article","og_title":"Forma\u00e7\u00e3o em Log\u00edstica de Loja e Gest\u00e3o de Armaz\u00e9m | 3Solutions","og_description":"Forma\u00e7\u00e3o em log\u00edstica de loja e gest\u00e3o de armaz\u00e9m para gerentes, respons\u00e1veis e store managers. Foco em stock, invent\u00e1rios, organiza\u00e7\u00e3o e efici\u00eancia operacional.","og_url":"https:\/\/3solutions.pt\/en\/formacao-logistica-loja-gestao-armazem\/","og_site_name":"3Solutions Consultoria em Marketing e Gest\u00e3o","article_publisher":"https:\/\/www.facebook.com\/share\/17VAXrDnwy\/","article_modified_time":"2026-03-06T18:24:54+00:00","og_image":[{"width":810,"height":540,"url":"https:\/\/3solutions.pt\/wp-content\/uploads\/2025\/12\/Formacao-em-Logistica-de-Loja.jpg","type":"image\/jpeg"}],"twitter_card":"summary_large_image","twitter_misc":{"Estimated reading time":"2 minutes"},"schema":{"@context":"https:\/\/schema.org","@graph":[{"@type":"WebPage","@id":"https:\/\/3solutions.pt\/formacao-logistica-loja-gestao-armazem\/","url":"https:\/\/3solutions.pt\/formacao-logistica-loja-gestao-armazem\/","name":"Forma\u00e7\u00e3o em Log\u00edstica de Loja e Gest\u00e3o de Armaz\u00e9m | 3Solutions","isPartOf":{"@id":"https:\/\/3solutions.pt\/#website"},"primaryImageOfPage":{"@id":"https:\/\/3solutions.pt\/formacao-logistica-loja-gestao-armazem\/#primaryimage"},"image":{"@id":"https:\/\/3solutions.pt\/formacao-logistica-loja-gestao-armazem\/#primaryimage"},"thumbnailUrl":"https:\/\/3solutions.pt\/wp-content\/uploads\/2025\/12\/Formacao-em-Logistica-de-Loja.jpg","datePublished":"2025-12-15T14:00:58+00:00","dateModified":"2026-03-06T18:24:54+00:00","description":"Forma\u00e7\u00e3o em log\u00edstica de loja e gest\u00e3o de armaz\u00e9m para gerentes, respons\u00e1veis e store managers. Foco em stock, invent\u00e1rios, organiza\u00e7\u00e3o e efici\u00eancia operacional.","breadcrumb":{"@id":"https:\/\/3solutions.pt\/formacao-logistica-loja-gestao-armazem\/#breadcrumb"},"inLanguage":"en-GB","potentialAction":[{"@type":"ReadAction","target":["https:\/\/3solutions.pt\/formacao-logistica-loja-gestao-armazem\/"]}]},{"@type":"ImageObject","inLanguage":"en-GB","@id":"https:\/\/3solutions.pt\/formacao-logistica-loja-gestao-armazem\/#primaryimage","url":"https:\/\/3solutions.pt\/wp-content\/uploads\/2025\/12\/Formacao-em-Logistica-de-Loja.jpg","contentUrl":"https:\/\/3solutions.pt\/wp-content\/uploads\/2025\/12\/Formacao-em-Logistica-de-Loja.jpg"},{"@type":"BreadcrumbList","@id":"https:\/\/3solutions.pt\/formacao-logistica-loja-gestao-armazem\/#breadcrumb","itemListElement":[{"@type":"ListItem","position":1,"name":"In\u00edcio","item":"https:\/\/3solutions.pt\/"},{"@type":"ListItem","position":2,"name":"Log\u00edstica de Loja &amp; Armaz\u00e9m (Gerentes \/ Respons\u00e1veis de Loja)"}]},{"@type":"WebSite","@id":"https:\/\/3solutions.pt\/#website","url":"https:\/\/3solutions.pt\/","name":"3Solutions Consultoria em Marketing e Gest\u00e3o","description":"Consultoria e Marketing Digital","publisher":{"@id":"https:\/\/3solutions.pt\/#organization"},"potentialAction":[{"@type":"SearchAction","target":{"@type":"EntryPoint","urlTemplate":"https:\/\/3solutions.pt\/?s={search_term_string}"},"query-input":{"@type":"PropertyValueSpecification","valueRequired":true,"valueName":"search_term_string"}}],"inLanguage":"en-GB"},{"@type":"Organization","@id":"https:\/\/3solutions.pt\/#organization","name":"3Solutions Consultoria em Marketing e Gest\u00e3o","url":"https:\/\/3solutions.pt\/","logo":{"@type":"ImageObject","inLanguage":"en-GB","@id":"https:\/\/3solutions.pt\/#\/schema\/logo\/image\/","url":"https:\/\/3solutions.pt\/wp-content\/uploads\/2025\/12\/cropped-Prancheta-1-copia-6-scaled-1.png","contentUrl":"https:\/\/3solutions.pt\/wp-content\/uploads\/2025\/12\/cropped-Prancheta-1-copia-6-scaled-1.png","width":2559,"height":855,"caption":"3Solutions Consultoria em Marketing e Gest\u00e3o"},"image":{"@id":"https:\/\/3solutions.pt\/#\/schema\/logo\/image\/"},"sameAs":["https:\/\/www.facebook.com\/share\/17VAXrDnwy\/","https:\/\/www.instagram.com\/wespeakretail?igsh=d2Y0a2RzY29nN2Fv"]}]}},"_links":{"self":[{"href":"https:\/\/3solutions.pt\/en\/wp-json\/wp\/v2\/pages\/3284","targetHints":{"allow":["GET"]}}],"collection":[{"href":"https:\/\/3solutions.pt\/en\/wp-json\/wp\/v2\/pages"}],"about":[{"href":"https:\/\/3solutions.pt\/en\/wp-json\/wp\/v2\/types\/page"}],"author":[{"embeddable":true,"href":"https:\/\/3solutions.pt\/en\/wp-json\/wp\/v2\/users\/2"}],"replies":[{"embeddable":true,"href":"https:\/\/3solutions.pt\/en\/wp-json\/wp\/v2\/comments?post=3284"}],"version-history":[{"count":16,"href":"https:\/\/3solutions.pt\/en\/wp-json\/wp\/v2\/pages\/3284\/revisions"}],"predecessor-version":[{"id":5470,"href":"https:\/\/3solutions.pt\/en\/wp-json\/wp\/v2\/pages\/3284\/revisions\/5470"}],"wp:attachment":[{"href":"https:\/\/3solutions.pt\/en\/wp-json\/wp\/v2\/media?parent=3284"}],"curies":[{"name":"wp","href":"https:\/\/api.w.org\/{rel}","templated":true}]}}