{"id":3271,"date":"2025-12-15T13:41:11","date_gmt":"2025-12-15T13:41:11","guid":{"rendered":"https:\/\/3solutions.pt\/?page_id=3271"},"modified":"2026-03-06T18:23:45","modified_gmt":"2026-03-06T18:23:45","slug":"formacao-merchandising-loja-pronta","status":"publish","type":"page","link":"https:\/\/3solutions.pt\/en\/formacao-merchandising-loja-pronta\/","title":{"rendered":"Forma\u00e7\u00e3o em Merchandising e Loja Pronta para Vender"},"content":{"rendered":"<div data-elementor-type=\"wp-page\" data-elementor-id=\"3271\" class=\"elementor elementor-3271\">\n\t\t\t\t<div class=\"elementor-element elementor-element-25ed2652 e-flex e-con-boxed e-con e-parent\" data-id=\"25ed2652\" data-element_type=\"container\" data-e-type=\"container\" data-settings=\"{&quot;background_background&quot;:&quot;classic&quot;}\">\n\t\t\t\t\t<div class=\"e-con-inner\">\n\t\t<div class=\"elementor-element elementor-element-73217b21 e-con-full e-flex e-con e-child\" data-id=\"73217b21\" data-element_type=\"container\" data-e-type=\"container\">\n\t\t\t\t<div class=\"elementor-element elementor-element-6f482ace elementor-widget elementor-widget-heading\" data-id=\"6f482ace\" data-element_type=\"widget\" data-e-type=\"widget\" data-widget_type=\"heading.default\">\n\t\t\t\t<div class=\"elementor-widget-container\">\n\t\t\t\t\t<h1 class=\"elementor-heading-title elementor-size-default\">Store Manager<br data-start=\"212\" data-end=\"215\">Merchandising<\/h1>\t\t\t\t<\/div>\n\t\t\t\t<\/div>\n\t\t\t\t<\/div>\n\t\t\t\t\t<\/div>\n\t\t\t\t<\/div>\n\t\t<div class=\"elementor-element elementor-element-40594453 e-flex e-con-boxed e-con e-parent\" data-id=\"40594453\" data-element_type=\"container\" data-e-type=\"container\" data-settings=\"{&quot;background_background&quot;:&quot;classic&quot;}\">\n\t\t\t\t\t<div class=\"e-con-inner\">\n\t\t<div class=\"elementor-element elementor-element-1af47665 e-con-full e-flex e-con e-child\" data-id=\"1af47665\" data-element_type=\"container\" data-e-type=\"container\">\n\t\t<div class=\"elementor-element elementor-element-a99f052 e-flex e-con-boxed e-con e-child\" data-id=\"a99f052\" data-element_type=\"container\" data-e-type=\"container\">\n\t\t\t\t\t<div class=\"e-con-inner\">\n\t\t<div class=\"elementor-element elementor-element-19f5ca66 e-con-full e-flex e-con e-child\" data-id=\"19f5ca66\" data-element_type=\"container\" data-e-type=\"container\">\n\t\t\t\t<div class=\"elementor-element elementor-element-754f2857 elementor-widget elementor-widget-heading\" data-id=\"754f2857\" data-element_type=\"widget\" data-e-type=\"widget\" data-widget_type=\"heading.default\">\n\t\t\t\t<div class=\"elementor-widget-container\">\n\t\t\t\t\t<h2 class=\"elementor-heading-title elementor-size-default\">Merchandising e Loja Pronta para Vender no Retalho <br>O vendedor invis\u00edvel<\/h2>\t\t\t\t<\/div>\n\t\t\t\t<\/div>\n\t\t\t\t<div class=\"elementor-element elementor-element-25f19fc1 elementor-widget elementor-widget-button\" data-id=\"25f19fc1\" data-element_type=\"widget\" data-e-type=\"widget\" data-widget_type=\"button.default\">\n\t\t\t\t<div class=\"elementor-widget-container\">\n\t\t\t\t\t\t\t\t\t<div class=\"elementor-button-wrapper\">\n\t\t\t\t\t<a class=\"elementor-button elementor-button-link elementor-size-sm\" href=\"https:\/\/3solutions.pt\/en\/agendar-um-diagnostico-gratuito-de-consultoria-em-gestao-e-marketing\/\">\n\t\t\t\t\t\t<span class=\"elementor-button-content-wrapper\">\n\t\t\t\t\t\t\t\t\t<span class=\"elementor-button-text\">Book a Free Diagnostic<\/span>\n\t\t\t\t\t<\/span>\n\t\t\t\t\t<\/a>\n\t\t\t\t<\/div>\n\t\t\t\t\t\t\t\t<\/div>\n\t\t\t\t<\/div>\n\t\t\t\t<\/div>\n\t\t<div class=\"elementor-element elementor-element-c25f9ff e-con-full e-flex e-con e-child\" data-id=\"c25f9ff\" data-element_type=\"container\" data-e-type=\"container\">\n\t\t\t\t<div class=\"elementor-element elementor-element-45c4f869 elementor-widget__width-initial elementor-widget elementor-widget-image\" data-id=\"45c4f869\" data-element_type=\"widget\" data-e-type=\"widget\" data-widget_type=\"image.default\">\n\t\t\t\t<div class=\"elementor-widget-container\">\n\t\t\t\t\t\t\t\t\t\t\t\t\t\t\t<img fetchpriority=\"high\" decoding=\"async\" width=\"691\" height=\"507\" src=\"https:\/\/3solutions.pt\/wp-content\/uploads\/2025\/12\/Formacao-em-Merchandising-para-Gerentes-de-Loja.jpg\" class=\"attachment-full size-full wp-image-3272\" alt=\"\" srcset=\"https:\/\/3solutions.pt\/wp-content\/uploads\/2025\/12\/Formacao-em-Merchandising-para-Gerentes-de-Loja.jpg 691w, https:\/\/3solutions.pt\/wp-content\/uploads\/2025\/12\/Formacao-em-Merchandising-para-Gerentes-de-Loja-300x220.jpg 300w, https:\/\/3solutions.pt\/wp-content\/uploads\/2025\/12\/Formacao-em-Merchandising-para-Gerentes-de-Loja-16x12.jpg 16w\" sizes=\"(max-width: 691px) 100vw, 691px\" \/>\t\t\t\t\t\t\t\t\t\t\t\t\t\t\t<\/div>\n\t\t\t\t<\/div>\n\t\t\t\t<\/div>\n\t\t\t\t\t<\/div>\n\t\t\t\t<\/div>\n\t\t\t\t<div class=\"elementor-element elementor-element-5b200806 elementor-widget elementor-widget-text-editor\" data-id=\"5b200806\" data-element_type=\"widget\" data-e-type=\"widget\" data-widget_type=\"text-editor.default\">\n\t\t\t\t<div class=\"elementor-widget-container\">\n\t\t\t\t\t\t\t\t\t<p data-start=\"390\" data-end=\"750\">Embora trabalhemos com conte\u00fados estruturados e boas pr\u00e1ticas consolidadas, a nossa forma\u00e7\u00e3o em merchandising nunca parte de modelos fechados. Cada loja, cada marca e cada p\u00fablico t\u00eam necessidades diferentes, e por isso este m\u00f3dulo \u00e9 sempre ajustado \u00e0 realidade concreta do ponto de venda, ao posicionamento da marca e ao comportamento real do cliente em loja.<\/p><p data-start=\"752\" data-end=\"1197\">A <strong data-start=\"754\" data-end=\"809\">Forma\u00e7\u00e3o em Merchandising e Loja Pronta para Vender<\/strong> foi criada para gerentes, store managers e respons\u00e1veis de loja que precisam de garantir uma execu\u00e7\u00e3o consistente no terreno e transformar a exposi\u00e7\u00e3o de produto num verdadeiro motor de vendas. Mais do que conceitos est\u00e9ticos, este m\u00f3dulo trabalha a capacidade de ler a loja, analisar a exposi\u00e7\u00e3o e tomar decis\u00f5es pr\u00e1ticas que impactam diretamente a convers\u00e3o e a experi\u00eancia do cliente.<\/p><p data-start=\"1199\" data-end=\"1561\">Ao longo da forma\u00e7\u00e3o, desenvolvemos compet\u00eancias relacionadas com organiza\u00e7\u00e3o do espa\u00e7o, coer\u00eancia da exposi\u00e7\u00e3o, reposi\u00e7\u00e3o, stock vis\u00edvel, leitura de planogramas e adapta\u00e7\u00e3o do merchandising \u00e0s din\u00e2micas reais da loja. O foco est\u00e1 em assegurar que a loja est\u00e1 \u201cpronta\u201d todos os dias: clara para o cliente, f\u00e1cil de comprar e alinhada com os objetivos comerciais.<\/p><p data-start=\"1563\" data-end=\"1937\">Para a empresa, este m\u00f3dulo contribui para maior consist\u00eancia entre lojas, melhor aproveitamento do stock, aumento da convers\u00e3o e refor\u00e7o da imagem da marca. Para gerentes e respons\u00e1veis de loja, permite ganhar autonomia, sentido cr\u00edtico e capacidade de decis\u00e3o sobre a exposi\u00e7\u00e3o e a organiza\u00e7\u00e3o do ponto de venda, garantindo execu\u00e7\u00e3o di\u00e1ria com impacto real nos resultados.<\/p>\t\t\t\t\t\t\t\t<\/div>\n\t\t\t\t<\/div>\n\t\t\t\t<div class=\"elementor-element elementor-element-7aeaa1a1 elementor-widget elementor-widget-button\" data-id=\"7aeaa1a1\" data-element_type=\"widget\" data-e-type=\"widget\" data-widget_type=\"button.default\">\n\t\t\t\t<div class=\"elementor-widget-container\">\n\t\t\t\t\t\t\t\t\t<div class=\"elementor-button-wrapper\">\n\t\t\t\t\t<a class=\"elementor-button elementor-button-link elementor-size-sm\" href=\"https:\/\/wa.me\/351918880051?text=Ol\u00e1,%20quero%20saber%20mais%20sobre%20a%20consultoria.%20%20\ud83d\udc49%20Quero%20saber%20mais%20via%20WhatsApp%20\" target=\"_blank\">\n\t\t\t\t\t\t<span class=\"elementor-button-content-wrapper\">\n\t\t\t\t\t\t<span class=\"elementor-button-icon\">\n\t\t\t\t<i aria-hidden=\"true\" class=\"fab fa-whatsapp\"><\/i>\t\t\t<\/span>\n\t\t\t\t\t\t\t\t\t<span class=\"elementor-button-text\">Learn More<\/span>\n\t\t\t\t\t<\/span>\n\t\t\t\t\t<\/a>\n\t\t\t\t<\/div>\n\t\t\t\t\t\t\t\t<\/div>\n\t\t\t\t<\/div>\n\t\t\t\t<div class=\"elementor-element elementor-element-26e41118 elementor-widget elementor-widget-heading\" data-id=\"26e41118\" data-element_type=\"widget\" data-e-type=\"widget\" data-widget_type=\"heading.default\">\n\t\t\t\t<div class=\"elementor-widget-container\">\n\t\t\t\t\t<h6 class=\"elementor-heading-title elementor-size-default\"><span data-start=\"1939\" data-end=\"2139\" style=\"font-family: Montserrat, sans-serif;font-size: 16px;letter-spacing: normal;text-align: left;text-transform: none\">Esta forma\u00e7\u00e3o ajuda gerentes, store managers e respons\u00e1veis de loja a garantir uma loja pronta para vender, com merchandising eficaz, consistente e alinhado com os objetivos comerciais do retalho.<\/span><\/h6>\t\t\t\t<\/div>\n\t\t\t\t<\/div>\n\t\t\t\t<\/div>\n\t\t\t\t\t<\/div>\n\t\t\t\t<\/div>\n\t\t\t\t<\/div>","protected":false},"excerpt":{"rendered":"<p>Store ManagerMerchandising Merchandising e Loja Pronta para Vender no Retalho O vendedor invis\u00edvel Agendar Diagn\u00f3stico Gratuito Embora trabalhemos com conte\u00fados estruturados e boas pr\u00e1ticas consolidadas, a nossa forma\u00e7\u00e3o em merchandising nunca parte de modelos fechados. Cada loja, cada marca e cada p\u00fablico t\u00eam necessidades diferentes, e por isso este m\u00f3dulo \u00e9 sempre ajustado \u00e0 realidade [&hellip;]<\/p>\n","protected":false},"author":2,"featured_media":3272,"parent":0,"menu_order":0,"comment_status":"closed","ping_status":"closed","template":"","meta":{"site-sidebar-layout":"no-sidebar","site-content-layout":"page-builder","ast-site-content-layout":"full-width-container","site-content-style":"default","site-sidebar-style":"default","ast-global-header-display":"","ast-banner-title-visibility":"","ast-main-header-display":"","ast-hfb-above-header-display":"","ast-hfb-below-header-display":"","ast-hfb-mobile-header-display":"","site-post-title":"disabled","ast-breadcrumbs-content":"","ast-featured-img":"disabled","footer-sml-layout":"","ast-disable-related-posts":"","theme-transparent-header-meta":"","adv-header-id-meta":"","stick-header-meta":"","header-above-stick-meta":"","header-main-stick-meta":"","header-below-stick-meta":"","astra-migrate-meta-layouts":"set","ast-page-background-enabled":"default","ast-page-background-meta":{"desktop":{"background-color":"","background-image":"","background-repeat":"repeat","background-position":"center center","background-size":"auto","background-attachment":"scroll","background-type":"","background-media":"","overlay-type":"","overlay-color":"","overlay-opacity":"","overlay-gradient":""},"tablet":{"background-color":"","background-image":"","background-repeat":"repeat","background-position":"center center","background-size":"auto","background-attachment":"scroll","background-type":"","background-media":"","overlay-type":"","overlay-color":"","overlay-opacity":"","overlay-gradient":""},"mobile":{"background-color":"","background-image":"","background-repeat":"repeat","background-position":"center center","background-size":"auto","background-attachment":"scroll","background-type":"","background-media":"","overlay-type":"","overlay-color":"","overlay-opacity":"","overlay-gradient":""}},"ast-content-background-meta":{"desktop":{"background-color":"var(--ast-global-color-5)","background-image":"","background-repeat":"repeat","background-position":"center center","background-size":"auto","background-attachment":"scroll","background-type":"","background-media":"","overlay-type":"","overlay-color":"","overlay-opacity":"","overlay-gradient":""},"tablet":{"background-color":"var(--ast-global-color-5)","background-image":"","background-repeat":"repeat","background-position":"center center","background-size":"auto","background-attachment":"scroll","background-type":"","background-media":"","overlay-type":"","overlay-color":"","overlay-opacity":"","overlay-gradient":""},"mobile":{"background-color":"var(--ast-global-color-5)","background-image":"","background-repeat":"repeat","background-position":"center center","background-size":"auto","background-attachment":"scroll","background-type":"","background-media":"","overlay-type":"","overlay-color":"","overlay-opacity":"","overlay-gradient":""}},"footnotes":""},"class_list":["post-3271","page","type-page","status-publish","has-post-thumbnail","hentry"],"yoast_head":"<!-- This site is optimized with the Yoast SEO plugin v27.5 - https:\/\/yoast.com\/product\/yoast-seo-wordpress\/ -->\n<title>Forma\u00e7\u00e3o em Merchandising e Loja Pronta para Vender | 3Solutions<\/title>\n<meta name=\"description\" content=\"Forma\u00e7\u00e3o em merchandising para gerentes, store managers e respons\u00e1veis de loja. Foco em loja pronta, exposi\u00e7\u00e3o eficaz e execu\u00e7\u00e3o alinhada com objetivos comerciais.\" \/>\n<meta name=\"robots\" content=\"index, follow, max-snippet:-1, max-image-preview:large, max-video-preview:-1\" \/>\n<link rel=\"canonical\" href=\"https:\/\/3solutions.pt\/en\/formacao-merchandising-loja-pronta\/\" \/>\n<meta property=\"og:locale\" content=\"en_GB\" \/>\n<meta property=\"og:type\" content=\"article\" \/>\n<meta property=\"og:title\" content=\"Forma\u00e7\u00e3o em Merchandising e Loja Pronta para Vender | 3Solutions\" \/>\n<meta property=\"og:description\" content=\"Forma\u00e7\u00e3o em merchandising para gerentes, store managers e respons\u00e1veis de loja. Foco em loja pronta, exposi\u00e7\u00e3o eficaz e execu\u00e7\u00e3o alinhada com objetivos comerciais.\" \/>\n<meta property=\"og:url\" content=\"https:\/\/3solutions.pt\/en\/formacao-merchandising-loja-pronta\/\" \/>\n<meta property=\"og:site_name\" content=\"3Solutions Consultoria em Marketing e Gest\u00e3o\" \/>\n<meta property=\"article:publisher\" content=\"https:\/\/www.facebook.com\/share\/17VAXrDnwy\/\" \/>\n<meta property=\"article:modified_time\" content=\"2026-03-06T18:23:45+00:00\" \/>\n<meta property=\"og:image\" content=\"https:\/\/3solutions.pt\/wp-content\/uploads\/2025\/12\/Formacao-em-Merchandising-para-Gerentes-de-Loja.jpg\" \/>\n\t<meta property=\"og:image:width\" content=\"691\" \/>\n\t<meta property=\"og:image:height\" content=\"507\" \/>\n\t<meta property=\"og:image:type\" content=\"image\/jpeg\" \/>\n<meta name=\"twitter:card\" content=\"summary_large_image\" \/>\n<meta name=\"twitter:label1\" content=\"Estimated reading time\" \/>\n\t<meta name=\"twitter:data1\" content=\"2 minutes\" \/>\n<script type=\"application\/ld+json\" class=\"yoast-schema-graph\">{\"@context\":\"https:\\\/\\\/schema.org\",\"@graph\":[{\"@type\":\"WebPage\",\"@id\":\"https:\\\/\\\/3solutions.pt\\\/formacao-merchandising-loja-pronta\\\/\",\"url\":\"https:\\\/\\\/3solutions.pt\\\/formacao-merchandising-loja-pronta\\\/\",\"name\":\"Forma\u00e7\u00e3o em Merchandising e Loja Pronta para Vender | 3Solutions\",\"isPartOf\":{\"@id\":\"https:\\\/\\\/3solutions.pt\\\/#website\"},\"primaryImageOfPage\":{\"@id\":\"https:\\\/\\\/3solutions.pt\\\/formacao-merchandising-loja-pronta\\\/#primaryimage\"},\"image\":{\"@id\":\"https:\\\/\\\/3solutions.pt\\\/formacao-merchandising-loja-pronta\\\/#primaryimage\"},\"thumbnailUrl\":\"https:\\\/\\\/3solutions.pt\\\/wp-content\\\/uploads\\\/2025\\\/12\\\/Formacao-em-Merchandising-para-Gerentes-de-Loja.jpg\",\"datePublished\":\"2025-12-15T13:41:11+00:00\",\"dateModified\":\"2026-03-06T18:23:45+00:00\",\"description\":\"Forma\u00e7\u00e3o em merchandising para gerentes, store managers e respons\u00e1veis de loja. Foco em loja pronta, exposi\u00e7\u00e3o eficaz e execu\u00e7\u00e3o alinhada com objetivos comerciais.\",\"breadcrumb\":{\"@id\":\"https:\\\/\\\/3solutions.pt\\\/formacao-merchandising-loja-pronta\\\/#breadcrumb\"},\"inLanguage\":\"en-GB\",\"potentialAction\":[{\"@type\":\"ReadAction\",\"target\":[\"https:\\\/\\\/3solutions.pt\\\/formacao-merchandising-loja-pronta\\\/\"]}]},{\"@type\":\"ImageObject\",\"inLanguage\":\"en-GB\",\"@id\":\"https:\\\/\\\/3solutions.pt\\\/formacao-merchandising-loja-pronta\\\/#primaryimage\",\"url\":\"https:\\\/\\\/3solutions.pt\\\/wp-content\\\/uploads\\\/2025\\\/12\\\/Formacao-em-Merchandising-para-Gerentes-de-Loja.jpg\",\"contentUrl\":\"https:\\\/\\\/3solutions.pt\\\/wp-content\\\/uploads\\\/2025\\\/12\\\/Formacao-em-Merchandising-para-Gerentes-de-Loja.jpg\",\"width\":691,\"height\":507},{\"@type\":\"BreadcrumbList\",\"@id\":\"https:\\\/\\\/3solutions.pt\\\/formacao-merchandising-loja-pronta\\\/#breadcrumb\",\"itemListElement\":[{\"@type\":\"ListItem\",\"position\":1,\"name\":\"In\u00edcio\",\"item\":\"https:\\\/\\\/3solutions.pt\\\/\"},{\"@type\":\"ListItem\",\"position\":2,\"name\":\"Forma\u00e7\u00e3o em Merchandising e Loja Pronta para Vender\"}]},{\"@type\":\"WebSite\",\"@id\":\"https:\\\/\\\/3solutions.pt\\\/#website\",\"url\":\"https:\\\/\\\/3solutions.pt\\\/\",\"name\":\"3Solutions Consultoria em Marketing e Gest\u00e3o\",\"description\":\"Consultoria e Marketing Digital\",\"publisher\":{\"@id\":\"https:\\\/\\\/3solutions.pt\\\/#organization\"},\"potentialAction\":[{\"@type\":\"SearchAction\",\"target\":{\"@type\":\"EntryPoint\",\"urlTemplate\":\"https:\\\/\\\/3solutions.pt\\\/?s={search_term_string}\"},\"query-input\":{\"@type\":\"PropertyValueSpecification\",\"valueRequired\":true,\"valueName\":\"search_term_string\"}}],\"inLanguage\":\"en-GB\"},{\"@type\":\"Organization\",\"@id\":\"https:\\\/\\\/3solutions.pt\\\/#organization\",\"name\":\"3Solutions Consultoria em Marketing e Gest\u00e3o\",\"url\":\"https:\\\/\\\/3solutions.pt\\\/\",\"logo\":{\"@type\":\"ImageObject\",\"inLanguage\":\"en-GB\",\"@id\":\"https:\\\/\\\/3solutions.pt\\\/#\\\/schema\\\/logo\\\/image\\\/\",\"url\":\"https:\\\/\\\/3solutions.pt\\\/wp-content\\\/uploads\\\/2025\\\/12\\\/cropped-Prancheta-1-copia-6-scaled-1.png\",\"contentUrl\":\"https:\\\/\\\/3solutions.pt\\\/wp-content\\\/uploads\\\/2025\\\/12\\\/cropped-Prancheta-1-copia-6-scaled-1.png\",\"width\":2559,\"height\":855,\"caption\":\"3Solutions Consultoria em Marketing e Gest\u00e3o\"},\"image\":{\"@id\":\"https:\\\/\\\/3solutions.pt\\\/#\\\/schema\\\/logo\\\/image\\\/\"},\"sameAs\":[\"https:\\\/\\\/www.facebook.com\\\/share\\\/17VAXrDnwy\\\/\",\"https:\\\/\\\/www.instagram.com\\\/wespeakretail?igsh=d2Y0a2RzY29nN2Fv\"]}]}<\/script>\n<!-- \/ Yoast SEO plugin. -->","yoast_head_json":{"title":"Forma\u00e7\u00e3o em Merchandising e Loja Pronta para Vender | 3Solutions","description":"Forma\u00e7\u00e3o em merchandising para gerentes, store managers e respons\u00e1veis de loja. Foco em loja pronta, exposi\u00e7\u00e3o eficaz e execu\u00e7\u00e3o alinhada com objetivos comerciais.","robots":{"index":"index","follow":"follow","max-snippet":"max-snippet:-1","max-image-preview":"max-image-preview:large","max-video-preview":"max-video-preview:-1"},"canonical":"https:\/\/3solutions.pt\/en\/formacao-merchandising-loja-pronta\/","og_locale":"en_GB","og_type":"article","og_title":"Forma\u00e7\u00e3o em Merchandising e Loja Pronta para Vender | 3Solutions","og_description":"Forma\u00e7\u00e3o em merchandising para gerentes, store managers e respons\u00e1veis de loja. Foco em loja pronta, exposi\u00e7\u00e3o eficaz e execu\u00e7\u00e3o alinhada com objetivos comerciais.","og_url":"https:\/\/3solutions.pt\/en\/formacao-merchandising-loja-pronta\/","og_site_name":"3Solutions Consultoria em Marketing e Gest\u00e3o","article_publisher":"https:\/\/www.facebook.com\/share\/17VAXrDnwy\/","article_modified_time":"2026-03-06T18:23:45+00:00","og_image":[{"width":691,"height":507,"url":"https:\/\/3solutions.pt\/wp-content\/uploads\/2025\/12\/Formacao-em-Merchandising-para-Gerentes-de-Loja.jpg","type":"image\/jpeg"}],"twitter_card":"summary_large_image","twitter_misc":{"Estimated reading time":"2 minutes"},"schema":{"@context":"https:\/\/schema.org","@graph":[{"@type":"WebPage","@id":"https:\/\/3solutions.pt\/formacao-merchandising-loja-pronta\/","url":"https:\/\/3solutions.pt\/formacao-merchandising-loja-pronta\/","name":"Forma\u00e7\u00e3o em Merchandising e Loja Pronta para Vender | 3Solutions","isPartOf":{"@id":"https:\/\/3solutions.pt\/#website"},"primaryImageOfPage":{"@id":"https:\/\/3solutions.pt\/formacao-merchandising-loja-pronta\/#primaryimage"},"image":{"@id":"https:\/\/3solutions.pt\/formacao-merchandising-loja-pronta\/#primaryimage"},"thumbnailUrl":"https:\/\/3solutions.pt\/wp-content\/uploads\/2025\/12\/Formacao-em-Merchandising-para-Gerentes-de-Loja.jpg","datePublished":"2025-12-15T13:41:11+00:00","dateModified":"2026-03-06T18:23:45+00:00","description":"Forma\u00e7\u00e3o em merchandising para gerentes, store managers e respons\u00e1veis de loja. Foco em loja pronta, exposi\u00e7\u00e3o eficaz e execu\u00e7\u00e3o alinhada com objetivos comerciais.","breadcrumb":{"@id":"https:\/\/3solutions.pt\/formacao-merchandising-loja-pronta\/#breadcrumb"},"inLanguage":"en-GB","potentialAction":[{"@type":"ReadAction","target":["https:\/\/3solutions.pt\/formacao-merchandising-loja-pronta\/"]}]},{"@type":"ImageObject","inLanguage":"en-GB","@id":"https:\/\/3solutions.pt\/formacao-merchandising-loja-pronta\/#primaryimage","url":"https:\/\/3solutions.pt\/wp-content\/uploads\/2025\/12\/Formacao-em-Merchandising-para-Gerentes-de-Loja.jpg","contentUrl":"https:\/\/3solutions.pt\/wp-content\/uploads\/2025\/12\/Formacao-em-Merchandising-para-Gerentes-de-Loja.jpg","width":691,"height":507},{"@type":"BreadcrumbList","@id":"https:\/\/3solutions.pt\/formacao-merchandising-loja-pronta\/#breadcrumb","itemListElement":[{"@type":"ListItem","position":1,"name":"In\u00edcio","item":"https:\/\/3solutions.pt\/"},{"@type":"ListItem","position":2,"name":"Forma\u00e7\u00e3o em Merchandising e Loja Pronta para Vender"}]},{"@type":"WebSite","@id":"https:\/\/3solutions.pt\/#website","url":"https:\/\/3solutions.pt\/","name":"3Solutions Consultoria em Marketing e Gest\u00e3o","description":"Consultoria e Marketing Digital","publisher":{"@id":"https:\/\/3solutions.pt\/#organization"},"potentialAction":[{"@type":"SearchAction","target":{"@type":"EntryPoint","urlTemplate":"https:\/\/3solutions.pt\/?s={search_term_string}"},"query-input":{"@type":"PropertyValueSpecification","valueRequired":true,"valueName":"search_term_string"}}],"inLanguage":"en-GB"},{"@type":"Organization","@id":"https:\/\/3solutions.pt\/#organization","name":"3Solutions Consultoria em Marketing e Gest\u00e3o","url":"https:\/\/3solutions.pt\/","logo":{"@type":"ImageObject","inLanguage":"en-GB","@id":"https:\/\/3solutions.pt\/#\/schema\/logo\/image\/","url":"https:\/\/3solutions.pt\/wp-content\/uploads\/2025\/12\/cropped-Prancheta-1-copia-6-scaled-1.png","contentUrl":"https:\/\/3solutions.pt\/wp-content\/uploads\/2025\/12\/cropped-Prancheta-1-copia-6-scaled-1.png","width":2559,"height":855,"caption":"3Solutions Consultoria em Marketing e Gest\u00e3o"},"image":{"@id":"https:\/\/3solutions.pt\/#\/schema\/logo\/image\/"},"sameAs":["https:\/\/www.facebook.com\/share\/17VAXrDnwy\/","https:\/\/www.instagram.com\/wespeakretail?igsh=d2Y0a2RzY29nN2Fv"]}]}},"_links":{"self":[{"href":"https:\/\/3solutions.pt\/en\/wp-json\/wp\/v2\/pages\/3271","targetHints":{"allow":["GET"]}}],"collection":[{"href":"https:\/\/3solutions.pt\/en\/wp-json\/wp\/v2\/pages"}],"about":[{"href":"https:\/\/3solutions.pt\/en\/wp-json\/wp\/v2\/types\/page"}],"author":[{"embeddable":true,"href":"https:\/\/3solutions.pt\/en\/wp-json\/wp\/v2\/users\/2"}],"replies":[{"embeddable":true,"href":"https:\/\/3solutions.pt\/en\/wp-json\/wp\/v2\/comments?post=3271"}],"version-history":[{"count":16,"href":"https:\/\/3solutions.pt\/en\/wp-json\/wp\/v2\/pages\/3271\/revisions"}],"predecessor-version":[{"id":5467,"href":"https:\/\/3solutions.pt\/en\/wp-json\/wp\/v2\/pages\/3271\/revisions\/5467"}],"wp:featuredmedia":[{"embeddable":true,"href":"https:\/\/3solutions.pt\/en\/wp-json\/wp\/v2\/media\/3272"}],"wp:attachment":[{"href":"https:\/\/3solutions.pt\/en\/wp-json\/wp\/v2\/media?parent=3271"}],"curies":[{"name":"wp","href":"https:\/\/api.w.org\/{rel}","templated":true}]}}