{"id":3244,"date":"2025-12-15T12:57:36","date_gmt":"2025-12-15T12:57:36","guid":{"rendered":"https:\/\/3solutions.pt\/?page_id=3244"},"modified":"2026-03-06T18:17:02","modified_gmt":"2026-03-06T18:17:02","slug":"formacao-em-lideranca-de-equipas-para-gerentes-de-loja-3solutions","status":"publish","type":"page","link":"https:\/\/3solutions.pt\/en\/formacao-em-lideranca-de-equipas-para-gerentes-de-loja-3solutions\/","title":{"rendered":"Forma\u00e7\u00e3o em Lideran\u00e7a de Equipas para Store Managers e Encarregados de Loja"},"content":{"rendered":"<div data-elementor-type=\"wp-page\" data-elementor-id=\"3244\" class=\"elementor elementor-3244\">\n\t\t\t\t<div class=\"elementor-element elementor-element-3821f436 e-flex e-con-boxed e-con e-parent\" data-id=\"3821f436\" data-element_type=\"container\" data-e-type=\"container\" data-settings=\"{&quot;background_background&quot;:&quot;classic&quot;}\">\n\t\t\t\t\t<div class=\"e-con-inner\">\n\t\t<div class=\"elementor-element elementor-element-679a3027 e-con-full e-flex e-con e-child\" data-id=\"679a3027\" data-element_type=\"container\" data-e-type=\"container\">\n\t\t\t\t<div class=\"elementor-element elementor-element-a61817a elementor-widget elementor-widget-heading\" data-id=\"a61817a\" data-element_type=\"widget\" data-e-type=\"widget\" data-widget_type=\"heading.default\">\n\t\t\t\t<div class=\"elementor-widget-container\">\n\t\t\t\t\t<h1 class=\"elementor-heading-title elementor-size-default\">Lideran\u00e7a para<br>EL's<\/h1>\t\t\t\t<\/div>\n\t\t\t\t<\/div>\n\t\t\t\t<\/div>\n\t\t\t\t\t<\/div>\n\t\t\t\t<\/div>\n\t\t<div class=\"elementor-element elementor-element-1f1a89df e-flex e-con-boxed e-con e-parent\" data-id=\"1f1a89df\" data-element_type=\"container\" data-e-type=\"container\" data-settings=\"{&quot;background_background&quot;:&quot;classic&quot;}\">\n\t\t\t\t\t<div class=\"e-con-inner\">\n\t\t<div class=\"elementor-element elementor-element-3b8031b4 e-con-full e-flex e-con e-child\" data-id=\"3b8031b4\" data-element_type=\"container\" data-e-type=\"container\">\n\t\t<div class=\"elementor-element elementor-element-4f4d0f1c e-flex e-con-boxed e-con e-child\" data-id=\"4f4d0f1c\" data-element_type=\"container\" data-e-type=\"container\">\n\t\t\t\t\t<div class=\"e-con-inner\">\n\t\t<div class=\"elementor-element elementor-element-2abfae46 e-con-full e-flex e-con e-child\" data-id=\"2abfae46\" data-element_type=\"container\" data-e-type=\"container\">\n\t\t\t\t<div class=\"elementor-element elementor-element-e5a0e2c elementor-widget elementor-widget-heading\" data-id=\"e5a0e2c\" data-element_type=\"widget\" data-e-type=\"widget\" data-widget_type=\"heading.default\">\n\t\t\t\t<div class=\"elementor-widget-container\">\n\t\t\t\t\t<h2 class=\"elementor-heading-title elementor-size-default\">Forma\u00e7\u00e3o em Lideran\u00e7a de Equipas para Store Managers e Encarregados de Loja<\/h2>\t\t\t\t<\/div>\n\t\t\t\t<\/div>\n\t\t\t\t<div class=\"elementor-element elementor-element-31c70b3f elementor-widget elementor-widget-button\" data-id=\"31c70b3f\" data-element_type=\"widget\" data-e-type=\"widget\" data-widget_type=\"button.default\">\n\t\t\t\t<div class=\"elementor-widget-container\">\n\t\t\t\t\t\t\t\t\t<div class=\"elementor-button-wrapper\">\n\t\t\t\t\t<a class=\"elementor-button elementor-button-link elementor-size-sm\" href=\"https:\/\/3solutions.pt\/en\/agendar-um-diagnostico-gratuito-de-consultoria-em-gestao-e-marketing\/\">\n\t\t\t\t\t\t<span class=\"elementor-button-content-wrapper\">\n\t\t\t\t\t\t\t\t\t<span class=\"elementor-button-text\">Book a Free Diagnostic<\/span>\n\t\t\t\t\t<\/span>\n\t\t\t\t\t<\/a>\n\t\t\t\t<\/div>\n\t\t\t\t\t\t\t\t<\/div>\n\t\t\t\t<\/div>\n\t\t\t\t<\/div>\n\t\t<div class=\"elementor-element elementor-element-4c8b0b29 e-con-full e-flex e-con e-child\" data-id=\"4c8b0b29\" data-element_type=\"container\" data-e-type=\"container\">\n\t\t\t\t<div class=\"elementor-element elementor-element-18f7cd60 elementor-widget__width-initial elementor-widget elementor-widget-image\" data-id=\"18f7cd60\" data-element_type=\"widget\" data-e-type=\"widget\" data-widget_type=\"image.default\">\n\t\t\t\t<div class=\"elementor-widget-container\">\n\t\t\t\t\t\t\t\t\t\t\t\t\t\t\t<img fetchpriority=\"high\" decoding=\"async\" width=\"1036\" height=\"691\" src=\"https:\/\/3solutions.pt\/wp-content\/uploads\/2025\/12\/Formacao-em-Lideranca-para-Gerentes-de-Loja-3-Solutions.jpg\" class=\"attachment-full size-full wp-image-3247\" alt=\"Forma\u00e7\u00e3o em Lideran\u00e7a para Gerentes de Loja 3 Solutions\" srcset=\"https:\/\/3solutions.pt\/wp-content\/uploads\/2025\/12\/Formacao-em-Lideranca-para-Gerentes-de-Loja-3-Solutions.jpg 1036w, https:\/\/3solutions.pt\/wp-content\/uploads\/2025\/12\/Formacao-em-Lideranca-para-Gerentes-de-Loja-3-Solutions-300x200.jpg 300w, https:\/\/3solutions.pt\/wp-content\/uploads\/2025\/12\/Formacao-em-Lideranca-para-Gerentes-de-Loja-3-Solutions-1024x683.jpg 1024w, https:\/\/3solutions.pt\/wp-content\/uploads\/2025\/12\/Formacao-em-Lideranca-para-Gerentes-de-Loja-3-Solutions-768x512.jpg 768w, https:\/\/3solutions.pt\/wp-content\/uploads\/2025\/12\/Formacao-em-Lideranca-para-Gerentes-de-Loja-3-Solutions-18x12.jpg 18w\" sizes=\"(max-width: 1036px) 100vw, 1036px\" \/>\t\t\t\t\t\t\t\t\t\t\t\t\t\t\t<\/div>\n\t\t\t\t<\/div>\n\t\t\t\t<\/div>\n\t\t\t\t\t<\/div>\n\t\t\t\t<\/div>\n\t\t\t\t<div class=\"elementor-element elementor-element-159f3bf7 elementor-widget elementor-widget-text-editor\" data-id=\"159f3bf7\" data-element_type=\"widget\" data-e-type=\"widget\" data-widget_type=\"text-editor.default\">\n\t\t\t\t<div class=\"elementor-widget-container\">\n\t\t\t\t\t\t\t\t\t<p data-start=\"1112\" data-end=\"1495\">Embora trabalhemos com conte\u00fados estruturados e metodologias consolidadas, a nossa forma\u00e7\u00e3o em lideran\u00e7a nunca parte de modelos fechados. Cada equipa, cada loja e cada respons\u00e1vel tem desafios diferentes, consoante o tipo de neg\u00f3cio, o p\u00fablico atendido e o estilo de gest\u00e3o existente. Por isso, este m\u00f3dulo \u00e9 sempre adaptado \u00e0 realidade concreta da opera\u00e7\u00e3o e das pessoas envolvidas.<\/p><p data-start=\"1497\" data-end=\"1844\">A <strong data-start=\"1499\" data-end=\"1578\">Forma\u00e7\u00e3o em Lideran\u00e7a de Equipas para Store Managers e Encarregados de Loja<\/strong> foi desenhada para apoiar quem lidera equipas no terreno e precisa de equilibrar resultados, pessoas e opera\u00e7\u00e3o no dia a dia. O foco est\u00e1 em desenvolver uma lideran\u00e7a pr\u00e1tica, pr\u00f3xima e consistente, capaz de orientar a equipa, criar compromisso e garantir execu\u00e7\u00e3o.<\/p><p data-start=\"1846\" data-end=\"2287\">Ao longo deste m\u00f3dulo, trabalhamos compet\u00eancias essenciais para quem ocupa fun\u00e7\u00f5es de chefia em loja, como comunica\u00e7\u00e3o clara, defini\u00e7\u00e3o de expectativas, acompanhamento individual, feedback regular e gest\u00e3o de desempenho. Mais do que conceitos te\u00f3ricos, o objetivo \u00e9 ajudar os respons\u00e1veis de loja a ganhar seguran\u00e7a na tomada de decis\u00e3o, a lidar com diferentes perfis de colaboradores e a assumir um papel ativo no desenvolvimento da equipa.<\/p><p data-start=\"2289\" data-end=\"2651\">Para a empresa, esta forma\u00e7\u00e3o contribui para equipas mais alinhadas, respons\u00e1veis e est\u00e1veis, reduzindo conflitos, melhorando o clima interno e refor\u00e7ando a consist\u00eancia operacional. Para store managers, ELs e chefias de loja, permite consolidar uma lideran\u00e7a mais estruturada, humana e orientada a resultados, diretamente aplicada \u00e0 realidade do ponto de venda.<\/p>\t\t\t\t\t\t\t\t<\/div>\n\t\t\t\t<\/div>\n\t\t\t\t<div class=\"elementor-element elementor-element-2c0856fb elementor-widget elementor-widget-button\" data-id=\"2c0856fb\" data-element_type=\"widget\" data-e-type=\"widget\" data-widget_type=\"button.default\">\n\t\t\t\t<div class=\"elementor-widget-container\">\n\t\t\t\t\t\t\t\t\t<div class=\"elementor-button-wrapper\">\n\t\t\t\t\t<a class=\"elementor-button elementor-button-link elementor-size-sm\" href=\"https:\/\/wa.me\/351918880051?text=Ol\u00e1,%20quero%20saber%20mais%20sobre%20a%20consultoria.%20%20\ud83d\udc49%20Quero%20saber%20mais%20via%20WhatsApp%20\">\n\t\t\t\t\t\t<span class=\"elementor-button-content-wrapper\">\n\t\t\t\t\t\t<span class=\"elementor-button-icon\">\n\t\t\t\t<i aria-hidden=\"true\" class=\"fab fa-whatsapp\"><\/i>\t\t\t<\/span>\n\t\t\t\t\t\t\t\t\t<span class=\"elementor-button-text\">Learn More<\/span>\n\t\t\t\t\t<\/span>\n\t\t\t\t\t<\/a>\n\t\t\t\t<\/div>\n\t\t\t\t\t\t\t\t<\/div>\n\t\t\t\t<\/div>\n\t\t\t\t<div class=\"elementor-element elementor-element-7021c6b5 elementor-widget elementor-widget-heading\" data-id=\"7021c6b5\" data-element_type=\"widget\" data-e-type=\"widget\" data-widget_type=\"heading.default\">\n\t\t\t\t<div class=\"elementor-widget-container\">\n\t\t\t\t\t<h6 class=\"elementor-heading-title elementor-size-default\">Esta forma\u00e7\u00e3o ajuda store managers, encarregados e respons\u00e1veis de loja a desenvolver uma lideran\u00e7a eficaz no terreno, alinhando pessoas, objetivos e resultados no contexto real do retalho.<\/h6>\t\t\t\t<\/div>\n\t\t\t\t<\/div>\n\t\t\t\t<\/div>\n\t\t\t\t\t<\/div>\n\t\t\t\t<\/div>\n\t\t\t\t<\/div>","protected":false},"excerpt":{"rendered":"<p>Lideran\u00e7a paraEL&#8217;s Forma\u00e7\u00e3o em Lideran\u00e7a de Equipas para Store Managers e Encarregados de Loja Agendar Diagn\u00f3stico Gratuito Embora trabalhemos com conte\u00fados estruturados e metodologias consolidadas, a nossa forma\u00e7\u00e3o em lideran\u00e7a nunca parte de modelos fechados. Cada equipa, cada loja e cada respons\u00e1vel tem desafios diferentes, consoante o tipo de neg\u00f3cio, o p\u00fablico atendido e o [&hellip;]<\/p>\n","protected":false},"author":2,"featured_media":0,"parent":0,"menu_order":0,"comment_status":"closed","ping_status":"closed","template":"","meta":{"site-sidebar-layout":"no-sidebar","site-content-layout":"page-builder","ast-site-content-layout":"full-width-container","site-content-style":"default","site-sidebar-style":"default","ast-global-header-display":"","ast-banner-title-visibility":"","ast-main-header-display":"","ast-hfb-above-header-display":"","ast-hfb-below-header-display":"","ast-hfb-mobile-header-display":"","site-post-title":"disabled","ast-breadcrumbs-content":"","ast-featured-img":"disabled","footer-sml-layout":"","ast-disable-related-posts":"","theme-transparent-header-meta":"","adv-header-id-meta":"","stick-header-meta":"","header-above-stick-meta":"","header-main-stick-meta":"","header-below-stick-meta":"","astra-migrate-meta-layouts":"set","ast-page-background-enabled":"default","ast-page-background-meta":{"desktop":{"background-color":"","background-image":"","background-repeat":"repeat","background-position":"center center","background-size":"auto","background-attachment":"scroll","background-type":"","background-media":"","overlay-type":"","overlay-color":"","overlay-opacity":"","overlay-gradient":""},"tablet":{"background-color":"","background-image":"","background-repeat":"repeat","background-position":"center center","background-size":"auto","background-attachment":"scroll","background-type":"","background-media":"","overlay-type":"","overlay-color":"","overlay-opacity":"","overlay-gradient":""},"mobile":{"background-color":"","background-image":"","background-repeat":"repeat","background-position":"center center","background-size":"auto","background-attachment":"scroll","background-type":"","background-media":"","overlay-type":"","overlay-color":"","overlay-opacity":"","overlay-gradient":""}},"ast-content-background-meta":{"desktop":{"background-color":"var(--ast-global-color-5)","background-image":"","background-repeat":"repeat","background-position":"center center","background-size":"auto","background-attachment":"scroll","background-type":"","background-media":"","overlay-type":"","overlay-color":"","overlay-opacity":"","overlay-gradient":""},"tablet":{"background-color":"var(--ast-global-color-5)","background-image":"","background-repeat":"repeat","background-position":"center center","background-size":"auto","background-attachment":"scroll","background-type":"","background-media":"","overlay-type":"","overlay-color":"","overlay-opacity":"","overlay-gradient":""},"mobile":{"background-color":"var(--ast-global-color-5)","background-image":"","background-repeat":"repeat","background-position":"center center","background-size":"auto","background-attachment":"scroll","background-type":"","background-media":"","overlay-type":"","overlay-color":"","overlay-opacity":"","overlay-gradient":""}},"footnotes":""},"class_list":["post-3244","page","type-page","status-publish","hentry"],"yoast_head":"<!-- This site is optimized with the Yoast SEO plugin v27.5 - https:\/\/yoast.com\/product\/yoast-seo-wordpress\/ -->\n<title>Forma\u00e7\u00e3o em Lideran\u00e7a de Equipas para Gerentes de Loja | 3Solutions<\/title>\n<meta name=\"description\" content=\"Forma\u00e7\u00e3o em lideran\u00e7a para gerentes, store managers e encarregados de loja. Programas pr\u00e1ticos, adaptados \u00e0 realidade de cada equipa, loja e contexto de retalho.\" \/>\n<meta name=\"robots\" content=\"index, follow, max-snippet:-1, max-image-preview:large, max-video-preview:-1\" \/>\n<link rel=\"canonical\" href=\"https:\/\/3solutions.pt\/en\/formacao-em-lideranca-de-equipas-para-gerentes-de-loja-3solutions\/\" \/>\n<meta property=\"og:locale\" content=\"en_GB\" \/>\n<meta property=\"og:type\" content=\"article\" \/>\n<meta property=\"og:title\" content=\"Forma\u00e7\u00e3o em Lideran\u00e7a de Equipas para Gerentes de Loja | 3Solutions\" \/>\n<meta property=\"og:description\" content=\"Forma\u00e7\u00e3o em lideran\u00e7a para gerentes, store managers e encarregados de loja. Programas pr\u00e1ticos, adaptados \u00e0 realidade de cada equipa, loja e contexto de retalho.\" \/>\n<meta property=\"og:url\" content=\"https:\/\/3solutions.pt\/en\/formacao-em-lideranca-de-equipas-para-gerentes-de-loja-3solutions\/\" \/>\n<meta property=\"og:site_name\" content=\"3Solutions Consultoria em Marketing e Gest\u00e3o\" \/>\n<meta property=\"article:publisher\" content=\"https:\/\/www.facebook.com\/share\/17VAXrDnwy\/\" \/>\n<meta property=\"article:modified_time\" content=\"2026-03-06T18:17:02+00:00\" \/>\n<meta property=\"og:image\" content=\"https:\/\/3solutions.pt\/wp-content\/uploads\/2025\/12\/Formacao-em-Lideranca-para-Gerentes-de-Loja-3-Solutions.jpg\" \/>\n\t<meta property=\"og:image:width\" content=\"1036\" \/>\n\t<meta property=\"og:image:height\" content=\"691\" \/>\n\t<meta property=\"og:image:type\" content=\"image\/jpeg\" \/>\n<meta name=\"twitter:card\" content=\"summary_large_image\" \/>\n<meta name=\"twitter:label1\" content=\"Estimated reading time\" \/>\n\t<meta name=\"twitter:data1\" content=\"2 minutes\" \/>\n<script type=\"application\/ld+json\" class=\"yoast-schema-graph\">{\"@context\":\"https:\\\/\\\/schema.org\",\"@graph\":[{\"@type\":\"WebPage\",\"@id\":\"https:\\\/\\\/3solutions.pt\\\/formacao-em-lideranca-de-equipas-para-gerentes-de-loja-3solutions\\\/\",\"url\":\"https:\\\/\\\/3solutions.pt\\\/formacao-em-lideranca-de-equipas-para-gerentes-de-loja-3solutions\\\/\",\"name\":\"Forma\u00e7\u00e3o em Lideran\u00e7a de Equipas para Gerentes de Loja | 3Solutions\",\"isPartOf\":{\"@id\":\"https:\\\/\\\/3solutions.pt\\\/#website\"},\"primaryImageOfPage\":{\"@id\":\"https:\\\/\\\/3solutions.pt\\\/formacao-em-lideranca-de-equipas-para-gerentes-de-loja-3solutions\\\/#primaryimage\"},\"image\":{\"@id\":\"https:\\\/\\\/3solutions.pt\\\/formacao-em-lideranca-de-equipas-para-gerentes-de-loja-3solutions\\\/#primaryimage\"},\"thumbnailUrl\":\"https:\\\/\\\/3solutions.pt\\\/wp-content\\\/uploads\\\/2025\\\/12\\\/Formacao-em-Lideranca-para-Gerentes-de-Loja-3-Solutions.jpg\",\"datePublished\":\"2025-12-15T12:57:36+00:00\",\"dateModified\":\"2026-03-06T18:17:02+00:00\",\"description\":\"Forma\u00e7\u00e3o em lideran\u00e7a para gerentes, store managers e encarregados de loja. Programas pr\u00e1ticos, adaptados \u00e0 realidade de cada equipa, loja e contexto de retalho.\",\"breadcrumb\":{\"@id\":\"https:\\\/\\\/3solutions.pt\\\/formacao-em-lideranca-de-equipas-para-gerentes-de-loja-3solutions\\\/#breadcrumb\"},\"inLanguage\":\"en-GB\",\"potentialAction\":[{\"@type\":\"ReadAction\",\"target\":[\"https:\\\/\\\/3solutions.pt\\\/formacao-em-lideranca-de-equipas-para-gerentes-de-loja-3solutions\\\/\"]}]},{\"@type\":\"ImageObject\",\"inLanguage\":\"en-GB\",\"@id\":\"https:\\\/\\\/3solutions.pt\\\/formacao-em-lideranca-de-equipas-para-gerentes-de-loja-3solutions\\\/#primaryimage\",\"url\":\"https:\\\/\\\/3solutions.pt\\\/wp-content\\\/uploads\\\/2025\\\/12\\\/Formacao-em-Lideranca-para-Gerentes-de-Loja-3-Solutions.jpg\",\"contentUrl\":\"https:\\\/\\\/3solutions.pt\\\/wp-content\\\/uploads\\\/2025\\\/12\\\/Formacao-em-Lideranca-para-Gerentes-de-Loja-3-Solutions.jpg\"},{\"@type\":\"BreadcrumbList\",\"@id\":\"https:\\\/\\\/3solutions.pt\\\/formacao-em-lideranca-de-equipas-para-gerentes-de-loja-3solutions\\\/#breadcrumb\",\"itemListElement\":[{\"@type\":\"ListItem\",\"position\":1,\"name\":\"In\u00edcio\",\"item\":\"https:\\\/\\\/3solutions.pt\\\/\"},{\"@type\":\"ListItem\",\"position\":2,\"name\":\"Forma\u00e7\u00e3o em Lideran\u00e7a de Equipas para Store Managers e Encarregados de Loja\"}]},{\"@type\":\"WebSite\",\"@id\":\"https:\\\/\\\/3solutions.pt\\\/#website\",\"url\":\"https:\\\/\\\/3solutions.pt\\\/\",\"name\":\"3Solutions Consultoria em Marketing e Gest\u00e3o\",\"description\":\"Consultoria e Marketing Digital\",\"publisher\":{\"@id\":\"https:\\\/\\\/3solutions.pt\\\/#organization\"},\"potentialAction\":[{\"@type\":\"SearchAction\",\"target\":{\"@type\":\"EntryPoint\",\"urlTemplate\":\"https:\\\/\\\/3solutions.pt\\\/?s={search_term_string}\"},\"query-input\":{\"@type\":\"PropertyValueSpecification\",\"valueRequired\":true,\"valueName\":\"search_term_string\"}}],\"inLanguage\":\"en-GB\"},{\"@type\":\"Organization\",\"@id\":\"https:\\\/\\\/3solutions.pt\\\/#organization\",\"name\":\"3Solutions Consultoria em Marketing e Gest\u00e3o\",\"url\":\"https:\\\/\\\/3solutions.pt\\\/\",\"logo\":{\"@type\":\"ImageObject\",\"inLanguage\":\"en-GB\",\"@id\":\"https:\\\/\\\/3solutions.pt\\\/#\\\/schema\\\/logo\\\/image\\\/\",\"url\":\"https:\\\/\\\/3solutions.pt\\\/wp-content\\\/uploads\\\/2025\\\/12\\\/cropped-Prancheta-1-copia-6-scaled-1.png\",\"contentUrl\":\"https:\\\/\\\/3solutions.pt\\\/wp-content\\\/uploads\\\/2025\\\/12\\\/cropped-Prancheta-1-copia-6-scaled-1.png\",\"width\":2559,\"height\":855,\"caption\":\"3Solutions Consultoria em Marketing e Gest\u00e3o\"},\"image\":{\"@id\":\"https:\\\/\\\/3solutions.pt\\\/#\\\/schema\\\/logo\\\/image\\\/\"},\"sameAs\":[\"https:\\\/\\\/www.facebook.com\\\/share\\\/17VAXrDnwy\\\/\",\"https:\\\/\\\/www.instagram.com\\\/wespeakretail?igsh=d2Y0a2RzY29nN2Fv\"]}]}<\/script>\n<!-- \/ Yoast SEO plugin. -->","yoast_head_json":{"title":"Forma\u00e7\u00e3o em Lideran\u00e7a de Equipas para Gerentes de Loja | 3Solutions","description":"Forma\u00e7\u00e3o em lideran\u00e7a para gerentes, store managers e encarregados de loja. Programas pr\u00e1ticos, adaptados \u00e0 realidade de cada equipa, loja e contexto de retalho.","robots":{"index":"index","follow":"follow","max-snippet":"max-snippet:-1","max-image-preview":"max-image-preview:large","max-video-preview":"max-video-preview:-1"},"canonical":"https:\/\/3solutions.pt\/en\/formacao-em-lideranca-de-equipas-para-gerentes-de-loja-3solutions\/","og_locale":"en_GB","og_type":"article","og_title":"Forma\u00e7\u00e3o em Lideran\u00e7a de Equipas para Gerentes de Loja | 3Solutions","og_description":"Forma\u00e7\u00e3o em lideran\u00e7a para gerentes, store managers e encarregados de loja. Programas pr\u00e1ticos, adaptados \u00e0 realidade de cada equipa, loja e contexto de retalho.","og_url":"https:\/\/3solutions.pt\/en\/formacao-em-lideranca-de-equipas-para-gerentes-de-loja-3solutions\/","og_site_name":"3Solutions Consultoria em Marketing e Gest\u00e3o","article_publisher":"https:\/\/www.facebook.com\/share\/17VAXrDnwy\/","article_modified_time":"2026-03-06T18:17:02+00:00","og_image":[{"width":1036,"height":691,"url":"https:\/\/3solutions.pt\/wp-content\/uploads\/2025\/12\/Formacao-em-Lideranca-para-Gerentes-de-Loja-3-Solutions.jpg","type":"image\/jpeg"}],"twitter_card":"summary_large_image","twitter_misc":{"Estimated reading time":"2 minutes"},"schema":{"@context":"https:\/\/schema.org","@graph":[{"@type":"WebPage","@id":"https:\/\/3solutions.pt\/formacao-em-lideranca-de-equipas-para-gerentes-de-loja-3solutions\/","url":"https:\/\/3solutions.pt\/formacao-em-lideranca-de-equipas-para-gerentes-de-loja-3solutions\/","name":"Forma\u00e7\u00e3o em Lideran\u00e7a de Equipas para Gerentes de Loja | 3Solutions","isPartOf":{"@id":"https:\/\/3solutions.pt\/#website"},"primaryImageOfPage":{"@id":"https:\/\/3solutions.pt\/formacao-em-lideranca-de-equipas-para-gerentes-de-loja-3solutions\/#primaryimage"},"image":{"@id":"https:\/\/3solutions.pt\/formacao-em-lideranca-de-equipas-para-gerentes-de-loja-3solutions\/#primaryimage"},"thumbnailUrl":"https:\/\/3solutions.pt\/wp-content\/uploads\/2025\/12\/Formacao-em-Lideranca-para-Gerentes-de-Loja-3-Solutions.jpg","datePublished":"2025-12-15T12:57:36+00:00","dateModified":"2026-03-06T18:17:02+00:00","description":"Forma\u00e7\u00e3o em lideran\u00e7a para gerentes, store managers e encarregados de loja. Programas pr\u00e1ticos, adaptados \u00e0 realidade de cada equipa, loja e contexto de retalho.","breadcrumb":{"@id":"https:\/\/3solutions.pt\/formacao-em-lideranca-de-equipas-para-gerentes-de-loja-3solutions\/#breadcrumb"},"inLanguage":"en-GB","potentialAction":[{"@type":"ReadAction","target":["https:\/\/3solutions.pt\/formacao-em-lideranca-de-equipas-para-gerentes-de-loja-3solutions\/"]}]},{"@type":"ImageObject","inLanguage":"en-GB","@id":"https:\/\/3solutions.pt\/formacao-em-lideranca-de-equipas-para-gerentes-de-loja-3solutions\/#primaryimage","url":"https:\/\/3solutions.pt\/wp-content\/uploads\/2025\/12\/Formacao-em-Lideranca-para-Gerentes-de-Loja-3-Solutions.jpg","contentUrl":"https:\/\/3solutions.pt\/wp-content\/uploads\/2025\/12\/Formacao-em-Lideranca-para-Gerentes-de-Loja-3-Solutions.jpg"},{"@type":"BreadcrumbList","@id":"https:\/\/3solutions.pt\/formacao-em-lideranca-de-equipas-para-gerentes-de-loja-3solutions\/#breadcrumb","itemListElement":[{"@type":"ListItem","position":1,"name":"In\u00edcio","item":"https:\/\/3solutions.pt\/"},{"@type":"ListItem","position":2,"name":"Forma\u00e7\u00e3o em Lideran\u00e7a de Equipas para Store Managers e Encarregados de Loja"}]},{"@type":"WebSite","@id":"https:\/\/3solutions.pt\/#website","url":"https:\/\/3solutions.pt\/","name":"3Solutions Consultoria em Marketing e Gest\u00e3o","description":"Consultoria e Marketing Digital","publisher":{"@id":"https:\/\/3solutions.pt\/#organization"},"potentialAction":[{"@type":"SearchAction","target":{"@type":"EntryPoint","urlTemplate":"https:\/\/3solutions.pt\/?s={search_term_string}"},"query-input":{"@type":"PropertyValueSpecification","valueRequired":true,"valueName":"search_term_string"}}],"inLanguage":"en-GB"},{"@type":"Organization","@id":"https:\/\/3solutions.pt\/#organization","name":"3Solutions Consultoria em Marketing e Gest\u00e3o","url":"https:\/\/3solutions.pt\/","logo":{"@type":"ImageObject","inLanguage":"en-GB","@id":"https:\/\/3solutions.pt\/#\/schema\/logo\/image\/","url":"https:\/\/3solutions.pt\/wp-content\/uploads\/2025\/12\/cropped-Prancheta-1-copia-6-scaled-1.png","contentUrl":"https:\/\/3solutions.pt\/wp-content\/uploads\/2025\/12\/cropped-Prancheta-1-copia-6-scaled-1.png","width":2559,"height":855,"caption":"3Solutions Consultoria em Marketing e Gest\u00e3o"},"image":{"@id":"https:\/\/3solutions.pt\/#\/schema\/logo\/image\/"},"sameAs":["https:\/\/www.facebook.com\/share\/17VAXrDnwy\/","https:\/\/www.instagram.com\/wespeakretail?igsh=d2Y0a2RzY29nN2Fv"]}]}},"_links":{"self":[{"href":"https:\/\/3solutions.pt\/en\/wp-json\/wp\/v2\/pages\/3244","targetHints":{"allow":["GET"]}}],"collection":[{"href":"https:\/\/3solutions.pt\/en\/wp-json\/wp\/v2\/pages"}],"about":[{"href":"https:\/\/3solutions.pt\/en\/wp-json\/wp\/v2\/types\/page"}],"author":[{"embeddable":true,"href":"https:\/\/3solutions.pt\/en\/wp-json\/wp\/v2\/users\/2"}],"replies":[{"embeddable":true,"href":"https:\/\/3solutions.pt\/en\/wp-json\/wp\/v2\/comments?post=3244"}],"version-history":[{"count":10,"href":"https:\/\/3solutions.pt\/en\/wp-json\/wp\/v2\/pages\/3244\/revisions"}],"predecessor-version":[{"id":5458,"href":"https:\/\/3solutions.pt\/en\/wp-json\/wp\/v2\/pages\/3244\/revisions\/5458"}],"wp:attachment":[{"href":"https:\/\/3solutions.pt\/en\/wp-json\/wp\/v2\/media?parent=3244"}],"curies":[{"name":"wp","href":"https:\/\/api.w.org\/{rel}","templated":true}]}}