{"id":3236,"date":"2025-12-15T12:38:22","date_gmt":"2025-12-15T12:38:22","guid":{"rendered":"https:\/\/3solutions.pt\/?page_id=3236"},"modified":"2026-03-06T18:15:43","modified_gmt":"2026-03-06T18:15:43","slug":"raformacao-atendimento-gerentes-de-lojascunho-automatico","status":"publish","type":"page","link":"https:\/\/3solutions.pt\/en\/raformacao-atendimento-gerentes-de-lojascunho-automatico\/","title":{"rendered":"Forma\u00e7\u00e3o em Atendimento e Experi\u00eancia do Cliente para Gerentes de Loja"},"content":{"rendered":"<div data-elementor-type=\"wp-page\" data-elementor-id=\"3236\" class=\"elementor elementor-3236\">\n\t\t\t\t<div class=\"elementor-element elementor-element-6eb47bf8 e-flex e-con-boxed e-con e-parent\" data-id=\"6eb47bf8\" data-element_type=\"container\" data-e-type=\"container\" data-settings=\"{&quot;background_background&quot;:&quot;classic&quot;}\">\n\t\t\t\t\t<div class=\"e-con-inner\">\n\t\t<div class=\"elementor-element elementor-element-2a75a68f e-con-full e-flex e-con e-child\" data-id=\"2a75a68f\" data-element_type=\"container\" data-e-type=\"container\">\n\t\t\t\t<div class=\"elementor-element elementor-element-3dc263fb elementor-widget elementor-widget-heading\" data-id=\"3dc263fb\" data-element_type=\"widget\" data-e-type=\"widget\" data-widget_type=\"heading.default\">\n\t\t\t\t<div class=\"elementor-widget-container\">\n\t\t\t\t\t<h1 class=\"elementor-heading-title elementor-size-default\">Store Manager<br>Atendimento <\/h1>\t\t\t\t<\/div>\n\t\t\t\t<\/div>\n\t\t\t\t<\/div>\n\t\t\t\t\t<\/div>\n\t\t\t\t<\/div>\n\t\t<div class=\"elementor-element elementor-element-7a0c4483 e-flex e-con-boxed e-con e-parent\" data-id=\"7a0c4483\" data-element_type=\"container\" data-e-type=\"container\" data-settings=\"{&quot;background_background&quot;:&quot;classic&quot;}\">\n\t\t\t\t\t<div class=\"e-con-inner\">\n\t\t<div class=\"elementor-element elementor-element-5cb1b0c3 e-con-full e-flex e-con e-child\" data-id=\"5cb1b0c3\" data-element_type=\"container\" data-e-type=\"container\">\n\t\t<div class=\"elementor-element elementor-element-62e545af e-flex e-con-boxed e-con e-child\" data-id=\"62e545af\" data-element_type=\"container\" data-e-type=\"container\">\n\t\t\t\t\t<div class=\"e-con-inner\">\n\t\t<div class=\"elementor-element elementor-element-356bd728 e-con-full e-flex e-con e-child\" data-id=\"356bd728\" data-element_type=\"container\" data-e-type=\"container\">\n\t\t\t\t<div class=\"elementor-element elementor-element-1840cc11 elementor-widget elementor-widget-heading\" data-id=\"1840cc11\" data-element_type=\"widget\" data-e-type=\"widget\" data-widget_type=\"heading.default\">\n\t\t\t\t<div class=\"elementor-widget-container\">\n\t\t\t\t\t<h2 class=\"elementor-heading-title elementor-size-default\">Forma\u00e7\u00e3o em Atendimento e Experi\u00eancia do Cliente para Gerentes de Loja<\/h2>\t\t\t\t<\/div>\n\t\t\t\t<\/div>\n\t\t\t\t<div class=\"elementor-element elementor-element-523a0662 elementor-widget elementor-widget-button\" data-id=\"523a0662\" data-element_type=\"widget\" data-e-type=\"widget\" data-widget_type=\"button.default\">\n\t\t\t\t<div class=\"elementor-widget-container\">\n\t\t\t\t\t\t\t\t\t<div class=\"elementor-button-wrapper\">\n\t\t\t\t\t<a class=\"elementor-button elementor-button-link elementor-size-sm\" href=\"https:\/\/3solutions.pt\/en\/agendar-um-diagnostico-gratuito-de-consultoria-em-gestao-e-marketing\/\">\n\t\t\t\t\t\t<span class=\"elementor-button-content-wrapper\">\n\t\t\t\t\t\t\t\t\t<span class=\"elementor-button-text\">Book a Free Diagnostic<\/span>\n\t\t\t\t\t<\/span>\n\t\t\t\t\t<\/a>\n\t\t\t\t<\/div>\n\t\t\t\t\t\t\t\t<\/div>\n\t\t\t\t<\/div>\n\t\t\t\t<\/div>\n\t\t<div class=\"elementor-element elementor-element-62b9c4ed e-con-full e-flex e-con e-child\" data-id=\"62b9c4ed\" data-element_type=\"container\" data-e-type=\"container\">\n\t\t\t\t<div class=\"elementor-element elementor-element-4c1aba80 elementor-widget__width-initial elementor-widget elementor-widget-image\" data-id=\"4c1aba80\" data-element_type=\"widget\" data-e-type=\"widget\" data-widget_type=\"image.default\">\n\t\t\t\t<div class=\"elementor-widget-container\">\n\t\t\t\t\t\t\t\t\t\t\t\t\t\t\t<img fetchpriority=\"high\" decoding=\"async\" width=\"1500\" height=\"1000\" src=\"https:\/\/3solutions.pt\/wp-content\/uploads\/2025\/12\/Formacao-em-atendimento-e-experiencia-do-cliente-para-gerentes-de-loja.-Programas-praticos-adaptados-a-realidade-de-cada-loja-equipa-e-publico-do-retalho.jpg\" class=\"attachment-full size-full wp-image-3237\" alt=\"\" srcset=\"https:\/\/3solutions.pt\/wp-content\/uploads\/2025\/12\/Formacao-em-atendimento-e-experiencia-do-cliente-para-gerentes-de-loja.-Programas-praticos-adaptados-a-realidade-de-cada-loja-equipa-e-publico-do-retalho.jpg 1500w, https:\/\/3solutions.pt\/wp-content\/uploads\/2025\/12\/Formacao-em-atendimento-e-experiencia-do-cliente-para-gerentes-de-loja.-Programas-praticos-adaptados-a-realidade-de-cada-loja-equipa-e-publico-do-retalho-300x200.jpg 300w, https:\/\/3solutions.pt\/wp-content\/uploads\/2025\/12\/Formacao-em-atendimento-e-experiencia-do-cliente-para-gerentes-de-loja.-Programas-praticos-adaptados-a-realidade-de-cada-loja-equipa-e-publico-do-retalho-1024x683.jpg 1024w, https:\/\/3solutions.pt\/wp-content\/uploads\/2025\/12\/Formacao-em-atendimento-e-experiencia-do-cliente-para-gerentes-de-loja.-Programas-praticos-adaptados-a-realidade-de-cada-loja-equipa-e-publico-do-retalho-768x512.jpg 768w, https:\/\/3solutions.pt\/wp-content\/uploads\/2025\/12\/Formacao-em-atendimento-e-experiencia-do-cliente-para-gerentes-de-loja.-Programas-praticos-adaptados-a-realidade-de-cada-loja-equipa-e-publico-do-retalho-18x12.jpg 18w\" sizes=\"(max-width: 1500px) 100vw, 1500px\" \/>\t\t\t\t\t\t\t\t\t\t\t\t\t\t\t<\/div>\n\t\t\t\t<\/div>\n\t\t\t\t<\/div>\n\t\t\t\t\t<\/div>\n\t\t\t\t<\/div>\n\t\t\t\t<div class=\"elementor-element elementor-element-55b461b4 elementor-widget elementor-widget-text-editor\" data-id=\"55b461b4\" data-element_type=\"widget\" data-e-type=\"widget\" data-widget_type=\"text-editor.default\">\n\t\t\t\t<div class=\"elementor-widget-container\">\n\t\t\t\t\t\t\t\t\t<h3 data-start=\"377\" data-end=\"435\">Atendimento &amp; Experi\u00eancia do Cliente<\/h3><p data-start=\"437\" data-end=\"801\">Embora trabalhemos com conte\u00fados estruturados e boas pr\u00e1ticas consolidadas, a nossa forma\u00e7\u00e3o em atendimento nunca parte de modelos fechados. Cada loja tem um p\u00fablico diferente, uma din\u00e2mica pr\u00f3pria e um contexto espec\u00edfico. Por isso, este m\u00f3dulo \u00e9 sempre adaptado \u00e0 realidade concreta da marca, do tipo de cliente que entra na loja e do estilo de gest\u00e3o existente.<\/p><p data-start=\"803\" data-end=\"1270\">A <strong data-start=\"805\" data-end=\"879\">Forma\u00e7\u00e3o em Atendimento e Experi\u00eancia do Cliente para Gerentes de Loja<\/strong> tem como objetivo ajudar os gerentes a assumir um papel ativo na constru\u00e7\u00e3o de um atendimento consistente, alinhado com o posicionamento da marca e orientado para resultados reais. Mais do que ensinar t\u00e9cnicas de venda, este m\u00f3dulo trabalha a capacidade do gerente para <strong data-start=\"1150\" data-end=\"1174\">liderar pelo exemplo<\/strong>, observar comportamentos no terreno, corrigir desvios e desenvolver a equipa de forma cont\u00ednua.<\/p><p data-start=\"1272\" data-end=\"1631\">Os gerentes aprendem a analisar a experi\u00eancia do cliente em todos os momentos \u2014 desde a abordagem inicial at\u00e9 ao p\u00f3s-venda \u2014 garantindo coer\u00eancia entre discurso, atitude, servi\u00e7o e ambiente de loja. O foco est\u00e1 em criar padr\u00f5es claros de atendimento, ajustados ao cliente real, e em transformar o atendimento num verdadeiro fator de diferencia\u00e7\u00e3o competitiva.<\/p><p data-start=\"1633\" data-end=\"2076\">Para a empresa, este m\u00f3dulo contribui para maior consist\u00eancia entre lojas, melhoria da experi\u00eancia do cliente, aumento da satisfa\u00e7\u00e3o e fideliza\u00e7\u00e3o, bem como impacto direto na convers\u00e3o e no valor m\u00e9dio de venda. Para os gerentes, desenvolve compet\u00eancias pr\u00e1ticas de lideran\u00e7a do atendimento, acompanhamento de equipa e tomada de decis\u00e3o no terreno, refor\u00e7ando o seu papel como respons\u00e1veis pela performance e pela experi\u00eancia entregue em loja.<\/p><p data-start=\"2078\" data-end=\"2283\"><strong data-start=\"2078\" data-end=\"2283\">Esta forma\u00e7\u00e3o ajuda gerentes de loja a elevar o atendimento ao cliente, criar experi\u00eancias consistentes e liderar equipas orientadas para a satisfa\u00e7\u00e3o, fideliza\u00e7\u00e3o e crescimento sustent\u00e1vel no retalho.<\/strong><\/p>\t\t\t\t\t\t\t\t<\/div>\n\t\t\t\t<\/div>\n\t\t\t\t<div class=\"elementor-element elementor-element-61914d02 elementor-widget elementor-widget-button\" data-id=\"61914d02\" data-element_type=\"widget\" data-e-type=\"widget\" data-widget_type=\"button.default\">\n\t\t\t\t<div class=\"elementor-widget-container\">\n\t\t\t\t\t\t\t\t\t<div class=\"elementor-button-wrapper\">\n\t\t\t\t\t<a class=\"elementor-button elementor-button-link elementor-size-sm\" href=\"https:\/\/wa.me\/351918880051?text=Ol\u00e1,%20quero%20saber%20mais%20sobre%20a%20consultoria.%20%20\ud83d\udc49%20Quero%20saber%20mais%20via%20WhatsApp%20\">\n\t\t\t\t\t\t<span class=\"elementor-button-content-wrapper\">\n\t\t\t\t\t\t<span class=\"elementor-button-icon\">\n\t\t\t\t<i aria-hidden=\"true\" class=\"fab fa-whatsapp\"><\/i>\t\t\t<\/span>\n\t\t\t\t\t\t\t\t\t<span class=\"elementor-button-text\">Learn More<\/span>\n\t\t\t\t\t<\/span>\n\t\t\t\t\t<\/a>\n\t\t\t\t<\/div>\n\t\t\t\t\t\t\t\t<\/div>\n\t\t\t\t<\/div>\n\t\t\t\t<div class=\"elementor-element elementor-element-75debb7c elementor-widget elementor-widget-heading\" data-id=\"75debb7c\" data-element_type=\"widget\" data-e-type=\"widget\" data-widget_type=\"heading.default\">\n\t\t\t\t<div class=\"elementor-widget-container\">\n\t\t\t\t\t<h6 class=\"elementor-heading-title elementor-size-default\">Personalised Support for Retail Brands Looking to Grow with Confidence<\/h6>\t\t\t\t<\/div>\n\t\t\t\t<\/div>\n\t\t\t\t<\/div>\n\t\t\t\t\t<\/div>\n\t\t\t\t<\/div>\n\t\t\t\t<\/div>","protected":false},"excerpt":{"rendered":"<p>Store ManagerAtendimento Forma\u00e7\u00e3o em Atendimento e Experi\u00eancia do Cliente para Gerentes de Loja Agendar Diagn\u00f3stico Gratuito Atendimento &amp; Experi\u00eancia do Cliente Embora trabalhemos com conte\u00fados estruturados e boas pr\u00e1ticas consolidadas, a nossa forma\u00e7\u00e3o em atendimento nunca parte de modelos fechados. Cada loja tem um p\u00fablico diferente, uma din\u00e2mica pr\u00f3pria e um contexto espec\u00edfico. Por isso, [&hellip;]<\/p>\n","protected":false},"author":2,"featured_media":3237,"parent":0,"menu_order":0,"comment_status":"closed","ping_status":"closed","template":"","meta":{"site-sidebar-layout":"no-sidebar","site-content-layout":"page-builder","ast-site-content-layout":"full-width-container","site-content-style":"default","site-sidebar-style":"default","ast-global-header-display":"","ast-banner-title-visibility":"","ast-main-header-display":"","ast-hfb-above-header-display":"","ast-hfb-below-header-display":"","ast-hfb-mobile-header-display":"","site-post-title":"disabled","ast-breadcrumbs-content":"","ast-featured-img":"disabled","footer-sml-layout":"","ast-disable-related-posts":"","theme-transparent-header-meta":"","adv-header-id-meta":"","stick-header-meta":"","header-above-stick-meta":"","header-main-stick-meta":"","header-below-stick-meta":"","astra-migrate-meta-layouts":"set","ast-page-background-enabled":"default","ast-page-background-meta":{"desktop":{"background-color":"","background-image":"","background-repeat":"repeat","background-position":"center center","background-size":"auto","background-attachment":"scroll","background-type":"","background-media":"","overlay-type":"","overlay-color":"","overlay-opacity":"","overlay-gradient":""},"tablet":{"background-color":"","background-image":"","background-repeat":"repeat","background-position":"center center","background-size":"auto","background-attachment":"scroll","background-type":"","background-media":"","overlay-type":"","overlay-color":"","overlay-opacity":"","overlay-gradient":""},"mobile":{"background-color":"","background-image":"","background-repeat":"repeat","background-position":"center center","background-size":"auto","background-attachment":"scroll","background-type":"","background-media":"","overlay-type":"","overlay-color":"","overlay-opacity":"","overlay-gradient":""}},"ast-content-background-meta":{"desktop":{"background-color":"var(--ast-global-color-5)","background-image":"","background-repeat":"repeat","background-position":"center center","background-size":"auto","background-attachment":"scroll","background-type":"","background-media":"","overlay-type":"","overlay-color":"","overlay-opacity":"","overlay-gradient":""},"tablet":{"background-color":"var(--ast-global-color-5)","background-image":"","background-repeat":"repeat","background-position":"center center","background-size":"auto","background-attachment":"scroll","background-type":"","background-media":"","overlay-type":"","overlay-color":"","overlay-opacity":"","overlay-gradient":""},"mobile":{"background-color":"var(--ast-global-color-5)","background-image":"","background-repeat":"repeat","background-position":"center center","background-size":"auto","background-attachment":"scroll","background-type":"","background-media":"","overlay-type":"","overlay-color":"","overlay-opacity":"","overlay-gradient":""}},"footnotes":""},"class_list":["post-3236","page","type-page","status-publish","has-post-thumbnail","hentry"],"yoast_head":"<!-- This site is optimized with the Yoast SEO plugin v27.5 - https:\/\/yoast.com\/product\/yoast-seo-wordpress\/ -->\n<title>Forma\u00e7\u00e3o em Atendimento e Experi\u00eancia do Cliente para Gerentes de Loja | 3Solutions<\/title>\n<meta name=\"description\" content=\"Forma\u00e7\u00e3o em atendimento e experi\u00eancia do cliente para gerentes de loja. Programas pr\u00e1ticos, adaptados \u00e0 realidade de cada loja, equipa e p\u00fablico do retalho.\" \/>\n<meta name=\"robots\" content=\"index, follow, max-snippet:-1, max-image-preview:large, max-video-preview:-1\" \/>\n<link rel=\"canonical\" href=\"https:\/\/3solutions.pt\/en\/raformacao-atendimento-gerentes-de-lojascunho-automatico\/\" \/>\n<meta property=\"og:locale\" content=\"en_GB\" \/>\n<meta property=\"og:type\" content=\"article\" \/>\n<meta property=\"og:title\" content=\"Forma\u00e7\u00e3o em Atendimento e Experi\u00eancia do Cliente para Gerentes de Loja | 3Solutions\" \/>\n<meta property=\"og:description\" content=\"Forma\u00e7\u00e3o em atendimento e experi\u00eancia do cliente para gerentes de loja. Programas pr\u00e1ticos, adaptados \u00e0 realidade de cada loja, equipa e p\u00fablico do retalho.\" \/>\n<meta property=\"og:url\" content=\"https:\/\/3solutions.pt\/en\/raformacao-atendimento-gerentes-de-lojascunho-automatico\/\" \/>\n<meta property=\"og:site_name\" content=\"3Solutions Consultoria em Marketing e Gest\u00e3o\" \/>\n<meta property=\"article:publisher\" content=\"https:\/\/www.facebook.com\/share\/17VAXrDnwy\/\" \/>\n<meta property=\"article:modified_time\" content=\"2026-03-06T18:15:43+00:00\" \/>\n<meta property=\"og:image\" content=\"https:\/\/3solutions.pt\/wp-content\/uploads\/2025\/12\/Formacao-em-atendimento-e-experiencia-do-cliente-para-gerentes-de-loja.-Programas-praticos-adaptados-a-realidade-de-cada-loja-equipa-e-publico-do-retalho.jpg\" \/>\n\t<meta property=\"og:image:width\" content=\"1500\" \/>\n\t<meta property=\"og:image:height\" content=\"1000\" \/>\n\t<meta property=\"og:image:type\" content=\"image\/jpeg\" \/>\n<meta name=\"twitter:card\" content=\"summary_large_image\" \/>\n<meta name=\"twitter:label1\" content=\"Estimated reading time\" \/>\n\t<meta name=\"twitter:data1\" content=\"2 minutes\" \/>\n<script type=\"application\/ld+json\" class=\"yoast-schema-graph\">{\"@context\":\"https:\\\/\\\/schema.org\",\"@graph\":[{\"@type\":\"WebPage\",\"@id\":\"https:\\\/\\\/3solutions.pt\\\/raformacao-atendimento-gerentes-de-lojascunho-automatico\\\/\",\"url\":\"https:\\\/\\\/3solutions.pt\\\/raformacao-atendimento-gerentes-de-lojascunho-automatico\\\/\",\"name\":\"Forma\u00e7\u00e3o em Atendimento e Experi\u00eancia do Cliente para Gerentes de Loja | 3Solutions\",\"isPartOf\":{\"@id\":\"https:\\\/\\\/3solutions.pt\\\/#website\"},\"primaryImageOfPage\":{\"@id\":\"https:\\\/\\\/3solutions.pt\\\/raformacao-atendimento-gerentes-de-lojascunho-automatico\\\/#primaryimage\"},\"image\":{\"@id\":\"https:\\\/\\\/3solutions.pt\\\/raformacao-atendimento-gerentes-de-lojascunho-automatico\\\/#primaryimage\"},\"thumbnailUrl\":\"https:\\\/\\\/3solutions.pt\\\/wp-content\\\/uploads\\\/2025\\\/12\\\/Formacao-em-atendimento-e-experiencia-do-cliente-para-gerentes-de-loja.-Programas-praticos-adaptados-a-realidade-de-cada-loja-equipa-e-publico-do-retalho.jpg\",\"datePublished\":\"2025-12-15T12:38:22+00:00\",\"dateModified\":\"2026-03-06T18:15:43+00:00\",\"description\":\"Forma\u00e7\u00e3o em atendimento e experi\u00eancia do cliente para gerentes de loja. Programas pr\u00e1ticos, adaptados \u00e0 realidade de cada loja, equipa e p\u00fablico do retalho.\",\"breadcrumb\":{\"@id\":\"https:\\\/\\\/3solutions.pt\\\/raformacao-atendimento-gerentes-de-lojascunho-automatico\\\/#breadcrumb\"},\"inLanguage\":\"en-GB\",\"potentialAction\":[{\"@type\":\"ReadAction\",\"target\":[\"https:\\\/\\\/3solutions.pt\\\/raformacao-atendimento-gerentes-de-lojascunho-automatico\\\/\"]}]},{\"@type\":\"ImageObject\",\"inLanguage\":\"en-GB\",\"@id\":\"https:\\\/\\\/3solutions.pt\\\/raformacao-atendimento-gerentes-de-lojascunho-automatico\\\/#primaryimage\",\"url\":\"https:\\\/\\\/3solutions.pt\\\/wp-content\\\/uploads\\\/2025\\\/12\\\/Formacao-em-atendimento-e-experiencia-do-cliente-para-gerentes-de-loja.-Programas-praticos-adaptados-a-realidade-de-cada-loja-equipa-e-publico-do-retalho.jpg\",\"contentUrl\":\"https:\\\/\\\/3solutions.pt\\\/wp-content\\\/uploads\\\/2025\\\/12\\\/Formacao-em-atendimento-e-experiencia-do-cliente-para-gerentes-de-loja.-Programas-praticos-adaptados-a-realidade-de-cada-loja-equipa-e-publico-do-retalho.jpg\",\"width\":1500,\"height\":1000},{\"@type\":\"BreadcrumbList\",\"@id\":\"https:\\\/\\\/3solutions.pt\\\/raformacao-atendimento-gerentes-de-lojascunho-automatico\\\/#breadcrumb\",\"itemListElement\":[{\"@type\":\"ListItem\",\"position\":1,\"name\":\"In\u00edcio\",\"item\":\"https:\\\/\\\/3solutions.pt\\\/\"},{\"@type\":\"ListItem\",\"position\":2,\"name\":\"Forma\u00e7\u00e3o em Atendimento e Experi\u00eancia do Cliente para Gerentes de Loja\"}]},{\"@type\":\"WebSite\",\"@id\":\"https:\\\/\\\/3solutions.pt\\\/#website\",\"url\":\"https:\\\/\\\/3solutions.pt\\\/\",\"name\":\"3Solutions Consultoria em Marketing e Gest\u00e3o\",\"description\":\"Consultoria e Marketing Digital\",\"publisher\":{\"@id\":\"https:\\\/\\\/3solutions.pt\\\/#organization\"},\"potentialAction\":[{\"@type\":\"SearchAction\",\"target\":{\"@type\":\"EntryPoint\",\"urlTemplate\":\"https:\\\/\\\/3solutions.pt\\\/?s={search_term_string}\"},\"query-input\":{\"@type\":\"PropertyValueSpecification\",\"valueRequired\":true,\"valueName\":\"search_term_string\"}}],\"inLanguage\":\"en-GB\"},{\"@type\":\"Organization\",\"@id\":\"https:\\\/\\\/3solutions.pt\\\/#organization\",\"name\":\"3Solutions Consultoria em Marketing e Gest\u00e3o\",\"url\":\"https:\\\/\\\/3solutions.pt\\\/\",\"logo\":{\"@type\":\"ImageObject\",\"inLanguage\":\"en-GB\",\"@id\":\"https:\\\/\\\/3solutions.pt\\\/#\\\/schema\\\/logo\\\/image\\\/\",\"url\":\"https:\\\/\\\/3solutions.pt\\\/wp-content\\\/uploads\\\/2025\\\/12\\\/cropped-Prancheta-1-copia-6-scaled-1.png\",\"contentUrl\":\"https:\\\/\\\/3solutions.pt\\\/wp-content\\\/uploads\\\/2025\\\/12\\\/cropped-Prancheta-1-copia-6-scaled-1.png\",\"width\":2559,\"height\":855,\"caption\":\"3Solutions Consultoria em Marketing e Gest\u00e3o\"},\"image\":{\"@id\":\"https:\\\/\\\/3solutions.pt\\\/#\\\/schema\\\/logo\\\/image\\\/\"},\"sameAs\":[\"https:\\\/\\\/www.facebook.com\\\/share\\\/17VAXrDnwy\\\/\",\"https:\\\/\\\/www.instagram.com\\\/wespeakretail?igsh=d2Y0a2RzY29nN2Fv\"]}]}<\/script>\n<!-- \/ Yoast SEO plugin. -->","yoast_head_json":{"title":"Forma\u00e7\u00e3o em Atendimento e Experi\u00eancia do Cliente para Gerentes de Loja | 3Solutions","description":"Forma\u00e7\u00e3o em atendimento e experi\u00eancia do cliente para gerentes de loja. Programas pr\u00e1ticos, adaptados \u00e0 realidade de cada loja, equipa e p\u00fablico do retalho.","robots":{"index":"index","follow":"follow","max-snippet":"max-snippet:-1","max-image-preview":"max-image-preview:large","max-video-preview":"max-video-preview:-1"},"canonical":"https:\/\/3solutions.pt\/en\/raformacao-atendimento-gerentes-de-lojascunho-automatico\/","og_locale":"en_GB","og_type":"article","og_title":"Forma\u00e7\u00e3o em Atendimento e Experi\u00eancia do Cliente para Gerentes de Loja | 3Solutions","og_description":"Forma\u00e7\u00e3o em atendimento e experi\u00eancia do cliente para gerentes de loja. Programas pr\u00e1ticos, adaptados \u00e0 realidade de cada loja, equipa e p\u00fablico do retalho.","og_url":"https:\/\/3solutions.pt\/en\/raformacao-atendimento-gerentes-de-lojascunho-automatico\/","og_site_name":"3Solutions Consultoria em Marketing e Gest\u00e3o","article_publisher":"https:\/\/www.facebook.com\/share\/17VAXrDnwy\/","article_modified_time":"2026-03-06T18:15:43+00:00","og_image":[{"width":1500,"height":1000,"url":"https:\/\/3solutions.pt\/wp-content\/uploads\/2025\/12\/Formacao-em-atendimento-e-experiencia-do-cliente-para-gerentes-de-loja.-Programas-praticos-adaptados-a-realidade-de-cada-loja-equipa-e-publico-do-retalho.jpg","type":"image\/jpeg"}],"twitter_card":"summary_large_image","twitter_misc":{"Estimated reading time":"2 minutes"},"schema":{"@context":"https:\/\/schema.org","@graph":[{"@type":"WebPage","@id":"https:\/\/3solutions.pt\/raformacao-atendimento-gerentes-de-lojascunho-automatico\/","url":"https:\/\/3solutions.pt\/raformacao-atendimento-gerentes-de-lojascunho-automatico\/","name":"Forma\u00e7\u00e3o em Atendimento e Experi\u00eancia do Cliente para Gerentes de Loja | 3Solutions","isPartOf":{"@id":"https:\/\/3solutions.pt\/#website"},"primaryImageOfPage":{"@id":"https:\/\/3solutions.pt\/raformacao-atendimento-gerentes-de-lojascunho-automatico\/#primaryimage"},"image":{"@id":"https:\/\/3solutions.pt\/raformacao-atendimento-gerentes-de-lojascunho-automatico\/#primaryimage"},"thumbnailUrl":"https:\/\/3solutions.pt\/wp-content\/uploads\/2025\/12\/Formacao-em-atendimento-e-experiencia-do-cliente-para-gerentes-de-loja.-Programas-praticos-adaptados-a-realidade-de-cada-loja-equipa-e-publico-do-retalho.jpg","datePublished":"2025-12-15T12:38:22+00:00","dateModified":"2026-03-06T18:15:43+00:00","description":"Forma\u00e7\u00e3o em atendimento e experi\u00eancia do cliente para gerentes de loja. Programas pr\u00e1ticos, adaptados \u00e0 realidade de cada loja, equipa e p\u00fablico do retalho.","breadcrumb":{"@id":"https:\/\/3solutions.pt\/raformacao-atendimento-gerentes-de-lojascunho-automatico\/#breadcrumb"},"inLanguage":"en-GB","potentialAction":[{"@type":"ReadAction","target":["https:\/\/3solutions.pt\/raformacao-atendimento-gerentes-de-lojascunho-automatico\/"]}]},{"@type":"ImageObject","inLanguage":"en-GB","@id":"https:\/\/3solutions.pt\/raformacao-atendimento-gerentes-de-lojascunho-automatico\/#primaryimage","url":"https:\/\/3solutions.pt\/wp-content\/uploads\/2025\/12\/Formacao-em-atendimento-e-experiencia-do-cliente-para-gerentes-de-loja.-Programas-praticos-adaptados-a-realidade-de-cada-loja-equipa-e-publico-do-retalho.jpg","contentUrl":"https:\/\/3solutions.pt\/wp-content\/uploads\/2025\/12\/Formacao-em-atendimento-e-experiencia-do-cliente-para-gerentes-de-loja.-Programas-praticos-adaptados-a-realidade-de-cada-loja-equipa-e-publico-do-retalho.jpg","width":1500,"height":1000},{"@type":"BreadcrumbList","@id":"https:\/\/3solutions.pt\/raformacao-atendimento-gerentes-de-lojascunho-automatico\/#breadcrumb","itemListElement":[{"@type":"ListItem","position":1,"name":"In\u00edcio","item":"https:\/\/3solutions.pt\/"},{"@type":"ListItem","position":2,"name":"Forma\u00e7\u00e3o em Atendimento e Experi\u00eancia do Cliente para Gerentes de Loja"}]},{"@type":"WebSite","@id":"https:\/\/3solutions.pt\/#website","url":"https:\/\/3solutions.pt\/","name":"3Solutions Consultoria em Marketing e Gest\u00e3o","description":"Consultoria e Marketing Digital","publisher":{"@id":"https:\/\/3solutions.pt\/#organization"},"potentialAction":[{"@type":"SearchAction","target":{"@type":"EntryPoint","urlTemplate":"https:\/\/3solutions.pt\/?s={search_term_string}"},"query-input":{"@type":"PropertyValueSpecification","valueRequired":true,"valueName":"search_term_string"}}],"inLanguage":"en-GB"},{"@type":"Organization","@id":"https:\/\/3solutions.pt\/#organization","name":"3Solutions Consultoria em Marketing e Gest\u00e3o","url":"https:\/\/3solutions.pt\/","logo":{"@type":"ImageObject","inLanguage":"en-GB","@id":"https:\/\/3solutions.pt\/#\/schema\/logo\/image\/","url":"https:\/\/3solutions.pt\/wp-content\/uploads\/2025\/12\/cropped-Prancheta-1-copia-6-scaled-1.png","contentUrl":"https:\/\/3solutions.pt\/wp-content\/uploads\/2025\/12\/cropped-Prancheta-1-copia-6-scaled-1.png","width":2559,"height":855,"caption":"3Solutions Consultoria em Marketing e Gest\u00e3o"},"image":{"@id":"https:\/\/3solutions.pt\/#\/schema\/logo\/image\/"},"sameAs":["https:\/\/www.facebook.com\/share\/17VAXrDnwy\/","https:\/\/www.instagram.com\/wespeakretail?igsh=d2Y0a2RzY29nN2Fv"]}]}},"_links":{"self":[{"href":"https:\/\/3solutions.pt\/en\/wp-json\/wp\/v2\/pages\/3236","targetHints":{"allow":["GET"]}}],"collection":[{"href":"https:\/\/3solutions.pt\/en\/wp-json\/wp\/v2\/pages"}],"about":[{"href":"https:\/\/3solutions.pt\/en\/wp-json\/wp\/v2\/types\/page"}],"author":[{"embeddable":true,"href":"https:\/\/3solutions.pt\/en\/wp-json\/wp\/v2\/users\/2"}],"replies":[{"embeddable":true,"href":"https:\/\/3solutions.pt\/en\/wp-json\/wp\/v2\/comments?post=3236"}],"version-history":[{"count":10,"href":"https:\/\/3solutions.pt\/en\/wp-json\/wp\/v2\/pages\/3236\/revisions"}],"predecessor-version":[{"id":5455,"href":"https:\/\/3solutions.pt\/en\/wp-json\/wp\/v2\/pages\/3236\/revisions\/5455"}],"wp:featuredmedia":[{"embeddable":true,"href":"https:\/\/3solutions.pt\/en\/wp-json\/wp\/v2\/media\/3237"}],"wp:attachment":[{"href":"https:\/\/3solutions.pt\/en\/wp-json\/wp\/v2\/media?parent=3236"}],"curies":[{"name":"wp","href":"https:\/\/api.w.org\/{rel}","templated":true}]}}