{"id":2949,"date":"2025-12-12T22:55:01","date_gmt":"2025-12-12T22:55:01","guid":{"rendered":"https:\/\/3solutions.pt\/?page_id=2949"},"modified":"2025-12-12T23:00:42","modified_gmt":"2025-12-12T23:00:42","slug":"politicas-do-site-e-privacidade","status":"publish","type":"page","link":"https:\/\/3solutions.pt\/en\/politicas-do-site-e-privacidade\/","title":{"rendered":"Pol\u00edticas do site e privacidade"},"content":{"rendered":"<div data-elementor-type=\"wp-page\" data-elementor-id=\"2949\" class=\"elementor elementor-2949\">\n\t\t\t\t<div class=\"elementor-element elementor-element-5ca6784b e-flex e-con-boxed e-con e-parent\" data-id=\"5ca6784b\" data-element_type=\"container\" data-e-type=\"container\" data-settings=\"{&quot;background_background&quot;:&quot;classic&quot;}\">\n\t\t\t\t\t<div class=\"e-con-inner\">\n\t\t<div class=\"elementor-element elementor-element-7c670e6 e-con-full e-flex e-con e-child\" data-id=\"7c670e6\" data-element_type=\"container\" data-e-type=\"container\">\n\t\t\t\t<div class=\"elementor-element elementor-element-11985b08 elementor-widget elementor-widget-heading\" data-id=\"11985b08\" data-element_type=\"widget\" data-e-type=\"widget\" data-widget_type=\"heading.default\">\n\t\t\t\t<div class=\"elementor-widget-container\">\n\t\t\t\t\t<h1 class=\"elementor-heading-title elementor-size-default\">Pol\u00edtica de privacidade<\/h1>\t\t\t\t<\/div>\n\t\t\t\t<\/div>\n\t\t\t\t<\/div>\n\t\t\t\t\t<\/div>\n\t\t\t\t<\/div>\n\t\t<div class=\"elementor-element elementor-element-c009d36 e-flex e-con-boxed e-con e-parent\" data-id=\"c009d36\" data-element_type=\"container\" data-e-type=\"container\">\n\t\t\t\t\t<div class=\"e-con-inner\">\n\t\t\t\t<div class=\"elementor-element elementor-element-e3f1ab9 elementor-widget elementor-widget-text-editor\" data-id=\"e3f1ab9\" data-element_type=\"widget\" data-e-type=\"widget\" data-widget_type=\"text-editor.default\">\n\t\t\t\t<div class=\"elementor-widget-container\">\n\t\t\t\t\t\t\t\t\t<h2 data-start=\"119\" data-end=\"149\"><strong data-start=\"122\" data-end=\"149\">Privacy Policy<\/strong><\/h2>\n<p data-start=\"151\" data-end=\"181\"><strong data-start=\"151\" data-end=\"181\">Last updated: 12 December 2025<\/strong><\/p>\n<h3 data-start=\"183\" data-end=\"200\">1. Introduction<\/h3>\n<p data-start=\"201\" data-end=\"441\" class=\"translation-block\">3Solutions respects the privacy of its visitors and clients. This policy explains how we collect, use, store, and protect the personal data provided through our website (www.3solutions.pt).<\/p>\n<h3 data-start=\"443\" data-end=\"470\">2. Data We Collect<\/h3>\n<ul data-start=\"471\" data-end=\"727\">\n<li data-start=\"471\" data-end=\"604\">\n<p data-start=\"473\" data-end=\"604\"><strong data-start=\"473\" data-end=\"516\">Informa\u00e7\u00f5es fornecidas voluntariamente:<\/strong> nome, email, telefone, empresa, mensagens enviadas atrav\u00e9s do formul\u00e1rio de contacto.<\/p>\n<\/li>\n<li data-start=\"605\" data-end=\"727\">\n<p data-start=\"607\" data-end=\"727\"><strong data-start=\"607\" data-end=\"630\">Dados de navega\u00e7\u00e3o:<\/strong> IP, tipo de navegador, p\u00e1ginas visitadas, tempo de perman\u00eancia, cookies e tecnologias similares.<\/p>\n<\/li>\n<\/ul>\n<h3 data-start=\"729\" data-end=\"756\">3. Use of Data<\/h3>\n<p data-start=\"757\" data-end=\"781\">We collect data in order to:<\/p>\n<ul data-start=\"782\" data-end=\"998\">\n<li data-start=\"782\" data-end=\"834\">\n<p data-start=\"784\" data-end=\"834\">Respond to enquiries and requests for information<\/p>\n<\/li>\n<li data-start=\"835\" data-end=\"911\">\n<p data-start=\"837\" data-end=\"911\">Send newsletters, promotions, and relevant content (with consent)<\/p>\n<\/li>\n<li data-start=\"912\" data-end=\"970\">\n<p data-start=\"914\" data-end=\"970\">Improve the user experience and optimise the website<\/p>\n<\/li>\n<li data-start=\"971\" data-end=\"998\">\n<p data-start=\"973\" data-end=\"998\">Comply with legal obligations<\/p>\n<\/li>\n<\/ul>\n<h3 data-start=\"1000\" data-end=\"1040\">4. Cookies and Tracking Tools<\/h3>\n<p data-start=\"1041\" data-end=\"1254\">We use cookies and tools such as Google Analytics and Meta Pixel to analyse traffic, personalise content, and deliver marketing campaigns. Users may manage or disable cookies through their browser settings.<\/p>\n<h3 data-start=\"1256\" data-end=\"1280\">5. Data Protection<\/h3>\n<p data-start=\"1281\" data-end=\"1418\">We adopt technical and organisational measures to protect personal data against<\/p>\n<h3 data-start=\"1420\" data-end=\"1452\">6. User Rights<\/h3>\n<p data-start=\"1453\" data-end=\"1485\">Users have the right to:<\/p>\n<ul data-start=\"1486\" data-end=\"1647\">\n<li data-start=\"1486\" data-end=\"1541\">\n<p data-start=\"1488\" data-end=\"1541\">Aceder, corrigir ou eliminar os seus dados pessoais<\/p>\n<\/li>\n<li data-start=\"1542\" data-end=\"1586\">\n<p data-start=\"1544\" data-end=\"1586\">Withdraw consent at any time<\/p>\n<\/li>\n<li data-start=\"1587\" data-end=\"1647\">\n<p data-start=\"1589\" data-end=\"1647\">Object to the processing of data for direct marketing purposes<\/p>\n<\/li>\n<\/ul>\n<h3 data-start=\"1649\" data-end=\"1673\">7. Data Sharing<\/h3>\n<p data-start=\"1674\" data-end=\"1845\">We do not sell personal data. We may share information with service providers (e.g. hosting and marketing tools) that are compliant with the GDPR.<\/p>\n<h3 data-start=\"1847\" data-end=\"1874\">8. Data Retention<\/h3>\n<p data-start=\"1875\" data-end=\"2019\">Personal data is retained only for as long as necessary to fulfil the purposes outlined in this policy or as required by law.<\/p>\n<h3 data-start=\"2021\" data-end=\"2037\">9. Contact Details<\/h3>\n<p data-start=\"2038\" data-end=\"2182\">Para quest\u00f5es sobre privacidade ou para exercer os seus direitos, contacte-nos:<br data-start=\"2117\" data-end=\"2120\"><strong data-start=\"2120\" data-end=\"2130\">Email:<\/strong> <a class=\"decorated-link cursor-pointer\" rel=\"noopener\" data-start=\"2131\" data-end=\"2152\">consultoria@3solutions.pt<\/a><br data-start=\"2152\" data-end=\"2155\"><strong data-start=\"2155\" data-end=\"2168\">Telefone:<\/strong> +351 918880051<\/p>\t\t\t\t\t\t\t\t<\/div>\n\t\t\t\t<\/div>\n\t\t\t\t\t<\/div>\n\t\t\t\t<\/div>\n\t\t\t\t<\/div>","protected":false},"excerpt":{"rendered":"<p>Pol\u00edtica de privacidade Pol\u00edtica de Privacidade \u00daltima atualiza\u00e7\u00e3o: 12\/12\/25 1. Introdu\u00e7\u00e3o A 3Solutions respeita a privacidade dos seus visitantes e clientes. Esta pol\u00edtica descreve como recolhemos, utilizamos, armazenamos e protegemos os dados pessoais fornecidos no nosso website (www.3solutions.pt). 2. Dados que Recolhemos Informa\u00e7\u00f5es fornecidas voluntariamente: nome, email, telefone, empresa, mensagens enviadas atrav\u00e9s do formul\u00e1rio de [&hellip;]<\/p>\n","protected":false},"author":2,"featured_media":0,"parent":0,"menu_order":0,"comment_status":"closed","ping_status":"closed","template":"","meta":{"site-sidebar-layout":"no-sidebar","site-content-layout":"page-builder","ast-site-content-layout":"full-width-container","site-content-style":"default","site-sidebar-style":"default","ast-global-header-display":"","ast-banner-title-visibility":"","ast-main-header-display":"","ast-hfb-above-header-display":"","ast-hfb-below-header-display":"","ast-hfb-mobile-header-display":"","site-post-title":"disabled","ast-breadcrumbs-content":"","ast-featured-img":"disabled","footer-sml-layout":"","ast-disable-related-posts":"","theme-transparent-header-meta":"","adv-header-id-meta":"","stick-header-meta":"","header-above-stick-meta":"","header-main-stick-meta":"","header-below-stick-meta":"","astra-migrate-meta-layouts":"set","ast-page-background-enabled":"default","ast-page-background-meta":{"desktop":{"background-color":"","background-image":"","background-repeat":"repeat","background-position":"center center","background-size":"auto","background-attachment":"scroll","background-type":"","background-media":"","overlay-type":"","overlay-color":"","overlay-opacity":"","overlay-gradient":""},"tablet":{"background-color":"","background-image":"","background-repeat":"repeat","background-position":"center center","background-size":"auto","background-attachment":"scroll","background-type":"","background-media":"","overlay-type":"","overlay-color":"","overlay-opacity":"","overlay-gradient":""},"mobile":{"background-color":"","background-image":"","background-repeat":"repeat","background-position":"center center","background-size":"auto","background-attachment":"scroll","background-type":"","background-media":"","overlay-type":"","overlay-color":"","overlay-opacity":"","overlay-gradient":""}},"ast-content-background-meta":{"desktop":{"background-color":"var(--ast-global-color-5)","background-image":"","background-repeat":"repeat","background-position":"center center","background-size":"auto","background-attachment":"scroll","background-type":"","background-media":"","overlay-type":"","overlay-color":"","overlay-opacity":"","overlay-gradient":""},"tablet":{"background-color":"var(--ast-global-color-5)","background-image":"","background-repeat":"repeat","background-position":"center center","background-size":"auto","background-attachment":"scroll","background-type":"","background-media":"","overlay-type":"","overlay-color":"","overlay-opacity":"","overlay-gradient":""},"mobile":{"background-color":"var(--ast-global-color-5)","background-image":"","background-repeat":"repeat","background-position":"center center","background-size":"auto","background-attachment":"scroll","background-type":"","background-media":"","overlay-type":"","overlay-color":"","overlay-opacity":"","overlay-gradient":""}},"footnotes":""},"class_list":["post-2949","page","type-page","status-publish","hentry"],"yoast_head":"<!-- This site is optimized with the Yoast SEO plugin v27.5 - https:\/\/yoast.com\/product\/yoast-seo-wordpress\/ -->\n<title>Pol\u00edticas do site e privacidade - 3Solutions Consultoria em Marketing e Gest\u00e3o<\/title>\n<meta name=\"robots\" content=\"index, follow, max-snippet:-1, max-image-preview:large, max-video-preview:-1\" \/>\n<link rel=\"canonical\" href=\"https:\/\/3solutions.pt\/en\/politicas-do-site-e-privacidade\/\" \/>\n<meta property=\"og:locale\" content=\"en_GB\" \/>\n<meta property=\"og:type\" content=\"article\" \/>\n<meta property=\"og:title\" content=\"Pol\u00edticas do site e privacidade - 3Solutions Consultoria em Marketing e Gest\u00e3o\" \/>\n<meta property=\"og:description\" content=\"Pol\u00edtica de privacidade Pol\u00edtica de Privacidade \u00daltima atualiza\u00e7\u00e3o: 12\/12\/25 1. Introdu\u00e7\u00e3o A 3Solutions respeita a privacidade dos seus visitantes e clientes. Esta pol\u00edtica descreve como recolhemos, utilizamos, armazenamos e protegemos os dados pessoais fornecidos no nosso website (www.3solutions.pt). 2. Dados que Recolhemos Informa\u00e7\u00f5es fornecidas voluntariamente: nome, email, telefone, empresa, mensagens enviadas atrav\u00e9s do formul\u00e1rio de [&hellip;]\" \/>\n<meta property=\"og:url\" content=\"https:\/\/3solutions.pt\/en\/politicas-do-site-e-privacidade\/\" \/>\n<meta property=\"og:site_name\" content=\"3Solutions Consultoria em Marketing e Gest\u00e3o\" \/>\n<meta property=\"article:publisher\" content=\"https:\/\/www.facebook.com\/share\/17VAXrDnwy\/\" \/>\n<meta property=\"article:modified_time\" content=\"2025-12-12T23:00:42+00:00\" \/>\n<meta name=\"twitter:card\" content=\"summary_large_image\" \/>\n<meta name=\"twitter:label1\" content=\"Estimated reading time\" \/>\n\t<meta name=\"twitter:data1\" content=\"2 minutes\" \/>\n<script type=\"application\/ld+json\" class=\"yoast-schema-graph\">{\"@context\":\"https:\\\/\\\/schema.org\",\"@graph\":[{\"@type\":\"WebPage\",\"@id\":\"https:\\\/\\\/3solutions.pt\\\/politicas-do-site-e-privacidade\\\/\",\"url\":\"https:\\\/\\\/3solutions.pt\\\/politicas-do-site-e-privacidade\\\/\",\"name\":\"Pol\u00edticas do site e privacidade - 3Solutions Consultoria em Marketing e Gest\u00e3o\",\"isPartOf\":{\"@id\":\"https:\\\/\\\/3solutions.pt\\\/#website\"},\"datePublished\":\"2025-12-12T22:55:01+00:00\",\"dateModified\":\"2025-12-12T23:00:42+00:00\",\"breadcrumb\":{\"@id\":\"https:\\\/\\\/3solutions.pt\\\/politicas-do-site-e-privacidade\\\/#breadcrumb\"},\"inLanguage\":\"en-GB\",\"potentialAction\":[{\"@type\":\"ReadAction\",\"target\":[\"https:\\\/\\\/3solutions.pt\\\/politicas-do-site-e-privacidade\\\/\"]}]},{\"@type\":\"BreadcrumbList\",\"@id\":\"https:\\\/\\\/3solutions.pt\\\/politicas-do-site-e-privacidade\\\/#breadcrumb\",\"itemListElement\":[{\"@type\":\"ListItem\",\"position\":1,\"name\":\"In\u00edcio\",\"item\":\"https:\\\/\\\/3solutions.pt\\\/\"},{\"@type\":\"ListItem\",\"position\":2,\"name\":\"Pol\u00edticas do site e privacidade\"}]},{\"@type\":\"WebSite\",\"@id\":\"https:\\\/\\\/3solutions.pt\\\/#website\",\"url\":\"https:\\\/\\\/3solutions.pt\\\/\",\"name\":\"3Solutions Consultoria em Marketing e Gest\u00e3o\",\"description\":\"Consultoria e Marketing Digital\",\"publisher\":{\"@id\":\"https:\\\/\\\/3solutions.pt\\\/#organization\"},\"potentialAction\":[{\"@type\":\"SearchAction\",\"target\":{\"@type\":\"EntryPoint\",\"urlTemplate\":\"https:\\\/\\\/3solutions.pt\\\/?s={search_term_string}\"},\"query-input\":{\"@type\":\"PropertyValueSpecification\",\"valueRequired\":true,\"valueName\":\"search_term_string\"}}],\"inLanguage\":\"en-GB\"},{\"@type\":\"Organization\",\"@id\":\"https:\\\/\\\/3solutions.pt\\\/#organization\",\"name\":\"3Solutions Consultoria em Marketing e Gest\u00e3o\",\"url\":\"https:\\\/\\\/3solutions.pt\\\/\",\"logo\":{\"@type\":\"ImageObject\",\"inLanguage\":\"en-GB\",\"@id\":\"https:\\\/\\\/3solutions.pt\\\/#\\\/schema\\\/logo\\\/image\\\/\",\"url\":\"https:\\\/\\\/3solutions.pt\\\/wp-content\\\/uploads\\\/2025\\\/12\\\/cropped-Prancheta-1-copia-6-scaled-1.png\",\"contentUrl\":\"https:\\\/\\\/3solutions.pt\\\/wp-content\\\/uploads\\\/2025\\\/12\\\/cropped-Prancheta-1-copia-6-scaled-1.png\",\"width\":2559,\"height\":855,\"caption\":\"3Solutions Consultoria em Marketing e Gest\u00e3o\"},\"image\":{\"@id\":\"https:\\\/\\\/3solutions.pt\\\/#\\\/schema\\\/logo\\\/image\\\/\"},\"sameAs\":[\"https:\\\/\\\/www.facebook.com\\\/share\\\/17VAXrDnwy\\\/\",\"https:\\\/\\\/www.instagram.com\\\/wespeakretail?igsh=d2Y0a2RzY29nN2Fv\"]}]}<\/script>\n<!-- \/ Yoast SEO plugin. -->","yoast_head_json":{"title":"Pol\u00edticas do site e privacidade - 3Solutions Consultoria em Marketing e Gest\u00e3o","robots":{"index":"index","follow":"follow","max-snippet":"max-snippet:-1","max-image-preview":"max-image-preview:large","max-video-preview":"max-video-preview:-1"},"canonical":"https:\/\/3solutions.pt\/en\/politicas-do-site-e-privacidade\/","og_locale":"en_GB","og_type":"article","og_title":"Pol\u00edticas do site e privacidade - 3Solutions Consultoria em Marketing e Gest\u00e3o","og_description":"Pol\u00edtica de privacidade Pol\u00edtica de Privacidade \u00daltima atualiza\u00e7\u00e3o: 12\/12\/25 1. Introdu\u00e7\u00e3o A 3Solutions respeita a privacidade dos seus visitantes e clientes. Esta pol\u00edtica descreve como recolhemos, utilizamos, armazenamos e protegemos os dados pessoais fornecidos no nosso website (www.3solutions.pt). 2. Dados que Recolhemos Informa\u00e7\u00f5es fornecidas voluntariamente: nome, email, telefone, empresa, mensagens enviadas atrav\u00e9s do formul\u00e1rio de [&hellip;]","og_url":"https:\/\/3solutions.pt\/en\/politicas-do-site-e-privacidade\/","og_site_name":"3Solutions Consultoria em Marketing e Gest\u00e3o","article_publisher":"https:\/\/www.facebook.com\/share\/17VAXrDnwy\/","article_modified_time":"2025-12-12T23:00:42+00:00","twitter_card":"summary_large_image","twitter_misc":{"Estimated reading time":"2 minutes"},"schema":{"@context":"https:\/\/schema.org","@graph":[{"@type":"WebPage","@id":"https:\/\/3solutions.pt\/politicas-do-site-e-privacidade\/","url":"https:\/\/3solutions.pt\/politicas-do-site-e-privacidade\/","name":"Pol\u00edticas do site e privacidade - 3Solutions Consultoria em Marketing e Gest\u00e3o","isPartOf":{"@id":"https:\/\/3solutions.pt\/#website"},"datePublished":"2025-12-12T22:55:01+00:00","dateModified":"2025-12-12T23:00:42+00:00","breadcrumb":{"@id":"https:\/\/3solutions.pt\/politicas-do-site-e-privacidade\/#breadcrumb"},"inLanguage":"en-GB","potentialAction":[{"@type":"ReadAction","target":["https:\/\/3solutions.pt\/politicas-do-site-e-privacidade\/"]}]},{"@type":"BreadcrumbList","@id":"https:\/\/3solutions.pt\/politicas-do-site-e-privacidade\/#breadcrumb","itemListElement":[{"@type":"ListItem","position":1,"name":"In\u00edcio","item":"https:\/\/3solutions.pt\/"},{"@type":"ListItem","position":2,"name":"Pol\u00edticas do site e privacidade"}]},{"@type":"WebSite","@id":"https:\/\/3solutions.pt\/#website","url":"https:\/\/3solutions.pt\/","name":"3Solutions Consultoria em Marketing e Gest\u00e3o","description":"Consultoria e Marketing Digital","publisher":{"@id":"https:\/\/3solutions.pt\/#organization"},"potentialAction":[{"@type":"SearchAction","target":{"@type":"EntryPoint","urlTemplate":"https:\/\/3solutions.pt\/?s={search_term_string}"},"query-input":{"@type":"PropertyValueSpecification","valueRequired":true,"valueName":"search_term_string"}}],"inLanguage":"en-GB"},{"@type":"Organization","@id":"https:\/\/3solutions.pt\/#organization","name":"3Solutions Consultoria em Marketing e Gest\u00e3o","url":"https:\/\/3solutions.pt\/","logo":{"@type":"ImageObject","inLanguage":"en-GB","@id":"https:\/\/3solutions.pt\/#\/schema\/logo\/image\/","url":"https:\/\/3solutions.pt\/wp-content\/uploads\/2025\/12\/cropped-Prancheta-1-copia-6-scaled-1.png","contentUrl":"https:\/\/3solutions.pt\/wp-content\/uploads\/2025\/12\/cropped-Prancheta-1-copia-6-scaled-1.png","width":2559,"height":855,"caption":"3Solutions Consultoria em Marketing e Gest\u00e3o"},"image":{"@id":"https:\/\/3solutions.pt\/#\/schema\/logo\/image\/"},"sameAs":["https:\/\/www.facebook.com\/share\/17VAXrDnwy\/","https:\/\/www.instagram.com\/wespeakretail?igsh=d2Y0a2RzY29nN2Fv"]}]}},"_links":{"self":[{"href":"https:\/\/3solutions.pt\/en\/wp-json\/wp\/v2\/pages\/2949","targetHints":{"allow":["GET"]}}],"collection":[{"href":"https:\/\/3solutions.pt\/en\/wp-json\/wp\/v2\/pages"}],"about":[{"href":"https:\/\/3solutions.pt\/en\/wp-json\/wp\/v2\/types\/page"}],"author":[{"embeddable":true,"href":"https:\/\/3solutions.pt\/en\/wp-json\/wp\/v2\/users\/2"}],"replies":[{"embeddable":true,"href":"https:\/\/3solutions.pt\/en\/wp-json\/wp\/v2\/comments?post=2949"}],"version-history":[{"count":4,"href":"https:\/\/3solutions.pt\/en\/wp-json\/wp\/v2\/pages\/2949\/revisions"}],"predecessor-version":[{"id":2954,"href":"https:\/\/3solutions.pt\/en\/wp-json\/wp\/v2\/pages\/2949\/revisions\/2954"}],"wp:attachment":[{"href":"https:\/\/3solutions.pt\/en\/wp-json\/wp\/v2\/media?parent=2949"}],"curies":[{"name":"wp","href":"https:\/\/api.w.org\/{rel}","templated":true}]}}