{"id":1789,"date":"2025-12-06T18:13:20","date_gmt":"2025-12-06T18:13:20","guid":{"rendered":"https:\/\/3solutions.pt\/?page_id=1789"},"modified":"2025-12-16T11:12:50","modified_gmt":"2025-12-16T11:12:50","slug":"agendar-um-diagnostico-gratuito-de-consultoria-em-gestao-e-marketing","status":"publish","type":"page","link":"https:\/\/3solutions.pt\/en\/agendar-um-diagnostico-gratuito-de-consultoria-em-gestao-e-marketing\/","title":{"rendered":"Agendar um diagn\u00f3stico gratuito de consultoria em gest\u00e3o e marketing"},"content":{"rendered":"<div data-elementor-type=\"wp-page\" data-elementor-id=\"1789\" class=\"elementor elementor-1789\">\n\t\t\t\t<div class=\"elementor-element elementor-element-de90a94 e-flex e-con-boxed e-con e-parent\" data-id=\"de90a94\" data-element_type=\"container\" data-e-type=\"container\">\n\t\t\t\t\t<div class=\"e-con-inner\">\n\t\t<div class=\"elementor-element elementor-element-987c5e7 e-grid e-con-full e-con e-child\" data-id=\"987c5e7\" data-element_type=\"container\" data-e-type=\"container\">\n\t\t\t\t<div class=\"elementor-element elementor-element-d689fa8 elementor-widget elementor-widget-image\" data-id=\"d689fa8\" data-element_type=\"widget\" data-e-type=\"widget\" data-widget_type=\"image.default\">\n\t\t\t\t<div class=\"elementor-widget-container\">\n\t\t\t\t\t\t\t\t\t\t\t\t\t\t\t<img decoding=\"async\" src=\"https:\/\/3solutions.pt\/wp-content\/uploads\/elementor\/thumbs\/logotipo-da-3solutions-consultoria-e-formacao-no-retalho-gestao-e-marketing-rfr9vkwo6wqd1fvisl8qcsr5mc175mno2vfox6am3g.png\" title=\"logotipo da 3solutions consultoria e forma\u00e7\u00e3o no retalho gest\u00e3o e marketing\" alt=\"logotipo da 3solutions consultoria e forma\u00e7\u00e3o no retalho gest\u00e3o e marketing\" loading=\"lazy\" \/>\t\t\t\t\t\t\t\t\t\t\t\t\t\t\t<\/div>\n\t\t\t\t<\/div>\n\t\t\t\t<div class=\"elementor-element elementor-element-291246c elementor-widget elementor-widget-heading\" data-id=\"291246c\" data-element_type=\"widget\" data-e-type=\"widget\" data-widget_type=\"heading.default\">\n\t\t\t\t<div class=\"elementor-widget-container\">\n\t\t\t\t\t<h2 class=\"elementor-heading-title elementor-size-default\">Book a free diagnostic and discover how to improve your results.<\/h2>\t\t\t\t<\/div>\n\t\t\t\t<\/div>\n\t\t\t\t<\/div>\n\t\t\t\t\t<\/div>\n\t\t\t\t<\/div>\n\t\t<div class=\"elementor-element elementor-element-4589a2f e-flex e-con-boxed e-con e-parent\" data-id=\"4589a2f\" data-element_type=\"container\" data-e-type=\"container\">\n\t\t\t\t\t<div class=\"e-con-inner\">\n\t\t\t\t<div class=\"elementor-element elementor-element-ed157b1 elementor-widget elementor-widget-shortcode\" data-id=\"ed157b1\" data-element_type=\"widget\" data-e-type=\"widget\" data-widget_type=\"shortcode.default\">\n\t\t\t\t<div class=\"elementor-widget-container\">\n\t\t\t\t\t\t\t<div class=\"elementor-shortcode\"> <iframe src=\"https:\/\/3solutions.pt\/en\/wp-json\/ssa\/v1\/embed-inner?integration&type=free-marketing-business-diagnostic&label&types=2&edit&view&payment_provider&ssa_locale=en_GB&ssa_is_rtl&sid=d45caf856a883b2e16d9ba3e3dc166f69d92b74c&availability_start_date&availability_end_date&suggest_first_available&suggest_first_available_within_minutes&flow&fallback_flow&time_view&date_view&appointment_types_view&version&accent_color&background&padding&font&booking_url=https%3A%2F%2F3solutions.pt%2Fen%2Fagendar-um-diagnostico-gratuito-de-consultoria-em-gestao-e-marketing%2F&booking_post_id=1789&booking_title=Agendar+um+diagn%C3%B3stico+gratuito+de+consultoria+em+gest%C3%A3o+e+marketing&_wpnonce=85636befc3&redirect_post_id&defer&hide_header&mepr_membership_id#\/\" height=\"400px\" width=\"100%\" name=\"ssa_booking\" loading=\"eager\" frameborder=\"0\" data-skip-lazy=\"1\" class=\"ssa_booking_iframe skip-lazy\" title=\"Book a time\"><\/iframe> <\/div>\n\t\t\t\t\t\t<\/div>\n\t\t\t\t<\/div>\n\t\t\t\t\t<\/div>\n\t\t\t\t<\/div>\n\t\t\t\t<\/div>","protected":false},"excerpt":{"rendered":"<p>Book a free diagnostic and discover how to improve your results.<\/p>","protected":false},"author":2,"featured_media":0,"parent":0,"menu_order":0,"comment_status":"closed","ping_status":"closed","template":"","meta":{"site-sidebar-layout":"no-sidebar","site-content-layout":"page-builder","ast-site-content-layout":"full-width-container","site-content-style":"default","site-sidebar-style":"default","ast-global-header-display":"disabled","ast-banner-title-visibility":"","ast-main-header-display":"","ast-hfb-above-header-display":"","ast-hfb-below-header-display":"","ast-hfb-mobile-header-display":"","site-post-title":"disabled","ast-breadcrumbs-content":"","ast-featured-img":"disabled","footer-sml-layout":"","ast-disable-related-posts":"","theme-transparent-header-meta":"","adv-header-id-meta":"","stick-header-meta":"","header-above-stick-meta":"","header-main-stick-meta":"","header-below-stick-meta":"","astra-migrate-meta-layouts":"set","ast-page-background-enabled":"default","ast-page-background-meta":{"desktop":{"background-color":"","background-image":"","background-repeat":"repeat","background-position":"center center","background-size":"auto","background-attachment":"scroll","background-type":"","background-media":"","overlay-type":"","overlay-color":"","overlay-opacity":"","overlay-gradient":""},"tablet":{"background-color":"","background-image":"","background-repeat":"repeat","background-position":"center center","background-size":"auto","background-attachment":"scroll","background-type":"","background-media":"","overlay-type":"","overlay-color":"","overlay-opacity":"","overlay-gradient":""},"mobile":{"background-color":"","background-image":"","background-repeat":"repeat","background-position":"center center","background-size":"auto","background-attachment":"scroll","background-type":"","background-media":"","overlay-type":"","overlay-color":"","overlay-opacity":"","overlay-gradient":""}},"ast-content-background-meta":{"desktop":{"background-color":"var(--ast-global-color-5)","background-image":"","background-repeat":"repeat","background-position":"center center","background-size":"auto","background-attachment":"scroll","background-type":"","background-media":"","overlay-type":"","overlay-color":"","overlay-opacity":"","overlay-gradient":""},"tablet":{"background-color":"var(--ast-global-color-5)","background-image":"","background-repeat":"repeat","background-position":"center center","background-size":"auto","background-attachment":"scroll","background-type":"","background-media":"","overlay-type":"","overlay-color":"","overlay-opacity":"","overlay-gradient":""},"mobile":{"background-color":"var(--ast-global-color-5)","background-image":"","background-repeat":"repeat","background-position":"center center","background-size":"auto","background-attachment":"scroll","background-type":"","background-media":"","overlay-type":"","overlay-color":"","overlay-opacity":"","overlay-gradient":""}},"footnotes":""},"class_list":["post-1789","page","type-page","status-publish","hentry"],"yoast_head":"<!-- This site is optimized with the Yoast SEO plugin v27.5 - https:\/\/yoast.com\/product\/yoast-seo-wordpress\/ -->\n<title>Agendar um diagn\u00f3stico gratuito de consultoria em gest\u00e3o e marketing - 3Solutions Consultoria em Marketing e Gest\u00e3o<\/title>\n<meta name=\"robots\" content=\"index, follow, max-snippet:-1, max-image-preview:large, max-video-preview:-1\" \/>\n<link rel=\"canonical\" href=\"https:\/\/3solutions.pt\/en\/agendar-um-diagnostico-gratuito-de-consultoria-em-gestao-e-marketing\/\" \/>\n<meta property=\"og:locale\" content=\"en_GB\" \/>\n<meta property=\"og:type\" content=\"article\" \/>\n<meta property=\"og:title\" content=\"Agendar um diagn\u00f3stico gratuito de consultoria em gest\u00e3o e marketing - 3Solutions Consultoria em Marketing e Gest\u00e3o\" \/>\n<meta property=\"og:description\" content=\"Marque um diagn\u00f3stico gratuito e descubra como melhorar os seus resultados\" \/>\n<meta property=\"og:url\" content=\"https:\/\/3solutions.pt\/en\/agendar-um-diagnostico-gratuito-de-consultoria-em-gestao-e-marketing\/\" \/>\n<meta property=\"og:site_name\" content=\"3Solutions Consultoria em Marketing e Gest\u00e3o\" \/>\n<meta property=\"article:publisher\" content=\"https:\/\/www.facebook.com\/share\/17VAXrDnwy\/\" \/>\n<meta property=\"article:modified_time\" content=\"2025-12-16T11:12:50+00:00\" \/>\n<meta property=\"og:image\" content=\"https:\/\/3solutions.pt\/wp-content\/uploads\/elementor\/thumbs\/logotipo-da-3solutions-consultoria-e-formacao-no-retalho-gestao-e-marketing-rfr9vkwo6wqd1fvisl8qcsr5mc175mno2vfox6am3g.png\" \/>\n<meta name=\"twitter:card\" content=\"summary_large_image\" \/>\n<meta name=\"twitter:label1\" content=\"Estimated reading time\" \/>\n\t<meta name=\"twitter:data1\" content=\"1 minute\" \/>\n<script type=\"application\/ld+json\" class=\"yoast-schema-graph\">{\"@context\":\"https:\\\/\\\/schema.org\",\"@graph\":[{\"@type\":\"WebPage\",\"@id\":\"https:\\\/\\\/3solutions.pt\\\/agendar-um-diagnostico-gratuito-de-consultoria-em-gestao-e-marketing\\\/\",\"url\":\"https:\\\/\\\/3solutions.pt\\\/agendar-um-diagnostico-gratuito-de-consultoria-em-gestao-e-marketing\\\/\",\"name\":\"Agendar um diagn\u00f3stico gratuito de consultoria em gest\u00e3o e marketing - 3Solutions Consultoria em Marketing e Gest\u00e3o\",\"isPartOf\":{\"@id\":\"https:\\\/\\\/3solutions.pt\\\/#website\"},\"primaryImageOfPage\":{\"@id\":\"https:\\\/\\\/3solutions.pt\\\/agendar-um-diagnostico-gratuito-de-consultoria-em-gestao-e-marketing\\\/#primaryimage\"},\"image\":{\"@id\":\"https:\\\/\\\/3solutions.pt\\\/agendar-um-diagnostico-gratuito-de-consultoria-em-gestao-e-marketing\\\/#primaryimage\"},\"thumbnailUrl\":\"https:\\\/\\\/3solutions.pt\\\/wp-content\\\/uploads\\\/elementor\\\/thumbs\\\/logotipo-da-3solutions-consultoria-e-formacao-no-retalho-gestao-e-marketing-rfr9vkwo6wqd1fvisl8qcsr5mc175mno2vfox6am3g.png\",\"datePublished\":\"2025-12-06T18:13:20+00:00\",\"dateModified\":\"2025-12-16T11:12:50+00:00\",\"breadcrumb\":{\"@id\":\"https:\\\/\\\/3solutions.pt\\\/agendar-um-diagnostico-gratuito-de-consultoria-em-gestao-e-marketing\\\/#breadcrumb\"},\"inLanguage\":\"en-GB\",\"potentialAction\":[{\"@type\":\"ReadAction\",\"target\":[\"https:\\\/\\\/3solutions.pt\\\/agendar-um-diagnostico-gratuito-de-consultoria-em-gestao-e-marketing\\\/\"]}]},{\"@type\":\"ImageObject\",\"inLanguage\":\"en-GB\",\"@id\":\"https:\\\/\\\/3solutions.pt\\\/agendar-um-diagnostico-gratuito-de-consultoria-em-gestao-e-marketing\\\/#primaryimage\",\"url\":\"https:\\\/\\\/3solutions.pt\\\/wp-content\\\/uploads\\\/elementor\\\/thumbs\\\/logotipo-da-3solutions-consultoria-e-formacao-no-retalho-gestao-e-marketing-rfr9vkwo6wqd1fvisl8qcsr5mc175mno2vfox6am3g.png\",\"contentUrl\":\"https:\\\/\\\/3solutions.pt\\\/wp-content\\\/uploads\\\/elementor\\\/thumbs\\\/logotipo-da-3solutions-consultoria-e-formacao-no-retalho-gestao-e-marketing-rfr9vkwo6wqd1fvisl8qcsr5mc175mno2vfox6am3g.png\"},{\"@type\":\"BreadcrumbList\",\"@id\":\"https:\\\/\\\/3solutions.pt\\\/agendar-um-diagnostico-gratuito-de-consultoria-em-gestao-e-marketing\\\/#breadcrumb\",\"itemListElement\":[{\"@type\":\"ListItem\",\"position\":1,\"name\":\"In\u00edcio\",\"item\":\"https:\\\/\\\/3solutions.pt\\\/\"},{\"@type\":\"ListItem\",\"position\":2,\"name\":\"Agendar um diagn\u00f3stico gratuito de consultoria em gest\u00e3o e marketing\"}]},{\"@type\":\"WebSite\",\"@id\":\"https:\\\/\\\/3solutions.pt\\\/#website\",\"url\":\"https:\\\/\\\/3solutions.pt\\\/\",\"name\":\"3Solutions Consultoria em Marketing e Gest\u00e3o\",\"description\":\"Consultoria e Marketing Digital\",\"publisher\":{\"@id\":\"https:\\\/\\\/3solutions.pt\\\/#organization\"},\"potentialAction\":[{\"@type\":\"SearchAction\",\"target\":{\"@type\":\"EntryPoint\",\"urlTemplate\":\"https:\\\/\\\/3solutions.pt\\\/?s={search_term_string}\"},\"query-input\":{\"@type\":\"PropertyValueSpecification\",\"valueRequired\":true,\"valueName\":\"search_term_string\"}}],\"inLanguage\":\"en-GB\"},{\"@type\":\"Organization\",\"@id\":\"https:\\\/\\\/3solutions.pt\\\/#organization\",\"name\":\"3Solutions Consultoria em Marketing e Gest\u00e3o\",\"url\":\"https:\\\/\\\/3solutions.pt\\\/\",\"logo\":{\"@type\":\"ImageObject\",\"inLanguage\":\"en-GB\",\"@id\":\"https:\\\/\\\/3solutions.pt\\\/#\\\/schema\\\/logo\\\/image\\\/\",\"url\":\"https:\\\/\\\/3solutions.pt\\\/wp-content\\\/uploads\\\/2025\\\/12\\\/cropped-Prancheta-1-copia-6-scaled-1.png\",\"contentUrl\":\"https:\\\/\\\/3solutions.pt\\\/wp-content\\\/uploads\\\/2025\\\/12\\\/cropped-Prancheta-1-copia-6-scaled-1.png\",\"width\":2559,\"height\":855,\"caption\":\"3Solutions Consultoria em Marketing e Gest\u00e3o\"},\"image\":{\"@id\":\"https:\\\/\\\/3solutions.pt\\\/#\\\/schema\\\/logo\\\/image\\\/\"},\"sameAs\":[\"https:\\\/\\\/www.facebook.com\\\/share\\\/17VAXrDnwy\\\/\",\"https:\\\/\\\/www.instagram.com\\\/wespeakretail?igsh=d2Y0a2RzY29nN2Fv\"]}]}<\/script>\n<!-- \/ Yoast SEO plugin. -->","yoast_head_json":{"title":"Agendar um diagn\u00f3stico gratuito de consultoria em gest\u00e3o e marketing - 3Solutions Consultoria em Marketing e Gest\u00e3o","robots":{"index":"index","follow":"follow","max-snippet":"max-snippet:-1","max-image-preview":"max-image-preview:large","max-video-preview":"max-video-preview:-1"},"canonical":"https:\/\/3solutions.pt\/en\/agendar-um-diagnostico-gratuito-de-consultoria-em-gestao-e-marketing\/","og_locale":"en_GB","og_type":"article","og_title":"Agendar um diagn\u00f3stico gratuito de consultoria em gest\u00e3o e marketing - 3Solutions Consultoria em Marketing e Gest\u00e3o","og_description":"Marque um diagn\u00f3stico gratuito e descubra como melhorar os seus resultados","og_url":"https:\/\/3solutions.pt\/en\/agendar-um-diagnostico-gratuito-de-consultoria-em-gestao-e-marketing\/","og_site_name":"3Solutions Consultoria em Marketing e Gest\u00e3o","article_publisher":"https:\/\/www.facebook.com\/share\/17VAXrDnwy\/","article_modified_time":"2025-12-16T11:12:50+00:00","og_image":[{"url":"https:\/\/3solutions.pt\/wp-content\/uploads\/elementor\/thumbs\/logotipo-da-3solutions-consultoria-e-formacao-no-retalho-gestao-e-marketing-rfr9vkwo6wqd1fvisl8qcsr5mc175mno2vfox6am3g.png","type":"","width":"","height":""}],"twitter_card":"summary_large_image","twitter_misc":{"Estimated reading time":"1 minute"},"schema":{"@context":"https:\/\/schema.org","@graph":[{"@type":"WebPage","@id":"https:\/\/3solutions.pt\/agendar-um-diagnostico-gratuito-de-consultoria-em-gestao-e-marketing\/","url":"https:\/\/3solutions.pt\/agendar-um-diagnostico-gratuito-de-consultoria-em-gestao-e-marketing\/","name":"Agendar um diagn\u00f3stico gratuito de consultoria em gest\u00e3o e marketing - 3Solutions Consultoria em Marketing e Gest\u00e3o","isPartOf":{"@id":"https:\/\/3solutions.pt\/#website"},"primaryImageOfPage":{"@id":"https:\/\/3solutions.pt\/agendar-um-diagnostico-gratuito-de-consultoria-em-gestao-e-marketing\/#primaryimage"},"image":{"@id":"https:\/\/3solutions.pt\/agendar-um-diagnostico-gratuito-de-consultoria-em-gestao-e-marketing\/#primaryimage"},"thumbnailUrl":"https:\/\/3solutions.pt\/wp-content\/uploads\/elementor\/thumbs\/logotipo-da-3solutions-consultoria-e-formacao-no-retalho-gestao-e-marketing-rfr9vkwo6wqd1fvisl8qcsr5mc175mno2vfox6am3g.png","datePublished":"2025-12-06T18:13:20+00:00","dateModified":"2025-12-16T11:12:50+00:00","breadcrumb":{"@id":"https:\/\/3solutions.pt\/agendar-um-diagnostico-gratuito-de-consultoria-em-gestao-e-marketing\/#breadcrumb"},"inLanguage":"en-GB","potentialAction":[{"@type":"ReadAction","target":["https:\/\/3solutions.pt\/agendar-um-diagnostico-gratuito-de-consultoria-em-gestao-e-marketing\/"]}]},{"@type":"ImageObject","inLanguage":"en-GB","@id":"https:\/\/3solutions.pt\/agendar-um-diagnostico-gratuito-de-consultoria-em-gestao-e-marketing\/#primaryimage","url":"https:\/\/3solutions.pt\/wp-content\/uploads\/elementor\/thumbs\/logotipo-da-3solutions-consultoria-e-formacao-no-retalho-gestao-e-marketing-rfr9vkwo6wqd1fvisl8qcsr5mc175mno2vfox6am3g.png","contentUrl":"https:\/\/3solutions.pt\/wp-content\/uploads\/elementor\/thumbs\/logotipo-da-3solutions-consultoria-e-formacao-no-retalho-gestao-e-marketing-rfr9vkwo6wqd1fvisl8qcsr5mc175mno2vfox6am3g.png"},{"@type":"BreadcrumbList","@id":"https:\/\/3solutions.pt\/agendar-um-diagnostico-gratuito-de-consultoria-em-gestao-e-marketing\/#breadcrumb","itemListElement":[{"@type":"ListItem","position":1,"name":"In\u00edcio","item":"https:\/\/3solutions.pt\/"},{"@type":"ListItem","position":2,"name":"Agendar um diagn\u00f3stico gratuito de consultoria em gest\u00e3o e marketing"}]},{"@type":"WebSite","@id":"https:\/\/3solutions.pt\/#website","url":"https:\/\/3solutions.pt\/","name":"3Solutions Consultoria em Marketing e Gest\u00e3o","description":"Consultoria e Marketing Digital","publisher":{"@id":"https:\/\/3solutions.pt\/#organization"},"potentialAction":[{"@type":"SearchAction","target":{"@type":"EntryPoint","urlTemplate":"https:\/\/3solutions.pt\/?s={search_term_string}"},"query-input":{"@type":"PropertyValueSpecification","valueRequired":true,"valueName":"search_term_string"}}],"inLanguage":"en-GB"},{"@type":"Organization","@id":"https:\/\/3solutions.pt\/#organization","name":"3Solutions Consultoria em Marketing e Gest\u00e3o","url":"https:\/\/3solutions.pt\/","logo":{"@type":"ImageObject","inLanguage":"en-GB","@id":"https:\/\/3solutions.pt\/#\/schema\/logo\/image\/","url":"https:\/\/3solutions.pt\/wp-content\/uploads\/2025\/12\/cropped-Prancheta-1-copia-6-scaled-1.png","contentUrl":"https:\/\/3solutions.pt\/wp-content\/uploads\/2025\/12\/cropped-Prancheta-1-copia-6-scaled-1.png","width":2559,"height":855,"caption":"3Solutions Consultoria em Marketing e Gest\u00e3o"},"image":{"@id":"https:\/\/3solutions.pt\/#\/schema\/logo\/image\/"},"sameAs":["https:\/\/www.facebook.com\/share\/17VAXrDnwy\/","https:\/\/www.instagram.com\/wespeakretail?igsh=d2Y0a2RzY29nN2Fv"]}]}},"_links":{"self":[{"href":"https:\/\/3solutions.pt\/en\/wp-json\/wp\/v2\/pages\/1789","targetHints":{"allow":["GET"]}}],"collection":[{"href":"https:\/\/3solutions.pt\/en\/wp-json\/wp\/v2\/pages"}],"about":[{"href":"https:\/\/3solutions.pt\/en\/wp-json\/wp\/v2\/types\/page"}],"author":[{"embeddable":true,"href":"https:\/\/3solutions.pt\/en\/wp-json\/wp\/v2\/users\/2"}],"replies":[{"embeddable":true,"href":"https:\/\/3solutions.pt\/en\/wp-json\/wp\/v2\/comments?post=1789"}],"version-history":[{"count":34,"href":"https:\/\/3solutions.pt\/en\/wp-json\/wp\/v2\/pages\/1789\/revisions"}],"predecessor-version":[{"id":3486,"href":"https:\/\/3solutions.pt\/en\/wp-json\/wp\/v2\/pages\/1789\/revisions\/3486"}],"wp:attachment":[{"href":"https:\/\/3solutions.pt\/en\/wp-json\/wp\/v2\/media?parent=1789"}],"curies":[{"name":"wp","href":"https:\/\/api.w.org\/{rel}","templated":true}]}}